{"id":16836,"date":"2025-05-28T14:38:46","date_gmt":"2025-05-28T14:38:46","guid":{"rendered":"https:\/\/www.inno-lite.co.uk\/?post_type=product&#038;p=16836"},"modified":"2025-06-03T14:26:48","modified_gmt":"2025-06-03T14:26:48","slug":"fil-240v-eclairage-de-la-grappe-connectable","status":"publish","type":"product","link":"https:\/\/www.inno-lite.co.uk\/fr\/product\/240v-wire-cluster-light-connectable\/","title":{"rendered":"240V Wire Cluster Light (Connectable)"},"content":{"rendered":"<p><strong>Sp\u00e9cification :<\/strong><\/p>\n<table width=\"621\">\n<tbody>\n<tr>\n<td width=\"121\"><strong>Code produit<\/strong><\/td>\n<td width=\"75\"><strong>Tension<\/strong><\/td>\n<td width=\"57\"><strong>Watt<\/strong><\/td>\n<td width=\"66\"><strong>Longueur<\/strong><\/td>\n<td width=\"113\"><strong>Couleur de l'enveloppe<\/strong><\/td>\n<td width=\"142\"><strong>Couleur des LED<\/strong><\/td>\n<td width=\"47\"><strong>PI<\/strong><\/td>\n<\/tr>\n<tr>\n<td width=\"121\">L-W-3M-320WH\/WH-T<\/td>\n<td width=\"75\">240V<\/td>\n<td width=\"57\">20W<\/td>\n<td width=\"66\">3 m\u00e8tres<\/td>\n<td width=\"113\">Blanc\/Noir<\/td>\n<td width=\"142\">Blanc avec LED clignotantes<\/td>\n<td width=\"47\">IP67<\/td>\n<\/tr>\n<tr>\n<td width=\"121\">L-W-3M-320SL\/WW-T<\/td>\n<td width=\"75\">240V<\/td>\n<td width=\"57\">20W<\/td>\n<td width=\"66\">3 m\u00e8tres<\/td>\n<td width=\"113\">Blanc\/Noir<\/td>\n<td width=\"142\">Blanc chaud avec LED clignotantes<\/td>\n<td width=\"47\">IP67<\/td>\n<\/tr>\n<\/tbody>\n<\/table>\n<p>&nbsp;<\/p>","protected":false},"excerpt":{"rendered":"<p><strong>Description :<\/strong><\/p>\n<p>240V ext\u00e9rieur, faisceau lumineux connectable, l'enveloppe peut \u00eatre de couleur blanche ou noire, le fil est flexible et peut \u00eatre pli\u00e9, 3 m\u00e8tres de long, 70cm de large, 320 LED dans des capuchons concaves, connectable, IP67, utilisation int\u00e9rieure et ext\u00e9rieure.<\/p>","protected":false},"featured_media":16837,"comment_status":"closed","ping_status":"closed","template":"","meta":{"_acf_changed":false},"product_brand":[],"product_cat":[72],"product_tag":[125],"class_list":{"0":"post-16836","1":"product","2":"type-product","3":"status-publish","4":"has-post-thumbnail","6":"product_cat-festive-lighting","7":"product_tag-featured","9":"first","10":"instock","11":"shipping-taxable","12":"product-type-simple"},"acf":[],"yoast_head":"<!-- This site is optimized with the Yoast SEO plugin v27.2 - https:\/\/yoast.com\/product\/yoast-seo-wordpress\/ -->\n<title>240V Wire Cluster Light (Connectable) - Inno Lite<\/title>\n<meta name=\"robots\" content=\"index, follow, max-snippet:-1, max-image-preview:large, max-video-preview:-1\" \/>\n<link rel=\"canonical\" href=\"https:\/\/www.inno-lite.co.uk\/fr\/produit\/fil-240v-eclairage-de-la-grappe-connectable\/\" \/>\n<meta property=\"og:locale\" content=\"fr_FR\" \/>\n<meta property=\"og:type\" content=\"article\" \/>\n<meta property=\"og:title\" content=\"240V Wire Cluster Light (Connectable) - Inno Lite\" \/>\n<meta property=\"og:description\" content=\"Description:  240V outdoor connectable wire cluster light, wrap can be in white or black colour, wire is flexible and can be folded, 3 metre long, 70cm width, 320 LEDs in concave caps, connectable, IP67, indoor and outdoor use\" \/>\n<meta property=\"og:url\" content=\"https:\/\/www.inno-lite.co.uk\/fr\/produit\/fil-240v-eclairage-de-la-grappe-connectable\/\" \/>\n<meta property=\"og:site_name\" content=\"Inno Lite\" \/>\n<meta property=\"article:modified_time\" content=\"2025-06-03T14:26:48+00:00\" \/>\n<meta property=\"og:image\" content=\"https:\/\/www.inno-lite.co.uk\/wp-content\/uploads\/2025\/05\/240V-branch-light-1.jpg\" \/>\n\t<meta property=\"og:image:width\" content=\"1500\" \/>\n\t<meta property=\"og:image:height\" content=\"1500\" \/>\n\t<meta property=\"og:image:type\" content=\"image\/jpeg\" \/>\n<meta name=\"twitter:card\" content=\"summary_large_image\" \/>\n<meta name=\"twitter:label1\" content=\"Dur\u00e9e de lecture estim\u00e9e\" \/>\n\t<meta name=\"twitter:data1\" content=\"1 minute\" \/>\n<script type=\"application\/ld+json\" class=\"yoast-schema-graph\">{\"@context\":\"https:\/\/schema.org\",\"@graph\":[{\"@type\":\"WebPage\",\"@id\":\"https:\/\/www.inno-lite.co.uk\/product\/240v-wire-cluster-light-connectable\/\",\"url\":\"https:\/\/www.inno-lite.co.uk\/product\/240v-wire-cluster-light-connectable\/\",\"name\":\"240V Wire Cluster Light (Connectable) - Inno Lite\",\"isPartOf\":{\"@id\":\"https:\/\/www.inno-lite.co.uk\/#website\"},\"primaryImageOfPage\":{\"@id\":\"https:\/\/www.inno-lite.co.uk\/product\/240v-wire-cluster-light-connectable\/#primaryimage\"},\"image\":{\"@id\":\"https:\/\/www.inno-lite.co.uk\/product\/240v-wire-cluster-light-connectable\/#primaryimage\"},\"thumbnailUrl\":\"https:\/\/www.inno-lite.co.uk\/wp-content\/uploads\/2025\/05\/240V-branch-light-1.jpg\",\"datePublished\":\"2025-05-28T14:38:46+00:00\",\"dateModified\":\"2025-06-03T14:26:48+00:00\",\"breadcrumb\":{\"@id\":\"https:\/\/www.inno-lite.co.uk\/product\/240v-wire-cluster-light-connectable\/#breadcrumb\"},\"inLanguage\":\"fr-FR\",\"potentialAction\":[{\"@type\":\"ReadAction\",\"target\":[\"https:\/\/www.inno-lite.co.uk\/product\/240v-wire-cluster-light-connectable\/\"]}]},{\"@type\":\"ImageObject\",\"inLanguage\":\"fr-FR\",\"@id\":\"https:\/\/www.inno-lite.co.uk\/product\/240v-wire-cluster-light-connectable\/#primaryimage\",\"url\":\"https:\/\/www.inno-lite.co.uk\/wp-content\/uploads\/2025\/05\/240V-branch-light-1.jpg\",\"contentUrl\":\"https:\/\/www.inno-lite.co.uk\/wp-content\/uploads\/2025\/05\/240V-branch-light-1.jpg\",\"width\":1500,\"height\":1500},{\"@type\":\"BreadcrumbList\",\"@id\":\"https:\/\/www.inno-lite.co.uk\/product\/240v-wire-cluster-light-connectable\/#breadcrumb\",\"itemListElement\":[{\"@type\":\"ListItem\",\"position\":1,\"name\":\"Home\",\"item\":\"https:\/\/www.inno-lite.co.uk\/\"},{\"@type\":\"ListItem\",\"position\":2,\"name\":\"Shop\",\"item\":\"https:\/\/www.inno-lite.co.uk\/shop\/\"},{\"@type\":\"ListItem\",\"position\":3,\"name\":\"240V Wire Cluster Light (Connectable)\"}]},{\"@type\":\"WebSite\",\"@id\":\"https:\/\/www.inno-lite.co.uk\/#website\",\"url\":\"https:\/\/www.inno-lite.co.uk\/\",\"name\":\"Inno Lite\",\"description\":\"\",\"publisher\":{\"@id\":\"https:\/\/www.inno-lite.co.uk\/#organization\"},\"potentialAction\":[{\"@type\":\"SearchAction\",\"target\":{\"@type\":\"EntryPoint\",\"urlTemplate\":\"https:\/\/www.inno-lite.co.uk\/?s={search_term_string}\"},\"query-input\":{\"@type\":\"PropertyValueSpecification\",\"valueRequired\":true,\"valueName\":\"search_term_string\"}}],\"inLanguage\":\"fr-FR\"},{\"@type\":\"Organization\",\"@id\":\"https:\/\/www.inno-lite.co.uk\/#organization\",\"name\":\"Inno Lite\",\"url\":\"https:\/\/www.inno-lite.co.uk\/\",\"logo\":{\"@type\":\"ImageObject\",\"inLanguage\":\"fr-FR\",\"@id\":\"https:\/\/www.inno-lite.co.uk\/#\/schema\/logo\/image\/\",\"url\":\"https:\/\/www.inno-lite.co.uk\/wp-content\/uploads\/2024\/02\/Inno-Lite-Logo-Draft-Rev.webp\",\"contentUrl\":\"https:\/\/www.inno-lite.co.uk\/wp-content\/uploads\/2024\/02\/Inno-Lite-Logo-Draft-Rev.webp\",\"width\":1400,\"height\":315,\"caption\":\"Inno Lite\"},\"image\":{\"@id\":\"https:\/\/www.inno-lite.co.uk\/#\/schema\/logo\/image\/\"}}]}<\/script>\n<!-- \/ Yoast SEO plugin. -->","yoast_head_json":{"title":"240V Wire Cluster Light (Connectable) - Inno Lite","robots":{"index":"index","follow":"follow","max-snippet":"max-snippet:-1","max-image-preview":"max-image-preview:large","max-video-preview":"max-video-preview:-1"},"canonical":"https:\/\/www.inno-lite.co.uk\/fr\/produit\/fil-240v-eclairage-de-la-grappe-connectable\/","og_locale":"fr_FR","og_type":"article","og_title":"240V Wire Cluster Light (Connectable) - Inno Lite","og_description":"Description:  240V outdoor connectable wire cluster light, wrap can be in white or black colour, wire is flexible and can be folded, 3 metre long, 70cm width, 320 LEDs in concave caps, connectable, IP67, indoor and outdoor use","og_url":"https:\/\/www.inno-lite.co.uk\/fr\/produit\/fil-240v-eclairage-de-la-grappe-connectable\/","og_site_name":"Inno Lite","article_modified_time":"2025-06-03T14:26:48+00:00","og_image":[{"width":1500,"height":1500,"url":"https:\/\/www.inno-lite.co.uk\/wp-content\/uploads\/2025\/05\/240V-branch-light-1.jpg","type":"image\/jpeg"}],"twitter_card":"summary_large_image","twitter_misc":{"Dur\u00e9e de lecture estim\u00e9e":"1 minute"},"schema":{"@context":"https:\/\/schema.org","@graph":[{"@type":"WebPage","@id":"https:\/\/www.inno-lite.co.uk\/product\/240v-wire-cluster-light-connectable\/","url":"https:\/\/www.inno-lite.co.uk\/product\/240v-wire-cluster-light-connectable\/","name":"240V Wire Cluster Light (Connectable) - Inno Lite","isPartOf":{"@id":"https:\/\/www.inno-lite.co.uk\/#website"},"primaryImageOfPage":{"@id":"https:\/\/www.inno-lite.co.uk\/product\/240v-wire-cluster-light-connectable\/#primaryimage"},"image":{"@id":"https:\/\/www.inno-lite.co.uk\/product\/240v-wire-cluster-light-connectable\/#primaryimage"},"thumbnailUrl":"https:\/\/www.inno-lite.co.uk\/wp-content\/uploads\/2025\/05\/240V-branch-light-1.jpg","datePublished":"2025-05-28T14:38:46+00:00","dateModified":"2025-06-03T14:26:48+00:00","breadcrumb":{"@id":"https:\/\/www.inno-lite.co.uk\/product\/240v-wire-cluster-light-connectable\/#breadcrumb"},"inLanguage":"fr-FR","potentialAction":[{"@type":"ReadAction","target":["https:\/\/www.inno-lite.co.uk\/product\/240v-wire-cluster-light-connectable\/"]}]},{"@type":"ImageObject","inLanguage":"fr-FR","@id":"https:\/\/www.inno-lite.co.uk\/product\/240v-wire-cluster-light-connectable\/#primaryimage","url":"https:\/\/www.inno-lite.co.uk\/wp-content\/uploads\/2025\/05\/240V-branch-light-1.jpg","contentUrl":"https:\/\/www.inno-lite.co.uk\/wp-content\/uploads\/2025\/05\/240V-branch-light-1.jpg","width":1500,"height":1500},{"@type":"BreadcrumbList","@id":"https:\/\/www.inno-lite.co.uk\/product\/240v-wire-cluster-light-connectable\/#breadcrumb","itemListElement":[{"@type":"ListItem","position":1,"name":"Home","item":"https:\/\/www.inno-lite.co.uk\/"},{"@type":"ListItem","position":2,"name":"Shop","item":"https:\/\/www.inno-lite.co.uk\/shop\/"},{"@type":"ListItem","position":3,"name":"240V Wire Cluster Light (Connectable)"}]},{"@type":"WebSite","@id":"https:\/\/www.inno-lite.co.uk\/#website","url":"https:\/\/www.inno-lite.co.uk\/","name":"Inno Lite","description":"","publisher":{"@id":"https:\/\/www.inno-lite.co.uk\/#organization"},"potentialAction":[{"@type":"SearchAction","target":{"@type":"EntryPoint","urlTemplate":"https:\/\/www.inno-lite.co.uk\/?s={search_term_string}"},"query-input":{"@type":"PropertyValueSpecification","valueRequired":true,"valueName":"search_term_string"}}],"inLanguage":"fr-FR"},{"@type":"Organization","@id":"https:\/\/www.inno-lite.co.uk\/#organization","name":"Inno Lite","url":"https:\/\/www.inno-lite.co.uk\/","logo":{"@type":"ImageObject","inLanguage":"fr-FR","@id":"https:\/\/www.inno-lite.co.uk\/#\/schema\/logo\/image\/","url":"https:\/\/www.inno-lite.co.uk\/wp-content\/uploads\/2024\/02\/Inno-Lite-Logo-Draft-Rev.webp","contentUrl":"https:\/\/www.inno-lite.co.uk\/wp-content\/uploads\/2024\/02\/Inno-Lite-Logo-Draft-Rev.webp","width":1400,"height":315,"caption":"Inno Lite"},"image":{"@id":"https:\/\/www.inno-lite.co.uk\/#\/schema\/logo\/image\/"}}]}},"_links":{"self":[{"href":"https:\/\/www.inno-lite.co.uk\/fr\/wp-json\/wp\/v2\/product\/16836","targetHints":{"allow":["GET"]}}],"collection":[{"href":"https:\/\/www.inno-lite.co.uk\/fr\/wp-json\/wp\/v2\/product"}],"about":[{"href":"https:\/\/www.inno-lite.co.uk\/fr\/wp-json\/wp\/v2\/types\/product"}],"replies":[{"embeddable":true,"href":"https:\/\/www.inno-lite.co.uk\/fr\/wp-json\/wp\/v2\/comments?post=16836"}],"version-history":[{"count":1,"href":"https:\/\/www.inno-lite.co.uk\/fr\/wp-json\/wp\/v2\/product\/16836\/revisions"}],"predecessor-version":[{"id":16840,"href":"https:\/\/www.inno-lite.co.uk\/fr\/wp-json\/wp\/v2\/product\/16836\/revisions\/16840"}],"wp:featuredmedia":[{"embeddable":true,"href":"https:\/\/www.inno-lite.co.uk\/fr\/wp-json\/wp\/v2\/media\/16837"}],"wp:attachment":[{"href":"https:\/\/www.inno-lite.co.uk\/fr\/wp-json\/wp\/v2\/media?parent=16836"}],"wp:term":[{"taxonomy":"product_brand","embeddable":true,"href":"https:\/\/www.inno-lite.co.uk\/fr\/wp-json\/wp\/v2\/product_brand?post=16836"},{"taxonomy":"product_cat","embeddable":true,"href":"https:\/\/www.inno-lite.co.uk\/fr\/wp-json\/wp\/v2\/product_cat?post=16836"},{"taxonomy":"product_tag","embeddable":true,"href":"https:\/\/www.inno-lite.co.uk\/fr\/wp-json\/wp\/v2\/product_tag?post=16836"}],"curies":[{"name":"wp","href":"https:\/\/api.w.org\/{rel}","templated":true}]}}