{"id":16806,"date":"2025-05-27T15:11:02","date_gmt":"2025-05-27T15:11:02","guid":{"rendered":"https:\/\/www.inno-lite.co.uk\/?post_type=product&#038;p=16806"},"modified":"2025-06-03T14:27:19","modified_gmt":"2025-06-03T14:27:19","slug":"projecteur-a-7-gobos","status":"publish","type":"product","link":"https:\/\/www.inno-lite.co.uk\/fr\/product\/7-gobo-led-projector\/","title":{"rendered":"Projecteur LED \u00e0 7 gobos (t\u00e9l\u00e9commande)"},"content":{"rendered":"<p><strong>Sp\u00e9cification :<\/strong><\/p>\n<table width=\"650\">\n<tbody>\n<tr>\n<td width=\"111\"><strong>Code produit<\/strong><\/td>\n<td width=\"66\"><strong>Tension<\/strong><\/td>\n<td width=\"57\"><strong>Watt<\/strong><\/td>\n<td width=\"76\"><strong>Lumen<\/strong><\/td>\n<td width=\"76\"><strong>Gobo<\/strong><\/td>\n<td width=\"85\"><strong>Motion<\/strong><\/td>\n<td width=\"66\"><strong>Contr\u00f4le<\/strong><\/td>\n<td width=\"66\"><strong>Poids<\/strong><\/td>\n<td width=\"47\"><strong>PI<\/strong><\/td>\n<\/tr>\n<tr>\n<td width=\"111\">Projecteur L-90W-7<\/td>\n<td width=\"66\">240V<\/td>\n<td width=\"57\">90W<\/td>\n<td width=\"76\">9900lm<\/td>\n<td width=\"76\">7 gobos<\/td>\n<td width=\"85\">Rotation ou arr\u00eat<\/td>\n<td width=\"66\">T\u00e9l\u00e9commande<\/td>\n<td width=\"66\">15KG<\/td>\n<td width=\"47\">IP67<\/td>\n<\/tr>\n<tr>\n<td width=\"111\">L-Projecteur-110W-7<\/td>\n<td width=\"66\">240V<\/td>\n<td width=\"57\">110W<\/td>\n<td width=\"76\">12100lm<\/td>\n<td width=\"76\">7 gobos<\/td>\n<td width=\"85\">Rotation ou arr\u00eat<\/td>\n<td width=\"66\">T\u00e9l\u00e9commande<\/td>\n<td width=\"66\">15KG<\/td>\n<td width=\"47\">IP67<\/td>\n<\/tr>\n<tr>\n<td width=\"111\">L-Projecteur-160W-7<\/td>\n<td width=\"66\">240V<\/td>\n<td width=\"57\">160W<\/td>\n<td width=\"76\">16700lm<\/td>\n<td width=\"76\">7 gobos<\/td>\n<td width=\"85\">Rotation ou arr\u00eat<\/td>\n<td width=\"66\">T\u00e9l\u00e9commande<\/td>\n<td width=\"66\">15KG<\/td>\n<td width=\"47\">IP67<\/td>\n<\/tr>\n<\/tbody>\n<\/table>\n<p>&nbsp;<\/p>","protected":false},"excerpt":{"rendered":"<p>240V, projecteur LED avec 7 gobos, LED haute puissance, avec t\u00e9l\u00e9commande pour changer de gobo et contr\u00f4ler la rotation du motif ou l'arr\u00eat, IP67, utilisation en ext\u00e9rieur, projection jusqu'\u00e0 30 m\u00e8tres, possibilit\u00e9 de concevoir des gobos personnalis\u00e9s.<\/p>","protected":false},"featured_media":16807,"comment_status":"open","ping_status":"closed","template":"","meta":{"_acf_changed":false},"product_brand":[],"product_cat":[73,72,76],"product_tag":[125],"class_list":{"0":"post-16806","1":"product","2":"type-product","3":"status-publish","4":"has-post-thumbnail","6":"product_cat-event-lighting","7":"product_cat-festive-lighting","8":"product_cat-uncategorized","9":"product_tag-featured","11":"first","12":"instock","13":"shipping-taxable","14":"product-type-simple"},"acf":[],"yoast_head":"<!-- This site is optimized with the Yoast SEO plugin v27.2 - https:\/\/yoast.com\/product\/yoast-seo-wordpress\/ -->\n<title>7 Gobo LED Projector (Remote Control) - Inno Lite<\/title>\n<meta name=\"robots\" content=\"index, follow, max-snippet:-1, max-image-preview:large, max-video-preview:-1\" \/>\n<link rel=\"canonical\" href=\"https:\/\/www.inno-lite.co.uk\/fr\/produit\/projecteur-a-7-gobos\/\" \/>\n<meta property=\"og:locale\" content=\"fr_FR\" \/>\n<meta property=\"og:type\" content=\"article\" \/>\n<meta property=\"og:title\" content=\"7 Gobo LED Projector (Remote Control) - Inno Lite\" \/>\n<meta property=\"og:description\" content=\"240V, LED projector with 7 gobos, high power LED, with remote control to switch the gobo and control the rotation of pattern or standstill, IP67, outdoor use, project up to 30 metres, customized gobo can be designed.\" \/>\n<meta property=\"og:url\" content=\"https:\/\/www.inno-lite.co.uk\/fr\/produit\/projecteur-a-7-gobos\/\" \/>\n<meta property=\"og:site_name\" content=\"Inno Lite\" \/>\n<meta property=\"article:modified_time\" content=\"2025-06-03T14:27:19+00:00\" \/>\n<meta property=\"og:image\" content=\"https:\/\/www.inno-lite.co.uk\/wp-content\/uploads\/2025\/05\/160W-7-gobo-projector.png\" \/>\n\t<meta property=\"og:image:width\" content=\"996\" \/>\n\t<meta property=\"og:image:height\" content=\"996\" \/>\n\t<meta property=\"og:image:type\" content=\"image\/png\" \/>\n<meta name=\"twitter:card\" content=\"summary_large_image\" \/>\n<meta name=\"twitter:label1\" content=\"Dur\u00e9e de lecture estim\u00e9e\" \/>\n\t<meta name=\"twitter:data1\" content=\"1 minute\" \/>\n<script type=\"application\/ld+json\" class=\"yoast-schema-graph\">{\"@context\":\"https:\/\/schema.org\",\"@graph\":[{\"@type\":\"WebPage\",\"@id\":\"https:\/\/www.inno-lite.co.uk\/product\/7-gobo-led-projector\/\",\"url\":\"https:\/\/www.inno-lite.co.uk\/product\/7-gobo-led-projector\/\",\"name\":\"7 Gobo LED Projector (Remote Control) - Inno Lite\",\"isPartOf\":{\"@id\":\"https:\/\/www.inno-lite.co.uk\/#website\"},\"primaryImageOfPage\":{\"@id\":\"https:\/\/www.inno-lite.co.uk\/product\/7-gobo-led-projector\/#primaryimage\"},\"image\":{\"@id\":\"https:\/\/www.inno-lite.co.uk\/product\/7-gobo-led-projector\/#primaryimage\"},\"thumbnailUrl\":\"https:\/\/www.inno-lite.co.uk\/wp-content\/uploads\/2025\/05\/160W-7-gobo-projector.png\",\"datePublished\":\"2025-05-27T15:11:02+00:00\",\"dateModified\":\"2025-06-03T14:27:19+00:00\",\"breadcrumb\":{\"@id\":\"https:\/\/www.inno-lite.co.uk\/product\/7-gobo-led-projector\/#breadcrumb\"},\"inLanguage\":\"fr-FR\",\"potentialAction\":[{\"@type\":\"ReadAction\",\"target\":[\"https:\/\/www.inno-lite.co.uk\/product\/7-gobo-led-projector\/\"]}]},{\"@type\":\"ImageObject\",\"inLanguage\":\"fr-FR\",\"@id\":\"https:\/\/www.inno-lite.co.uk\/product\/7-gobo-led-projector\/#primaryimage\",\"url\":\"https:\/\/www.inno-lite.co.uk\/wp-content\/uploads\/2025\/05\/160W-7-gobo-projector.png\",\"contentUrl\":\"https:\/\/www.inno-lite.co.uk\/wp-content\/uploads\/2025\/05\/160W-7-gobo-projector.png\",\"width\":996,\"height\":996},{\"@type\":\"BreadcrumbList\",\"@id\":\"https:\/\/www.inno-lite.co.uk\/product\/7-gobo-led-projector\/#breadcrumb\",\"itemListElement\":[{\"@type\":\"ListItem\",\"position\":1,\"name\":\"Home\",\"item\":\"https:\/\/www.inno-lite.co.uk\/\"},{\"@type\":\"ListItem\",\"position\":2,\"name\":\"Shop\",\"item\":\"https:\/\/www.inno-lite.co.uk\/shop\/\"},{\"@type\":\"ListItem\",\"position\":3,\"name\":\"7 Gobo LED Projector (Remote Control)\"}]},{\"@type\":\"WebSite\",\"@id\":\"https:\/\/www.inno-lite.co.uk\/#website\",\"url\":\"https:\/\/www.inno-lite.co.uk\/\",\"name\":\"Inno Lite\",\"description\":\"\",\"publisher\":{\"@id\":\"https:\/\/www.inno-lite.co.uk\/#organization\"},\"potentialAction\":[{\"@type\":\"SearchAction\",\"target\":{\"@type\":\"EntryPoint\",\"urlTemplate\":\"https:\/\/www.inno-lite.co.uk\/?s={search_term_string}\"},\"query-input\":{\"@type\":\"PropertyValueSpecification\",\"valueRequired\":true,\"valueName\":\"search_term_string\"}}],\"inLanguage\":\"fr-FR\"},{\"@type\":\"Organization\",\"@id\":\"https:\/\/www.inno-lite.co.uk\/#organization\",\"name\":\"Inno Lite\",\"url\":\"https:\/\/www.inno-lite.co.uk\/\",\"logo\":{\"@type\":\"ImageObject\",\"inLanguage\":\"fr-FR\",\"@id\":\"https:\/\/www.inno-lite.co.uk\/#\/schema\/logo\/image\/\",\"url\":\"https:\/\/www.inno-lite.co.uk\/wp-content\/uploads\/2024\/02\/Inno-Lite-Logo-Draft-Rev.webp\",\"contentUrl\":\"https:\/\/www.inno-lite.co.uk\/wp-content\/uploads\/2024\/02\/Inno-Lite-Logo-Draft-Rev.webp\",\"width\":1400,\"height\":315,\"caption\":\"Inno Lite\"},\"image\":{\"@id\":\"https:\/\/www.inno-lite.co.uk\/#\/schema\/logo\/image\/\"}}]}<\/script>\n<!-- \/ Yoast SEO plugin. -->","yoast_head_json":{"title":"Projecteur LED 7 gobos (t\u00e9l\u00e9commande) - Inno Lite","robots":{"index":"index","follow":"follow","max-snippet":"max-snippet:-1","max-image-preview":"max-image-preview:large","max-video-preview":"max-video-preview:-1"},"canonical":"https:\/\/www.inno-lite.co.uk\/fr\/produit\/projecteur-a-7-gobos\/","og_locale":"fr_FR","og_type":"article","og_title":"7 Gobo LED Projector (Remote Control) - Inno Lite","og_description":"240V, LED projector with 7 gobos, high power LED, with remote control to switch the gobo and control the rotation of pattern or standstill, IP67, outdoor use, project up to 30 metres, customized gobo can be designed.","og_url":"https:\/\/www.inno-lite.co.uk\/fr\/produit\/projecteur-a-7-gobos\/","og_site_name":"Inno Lite","article_modified_time":"2025-06-03T14:27:19+00:00","og_image":[{"width":996,"height":996,"url":"https:\/\/www.inno-lite.co.uk\/wp-content\/uploads\/2025\/05\/160W-7-gobo-projector.png","type":"image\/png"}],"twitter_card":"summary_large_image","twitter_misc":{"Dur\u00e9e de lecture estim\u00e9e":"1 minute"},"schema":{"@context":"https:\/\/schema.org","@graph":[{"@type":"WebPage","@id":"https:\/\/www.inno-lite.co.uk\/product\/7-gobo-led-projector\/","url":"https:\/\/www.inno-lite.co.uk\/product\/7-gobo-led-projector\/","name":"Projecteur LED 7 gobos (t\u00e9l\u00e9commande) - Inno Lite","isPartOf":{"@id":"https:\/\/www.inno-lite.co.uk\/#website"},"primaryImageOfPage":{"@id":"https:\/\/www.inno-lite.co.uk\/product\/7-gobo-led-projector\/#primaryimage"},"image":{"@id":"https:\/\/www.inno-lite.co.uk\/product\/7-gobo-led-projector\/#primaryimage"},"thumbnailUrl":"https:\/\/www.inno-lite.co.uk\/wp-content\/uploads\/2025\/05\/160W-7-gobo-projector.png","datePublished":"2025-05-27T15:11:02+00:00","dateModified":"2025-06-03T14:27:19+00:00","breadcrumb":{"@id":"https:\/\/www.inno-lite.co.uk\/product\/7-gobo-led-projector\/#breadcrumb"},"inLanguage":"fr-FR","potentialAction":[{"@type":"ReadAction","target":["https:\/\/www.inno-lite.co.uk\/product\/7-gobo-led-projector\/"]}]},{"@type":"ImageObject","inLanguage":"fr-FR","@id":"https:\/\/www.inno-lite.co.uk\/product\/7-gobo-led-projector\/#primaryimage","url":"https:\/\/www.inno-lite.co.uk\/wp-content\/uploads\/2025\/05\/160W-7-gobo-projector.png","contentUrl":"https:\/\/www.inno-lite.co.uk\/wp-content\/uploads\/2025\/05\/160W-7-gobo-projector.png","width":996,"height":996},{"@type":"BreadcrumbList","@id":"https:\/\/www.inno-lite.co.uk\/product\/7-gobo-led-projector\/#breadcrumb","itemListElement":[{"@type":"ListItem","position":1,"name":"Home","item":"https:\/\/www.inno-lite.co.uk\/"},{"@type":"ListItem","position":2,"name":"Shop","item":"https:\/\/www.inno-lite.co.uk\/shop\/"},{"@type":"ListItem","position":3,"name":"7 Gobo LED Projector (Remote Control)"}]},{"@type":"WebSite","@id":"https:\/\/www.inno-lite.co.uk\/#website","url":"https:\/\/www.inno-lite.co.uk\/","name":"Inno Lite","description":"","publisher":{"@id":"https:\/\/www.inno-lite.co.uk\/#organization"},"potentialAction":[{"@type":"SearchAction","target":{"@type":"EntryPoint","urlTemplate":"https:\/\/www.inno-lite.co.uk\/?s={search_term_string}"},"query-input":{"@type":"PropertyValueSpecification","valueRequired":true,"valueName":"search_term_string"}}],"inLanguage":"fr-FR"},{"@type":"Organization","@id":"https:\/\/www.inno-lite.co.uk\/#organization","name":"Inno Lite","url":"https:\/\/www.inno-lite.co.uk\/","logo":{"@type":"ImageObject","inLanguage":"fr-FR","@id":"https:\/\/www.inno-lite.co.uk\/#\/schema\/logo\/image\/","url":"https:\/\/www.inno-lite.co.uk\/wp-content\/uploads\/2024\/02\/Inno-Lite-Logo-Draft-Rev.webp","contentUrl":"https:\/\/www.inno-lite.co.uk\/wp-content\/uploads\/2024\/02\/Inno-Lite-Logo-Draft-Rev.webp","width":1400,"height":315,"caption":"Inno Lite"},"image":{"@id":"https:\/\/www.inno-lite.co.uk\/#\/schema\/logo\/image\/"}}]}},"_links":{"self":[{"href":"https:\/\/www.inno-lite.co.uk\/fr\/wp-json\/wp\/v2\/product\/16806","targetHints":{"allow":["GET"]}}],"collection":[{"href":"https:\/\/www.inno-lite.co.uk\/fr\/wp-json\/wp\/v2\/product"}],"about":[{"href":"https:\/\/www.inno-lite.co.uk\/fr\/wp-json\/wp\/v2\/types\/product"}],"replies":[{"embeddable":true,"href":"https:\/\/www.inno-lite.co.uk\/fr\/wp-json\/wp\/v2\/comments?post=16806"}],"version-history":[{"count":1,"href":"https:\/\/www.inno-lite.co.uk\/fr\/wp-json\/wp\/v2\/product\/16806\/revisions"}],"predecessor-version":[{"id":16825,"href":"https:\/\/www.inno-lite.co.uk\/fr\/wp-json\/wp\/v2\/product\/16806\/revisions\/16825"}],"wp:featuredmedia":[{"embeddable":true,"href":"https:\/\/www.inno-lite.co.uk\/fr\/wp-json\/wp\/v2\/media\/16807"}],"wp:attachment":[{"href":"https:\/\/www.inno-lite.co.uk\/fr\/wp-json\/wp\/v2\/media?parent=16806"}],"wp:term":[{"taxonomy":"product_brand","embeddable":true,"href":"https:\/\/www.inno-lite.co.uk\/fr\/wp-json\/wp\/v2\/product_brand?post=16806"},{"taxonomy":"product_cat","embeddable":true,"href":"https:\/\/www.inno-lite.co.uk\/fr\/wp-json\/wp\/v2\/product_cat?post=16806"},{"taxonomy":"product_tag","embeddable":true,"href":"https:\/\/www.inno-lite.co.uk\/fr\/wp-json\/wp\/v2\/product_tag?post=16806"}],"curies":[{"name":"wp","href":"https:\/\/api.w.org\/{rel}","templated":true}]}}