{"id":16790,"date":"2025-05-27T14:16:37","date_gmt":"2025-05-27T14:16:37","guid":{"rendered":"https:\/\/www.inno-lite.co.uk\/?post_type=product&#038;p=16790"},"modified":"2025-06-03T14:27:13","modified_gmt":"2025-06-03T14:27:13","slug":"lumiere-nette-pixellisee-rgbww-a-led","status":"publish","type":"product","link":"https:\/\/www.inno-lite.co.uk\/fr\/product\/rgbww-led-pixel-net-light\/","title":{"rendered":"RGBWW LED Pixel Net Lights"},"content":{"rendered":"<p><strong>Sp\u00e9cification :<\/strong><\/p>\n<table>\n<tbody>\n<tr>\n<td width=\"75\"><strong>Code produit<\/strong><\/td>\n<td width=\"67\"><strong>Tension<\/strong><\/td>\n<td width=\"48\"><strong>Watt<\/strong><\/td>\n<td width=\"64\"><strong>Largeur<\/strong><\/td>\n<td width=\"66\"><strong>Longueur<\/strong><\/td>\n<td width=\"95\"><strong>Couleur des LED<\/strong><\/td>\n<td width=\"76\"><strong>LED Qt\u00e9<\/strong><\/td>\n<td width=\"76\"><strong>Contr\u00f4le<\/strong><\/td>\n<td width=\"51\"><strong>PI<\/strong><\/td>\n<\/tr>\n<tr>\n<td width=\"75\">L-N-RGBWW-1M\/1M<\/td>\n<td width=\"67\">5V<\/td>\n<td width=\"48\">72W<\/td>\n<td width=\"64\">1 m\u00e8tre<\/td>\n<td width=\"66\">1 m\u00e8tre<\/td>\n<td width=\"95\">RVB+blanc chaud<\/td>\n<td width=\"76\">400<\/td>\n<td width=\"76\">Contr\u00f4le des applications<\/td>\n<td width=\"51\">IP65<\/td>\n<\/tr>\n<\/tbody>\n<\/table>\n<p>&nbsp;<\/p>\n<p><strong>Alimentation \u00e9lectrique :<\/strong><\/p>\n<table>\n<tbody>\n<tr>\n<td width=\"117\"><strong>Code produit<\/strong><\/td>\n<td width=\"69\"><strong>Tension<\/strong><\/td>\n<td width=\"51\"><strong>Watt<\/strong><\/td>\n<td width=\"85\"><strong>Qt\u00e9 de DEL<\/strong><\/td>\n<td width=\"45\"><strong>PI<\/strong><\/td>\n<\/tr>\n<tr>\n<td width=\"117\">L-N-5V-100W<\/td>\n<td width=\"69\">5V<\/td>\n<td width=\"51\">100W<\/td>\n<td width=\"85\">1600<\/td>\n<td width=\"45\">IP65<\/td>\n<\/tr>\n<tr>\n<td width=\"117\">L-N-5V-200W<\/td>\n<td width=\"69\">5V<\/td>\n<td width=\"51\">200W<\/td>\n<td width=\"85\">3200<\/td>\n<td width=\"45\">IP65<\/td>\n<\/tr>\n<tr>\n<td width=\"117\">L-N-5V-300W<\/td>\n<td width=\"69\">5V<\/td>\n<td width=\"51\">300W<\/td>\n<td width=\"85\">4800<\/td>\n<td width=\"45\">IP65<\/td>\n<\/tr>\n<\/tbody>\n<\/table>\n<p><strong>\u00a0<\/strong><\/p>\n<p><strong>Contr\u00f4leur :<\/strong><\/p>\n<table>\n<tbody>\n<tr>\n<td width=\"117\"><strong>Code produit<\/strong><\/td>\n<td width=\"69\"><strong>Tension<\/strong><\/td>\n<td width=\"51\"><strong>Ports<\/strong><\/td>\n<td width=\"85\"><strong>Qt\u00e9 de DEL<\/strong><\/td>\n<td width=\"45\"><strong>Carte SD<\/strong><\/td>\n<td width=\"45\"><strong>PI<\/strong><\/td>\n<\/tr>\n<tr>\n<td width=\"117\">L-N-5V-Controller-4<\/td>\n<td width=\"69\">5V<\/td>\n<td width=\"51\">4<\/td>\n<td width=\"85\">3200<\/td>\n<td width=\"45\">Oui<\/td>\n<td width=\"45\">IP44<\/td>\n<\/tr>\n<tr>\n<td width=\"117\">L-N-5V-Contr\u00f4leur-8<\/td>\n<td width=\"69\">5V<\/td>\n<td width=\"51\">8<\/td>\n<td width=\"85\">6400<\/td>\n<td width=\"45\">Oui<\/td>\n<td width=\"45\">IP44<\/td>\n<\/tr>\n<tr>\n<td width=\"117\">L-N-5V-Controller-10<\/td>\n<td width=\"69\">5V<\/td>\n<td width=\"51\">10<\/td>\n<td width=\"85\">8000<\/td>\n<td width=\"45\">Oui<\/td>\n<td width=\"45\">IP44<\/td>\n<\/tr>\n<\/tbody>\n<\/table>","protected":false},"excerpt":{"rendered":"<p>5V, pixel lumineux RGBWW LED, 1 m\u00e8tre par 1 m\u00e8tre, 400 LED RGBWW, peut avoir une couleur RGB compl\u00e8te + blanc chaud, fonction personnalis\u00e9e par contr\u00f4le App, et plusieurs pi\u00e8ces peuvent \u00eatre reli\u00e9es ensemble pour faire diff\u00e9rentes tailles d'\u00e9cran soit en forme horizontale ou verticale, programmable pour avoir diff\u00e9rentes animations et afficher des textes, IP65, utilisation int\u00e9rieure et ext\u00e9rieure.<\/p>","protected":false},"featured_media":16791,"comment_status":"open","ping_status":"closed","template":"","meta":{"_acf_changed":false},"product_brand":[],"product_cat":[73,72,74,76],"product_tag":[125],"class_list":{"0":"post-16790","1":"product","2":"type-product","3":"status-publish","4":"has-post-thumbnail","6":"product_cat-event-lighting","7":"product_cat-festive-lighting","8":"product_cat-rgb-lighting","9":"product_cat-uncategorized","10":"product_tag-featured","12":"first","13":"instock","14":"shipping-taxable","15":"product-type-simple"},"acf":[],"yoast_head":"<!-- This site is optimized with the Yoast SEO plugin v27.4 - https:\/\/yoast.com\/product\/yoast-seo-wordpress\/ -->\n<title>RGBWW LED Pixel Net Lights - Inno Lite<\/title>\n<meta name=\"robots\" content=\"index, follow, max-snippet:-1, max-image-preview:large, max-video-preview:-1\" \/>\n<link rel=\"canonical\" href=\"https:\/\/www.inno-lite.co.uk\/fr\/produit\/lumiere-nette-pixellisee-rgbww-a-led\/\" \/>\n<meta property=\"og:locale\" content=\"fr_FR\" \/>\n<meta property=\"og:type\" content=\"article\" \/>\n<meta property=\"og:title\" content=\"RGBWW LED Pixel Net Lights - Inno Lite\" \/>\n<meta property=\"og:description\" content=\"5V, RGBWW LED pixel net light, 1 metre by 1 metre size, 400 RGBWW LEDs, can have full RGB colour +Warm White colour, customized function by App control, and many pieces can be linked together to make different sizes of screen either in horizontal or vertical shape, programmable to have different animations and display texts, IP65, indoor and outdoor us\" \/>\n<meta property=\"og:url\" content=\"https:\/\/www.inno-lite.co.uk\/fr\/produit\/lumiere-nette-pixellisee-rgbww-a-led\/\" \/>\n<meta property=\"og:site_name\" content=\"Inno Lite\" \/>\n<meta property=\"article:modified_time\" content=\"2025-06-03T14:27:13+00:00\" \/>\n<meta property=\"og:image\" content=\"https:\/\/www.inno-lite.co.uk\/wp-content\/uploads\/2025\/05\/RGB-7-1300x618.png\" \/>\n\t<meta property=\"og:image:width\" content=\"1300\" \/>\n\t<meta property=\"og:image:height\" content=\"618\" \/>\n\t<meta property=\"og:image:type\" content=\"image\/png\" \/>\n<meta name=\"twitter:card\" content=\"summary_large_image\" \/>\n<meta name=\"twitter:label1\" content=\"Dur\u00e9e de lecture estim\u00e9e\" \/>\n\t<meta name=\"twitter:data1\" content=\"1 minute\" \/>\n<script type=\"application\/ld+json\" class=\"yoast-schema-graph\">{\"@context\":\"https:\\\/\\\/schema.org\",\"@graph\":[{\"@type\":\"WebPage\",\"@id\":\"https:\\\/\\\/www.inno-lite.co.uk\\\/product\\\/rgbww-led-pixel-net-light\\\/\",\"url\":\"https:\\\/\\\/www.inno-lite.co.uk\\\/product\\\/rgbww-led-pixel-net-light\\\/\",\"name\":\"RGBWW LED Pixel Net Lights - Inno Lite\",\"isPartOf\":{\"@id\":\"https:\\\/\\\/www.inno-lite.co.uk\\\/#website\"},\"primaryImageOfPage\":{\"@id\":\"https:\\\/\\\/www.inno-lite.co.uk\\\/product\\\/rgbww-led-pixel-net-light\\\/#primaryimage\"},\"image\":{\"@id\":\"https:\\\/\\\/www.inno-lite.co.uk\\\/product\\\/rgbww-led-pixel-net-light\\\/#primaryimage\"},\"thumbnailUrl\":\"https:\\\/\\\/www.inno-lite.co.uk\\\/wp-content\\\/uploads\\\/2025\\\/05\\\/RGB-7.png\",\"datePublished\":\"2025-05-27T14:16:37+00:00\",\"dateModified\":\"2025-06-03T14:27:13+00:00\",\"breadcrumb\":{\"@id\":\"https:\\\/\\\/www.inno-lite.co.uk\\\/product\\\/rgbww-led-pixel-net-light\\\/#breadcrumb\"},\"inLanguage\":\"fr-FR\",\"potentialAction\":[{\"@type\":\"ReadAction\",\"target\":[\"https:\\\/\\\/www.inno-lite.co.uk\\\/product\\\/rgbww-led-pixel-net-light\\\/\"]}]},{\"@type\":\"ImageObject\",\"inLanguage\":\"fr-FR\",\"@id\":\"https:\\\/\\\/www.inno-lite.co.uk\\\/product\\\/rgbww-led-pixel-net-light\\\/#primaryimage\",\"url\":\"https:\\\/\\\/www.inno-lite.co.uk\\\/wp-content\\\/uploads\\\/2025\\\/05\\\/RGB-7.png\",\"contentUrl\":\"https:\\\/\\\/www.inno-lite.co.uk\\\/wp-content\\\/uploads\\\/2025\\\/05\\\/RGB-7.png\",\"width\":1837,\"height\":873},{\"@type\":\"BreadcrumbList\",\"@id\":\"https:\\\/\\\/www.inno-lite.co.uk\\\/product\\\/rgbww-led-pixel-net-light\\\/#breadcrumb\",\"itemListElement\":[{\"@type\":\"ListItem\",\"position\":1,\"name\":\"Home\",\"item\":\"https:\\\/\\\/www.inno-lite.co.uk\\\/\"},{\"@type\":\"ListItem\",\"position\":2,\"name\":\"Shop\",\"item\":\"https:\\\/\\\/www.inno-lite.co.uk\\\/shop\\\/\"},{\"@type\":\"ListItem\",\"position\":3,\"name\":\"RGBWW LED Pixel Net Lights\"}]},{\"@type\":\"WebSite\",\"@id\":\"https:\\\/\\\/www.inno-lite.co.uk\\\/#website\",\"url\":\"https:\\\/\\\/www.inno-lite.co.uk\\\/\",\"name\":\"Inno Lite\",\"description\":\"\",\"publisher\":{\"@id\":\"https:\\\/\\\/www.inno-lite.co.uk\\\/#organization\"},\"potentialAction\":[{\"@type\":\"SearchAction\",\"target\":{\"@type\":\"EntryPoint\",\"urlTemplate\":\"https:\\\/\\\/www.inno-lite.co.uk\\\/?s={search_term_string}\"},\"query-input\":{\"@type\":\"PropertyValueSpecification\",\"valueRequired\":true,\"valueName\":\"search_term_string\"}}],\"inLanguage\":\"fr-FR\"},{\"@type\":\"Organization\",\"@id\":\"https:\\\/\\\/www.inno-lite.co.uk\\\/#organization\",\"name\":\"Inno Lite\",\"url\":\"https:\\\/\\\/www.inno-lite.co.uk\\\/\",\"logo\":{\"@type\":\"ImageObject\",\"inLanguage\":\"fr-FR\",\"@id\":\"https:\\\/\\\/www.inno-lite.co.uk\\\/#\\\/schema\\\/logo\\\/image\\\/\",\"url\":\"https:\\\/\\\/www.inno-lite.co.uk\\\/wp-content\\\/uploads\\\/2024\\\/02\\\/Inno-Lite-Logo-Draft-Rev.webp\",\"contentUrl\":\"https:\\\/\\\/www.inno-lite.co.uk\\\/wp-content\\\/uploads\\\/2024\\\/02\\\/Inno-Lite-Logo-Draft-Rev.webp\",\"width\":1400,\"height\":315,\"caption\":\"Inno Lite\"},\"image\":{\"@id\":\"https:\\\/\\\/www.inno-lite.co.uk\\\/#\\\/schema\\\/logo\\\/image\\\/\"}}]}<\/script>\n<!-- \/ Yoast SEO plugin. -->","yoast_head_json":{"title":"RGBWW LED Pixel Net Lights - Inno Lite","robots":{"index":"index","follow":"follow","max-snippet":"max-snippet:-1","max-image-preview":"max-image-preview:large","max-video-preview":"max-video-preview:-1"},"canonical":"https:\/\/www.inno-lite.co.uk\/fr\/produit\/lumiere-nette-pixellisee-rgbww-a-led\/","og_locale":"fr_FR","og_type":"article","og_title":"RGBWW LED Pixel Net Lights - Inno Lite","og_description":"5V, RGBWW LED pixel net light, 1 metre by 1 metre size, 400 RGBWW LEDs, can have full RGB colour +Warm White colour, customized function by App control, and many pieces can be linked together to make different sizes of screen either in horizontal or vertical shape, programmable to have different animations and display texts, IP65, indoor and outdoor us","og_url":"https:\/\/www.inno-lite.co.uk\/fr\/produit\/lumiere-nette-pixellisee-rgbww-a-led\/","og_site_name":"Inno Lite","article_modified_time":"2025-06-03T14:27:13+00:00","og_image":[{"width":1300,"height":618,"url":"https:\/\/www.inno-lite.co.uk\/wp-content\/uploads\/2025\/05\/RGB-7-1300x618.png","type":"image\/png"}],"twitter_card":"summary_large_image","twitter_misc":{"Dur\u00e9e de lecture estim\u00e9e":"1 minute"},"schema":{"@context":"https:\/\/schema.org","@graph":[{"@type":"WebPage","@id":"https:\/\/www.inno-lite.co.uk\/product\/rgbww-led-pixel-net-light\/","url":"https:\/\/www.inno-lite.co.uk\/product\/rgbww-led-pixel-net-light\/","name":"RGBWW LED Pixel Net Lights - Inno Lite","isPartOf":{"@id":"https:\/\/www.inno-lite.co.uk\/#website"},"primaryImageOfPage":{"@id":"https:\/\/www.inno-lite.co.uk\/product\/rgbww-led-pixel-net-light\/#primaryimage"},"image":{"@id":"https:\/\/www.inno-lite.co.uk\/product\/rgbww-led-pixel-net-light\/#primaryimage"},"thumbnailUrl":"https:\/\/www.inno-lite.co.uk\/wp-content\/uploads\/2025\/05\/RGB-7.png","datePublished":"2025-05-27T14:16:37+00:00","dateModified":"2025-06-03T14:27:13+00:00","breadcrumb":{"@id":"https:\/\/www.inno-lite.co.uk\/product\/rgbww-led-pixel-net-light\/#breadcrumb"},"inLanguage":"fr-FR","potentialAction":[{"@type":"ReadAction","target":["https:\/\/www.inno-lite.co.uk\/product\/rgbww-led-pixel-net-light\/"]}]},{"@type":"ImageObject","inLanguage":"fr-FR","@id":"https:\/\/www.inno-lite.co.uk\/product\/rgbww-led-pixel-net-light\/#primaryimage","url":"https:\/\/www.inno-lite.co.uk\/wp-content\/uploads\/2025\/05\/RGB-7.png","contentUrl":"https:\/\/www.inno-lite.co.uk\/wp-content\/uploads\/2025\/05\/RGB-7.png","width":1837,"height":873},{"@type":"BreadcrumbList","@id":"https:\/\/www.inno-lite.co.uk\/product\/rgbww-led-pixel-net-light\/#breadcrumb","itemListElement":[{"@type":"ListItem","position":1,"name":"Home","item":"https:\/\/www.inno-lite.co.uk\/"},{"@type":"ListItem","position":2,"name":"Shop","item":"https:\/\/www.inno-lite.co.uk\/shop\/"},{"@type":"ListItem","position":3,"name":"RGBWW LED Pixel Net Lights"}]},{"@type":"WebSite","@id":"https:\/\/www.inno-lite.co.uk\/#website","url":"https:\/\/www.inno-lite.co.uk\/","name":"Inno Lite","description":"","publisher":{"@id":"https:\/\/www.inno-lite.co.uk\/#organization"},"potentialAction":[{"@type":"SearchAction","target":{"@type":"EntryPoint","urlTemplate":"https:\/\/www.inno-lite.co.uk\/?s={search_term_string}"},"query-input":{"@type":"PropertyValueSpecification","valueRequired":true,"valueName":"search_term_string"}}],"inLanguage":"fr-FR"},{"@type":"Organization","@id":"https:\/\/www.inno-lite.co.uk\/#organization","name":"Inno Lite","url":"https:\/\/www.inno-lite.co.uk\/","logo":{"@type":"ImageObject","inLanguage":"fr-FR","@id":"https:\/\/www.inno-lite.co.uk\/#\/schema\/logo\/image\/","url":"https:\/\/www.inno-lite.co.uk\/wp-content\/uploads\/2024\/02\/Inno-Lite-Logo-Draft-Rev.webp","contentUrl":"https:\/\/www.inno-lite.co.uk\/wp-content\/uploads\/2024\/02\/Inno-Lite-Logo-Draft-Rev.webp","width":1400,"height":315,"caption":"Inno Lite"},"image":{"@id":"https:\/\/www.inno-lite.co.uk\/#\/schema\/logo\/image\/"}}]}},"_links":{"self":[{"href":"https:\/\/www.inno-lite.co.uk\/fr\/wp-json\/wp\/v2\/product\/16790","targetHints":{"allow":["GET"]}}],"collection":[{"href":"https:\/\/www.inno-lite.co.uk\/fr\/wp-json\/wp\/v2\/product"}],"about":[{"href":"https:\/\/www.inno-lite.co.uk\/fr\/wp-json\/wp\/v2\/types\/product"}],"replies":[{"embeddable":true,"href":"https:\/\/www.inno-lite.co.uk\/fr\/wp-json\/wp\/v2\/comments?post=16790"}],"version-history":[{"count":1,"href":"https:\/\/www.inno-lite.co.uk\/fr\/wp-json\/wp\/v2\/product\/16790\/revisions"}],"predecessor-version":[{"id":16805,"href":"https:\/\/www.inno-lite.co.uk\/fr\/wp-json\/wp\/v2\/product\/16790\/revisions\/16805"}],"wp:featuredmedia":[{"embeddable":true,"href":"https:\/\/www.inno-lite.co.uk\/fr\/wp-json\/wp\/v2\/media\/16791"}],"wp:attachment":[{"href":"https:\/\/www.inno-lite.co.uk\/fr\/wp-json\/wp\/v2\/media?parent=16790"}],"wp:term":[{"taxonomy":"product_brand","embeddable":true,"href":"https:\/\/www.inno-lite.co.uk\/fr\/wp-json\/wp\/v2\/product_brand?post=16790"},{"taxonomy":"product_cat","embeddable":true,"href":"https:\/\/www.inno-lite.co.uk\/fr\/wp-json\/wp\/v2\/product_cat?post=16790"},{"taxonomy":"product_tag","embeddable":true,"href":"https:\/\/www.inno-lite.co.uk\/fr\/wp-json\/wp\/v2\/product_tag?post=16790"}],"curies":[{"name":"wp","href":"https:\/\/api.w.org\/{rel}","templated":true}]}}