{"id":16164,"date":"2024-07-28T16:29:35","date_gmt":"2024-07-28T16:29:35","guid":{"rendered":"https:\/\/www.inno-lite.co.uk\/?post_type=product&#038;p=16164"},"modified":"2025-06-03T14:16:40","modified_gmt":"2025-06-03T14:16:40","slug":"motif-de-flocon-de-neige-en-chasse","status":"publish","type":"product","link":"https:\/\/www.inno-lite.co.uk\/fr\/product\/chasing-snowflake-motif\/","title":{"rendered":"Motif du flocon de neige en chasse"},"content":{"rendered":"<p><strong>Sp\u00e9cification :<\/strong><\/p>\n<table>\n<tbody>\n<tr>\n<td width=\"119\"><strong>Code produit<\/strong><\/td>\n<td width=\"72\"><strong>Tension<\/strong><\/td>\n<td width=\"59\"><strong>Watt<\/strong><\/td>\n<td width=\"84\"><strong>Taille<\/strong><\/td>\n<td width=\"121\"><strong>Couleur des LED<\/strong><\/td>\n<td width=\"45\"><strong>PI<\/strong><\/td>\n<\/tr>\n<tr>\n<td width=\"119\">L-Snowflake-Chasing-37cm<\/td>\n<td width=\"72\">240\/24V<\/td>\n<td width=\"59\">7W<\/td>\n<td width=\"84\">37cm<\/td>\n<td width=\"121\">Blanc ou blanc chaud<\/td>\n<td width=\"45\">IP65<\/td>\n<\/tr>\n<tr>\n<td width=\"119\">L-Flocon de neige-Chasing-47cm<\/td>\n<td width=\"72\">240\/24V<\/td>\n<td width=\"59\">7W<\/td>\n<td width=\"84\">47cm<\/td>\n<td width=\"121\">Blanc ou blanc chaud<\/td>\n<td width=\"45\">IP65<\/td>\n<\/tr>\n<tr>\n<td width=\"119\">L-Snowflake-Chasing-67cm<\/td>\n<td width=\"72\">240\/24V<\/td>\n<td width=\"59\">7W<\/td>\n<td width=\"84\">67cm<\/td>\n<td width=\"121\">Blanc ou blanc chaud<\/td>\n<td width=\"45\">IP65<\/td>\n<\/tr>\n<\/tbody>\n<\/table>","protected":false},"excerpt":{"rendered":"<p>240V ou 24V, effets de poursuite, motif flocon de neige, tailles de 37cm, 47cm et 67cm, avec c\u00e2ble en caoutchouc blanc de 0,5 m\u00e8tre, effets de poursuite double face, LED blanches ou blanches chaudes, IP65, utilisation int\u00e9rieure et ext\u00e9rieure.<\/p>","protected":false},"featured_media":16513,"comment_status":"open","ping_status":"closed","template":"","meta":{"_acf_changed":false},"product_brand":[],"product_cat":[72,76],"product_tag":[],"class_list":{"0":"post-16164","1":"product","2":"type-product","3":"status-publish","4":"has-post-thumbnail","6":"product_cat-festive-lighting","7":"product_cat-uncategorized","9":"first","10":"instock","11":"shipping-taxable","12":"product-type-simple"},"acf":[],"yoast_head":"<!-- This site is optimized with the Yoast SEO plugin v27.2 - https:\/\/yoast.com\/product\/yoast-seo-wordpress\/ -->\n<title>Chasing Snowflake Motif - Inno Lite<\/title>\n<meta name=\"robots\" content=\"index, follow, max-snippet:-1, max-image-preview:large, max-video-preview:-1\" \/>\n<link rel=\"canonical\" href=\"https:\/\/www.inno-lite.co.uk\/fr\/produit\/motif-de-flocon-de-neige-en-chasse\/\" \/>\n<meta property=\"og:locale\" content=\"fr_FR\" \/>\n<meta property=\"og:type\" content=\"article\" \/>\n<meta property=\"og:title\" content=\"Chasing Snowflake Motif - Inno Lite\" \/>\n<meta property=\"og:description\" content=\"240V or 24V, chasing effects snowflake motif, sizes from 37cm, 47cm, and 67cm, with 0.5 metre white rubber cable, double sided chasing effects, white or warm white LEDs, IP65, indoor and outdoor use.\" \/>\n<meta property=\"og:url\" content=\"https:\/\/www.inno-lite.co.uk\/fr\/produit\/motif-de-flocon-de-neige-en-chasse\/\" \/>\n<meta property=\"og:site_name\" content=\"Inno Lite\" \/>\n<meta property=\"article:modified_time\" content=\"2025-06-03T14:16:40+00:00\" \/>\n<meta property=\"og:image\" content=\"https:\/\/www.inno-lite.co.uk\/wp-content\/uploads\/2024\/07\/Chasing-Snowflake-Image.webp\" \/>\n\t<meta property=\"og:image:width\" content=\"1000\" \/>\n\t<meta property=\"og:image:height\" content=\"1000\" \/>\n\t<meta property=\"og:image:type\" content=\"image\/webp\" \/>\n<meta name=\"twitter:card\" content=\"summary_large_image\" \/>\n<meta name=\"twitter:label1\" content=\"Dur\u00e9e de lecture estim\u00e9e\" \/>\n\t<meta name=\"twitter:data1\" content=\"1 minute\" \/>\n<script type=\"application\/ld+json\" class=\"yoast-schema-graph\">{\"@context\":\"https:\/\/schema.org\",\"@graph\":[{\"@type\":\"WebPage\",\"@id\":\"https:\/\/www.inno-lite.co.uk\/product\/chasing-snowflake-motif\/\",\"url\":\"https:\/\/www.inno-lite.co.uk\/product\/chasing-snowflake-motif\/\",\"name\":\"Chasing Snowflake Motif - Inno Lite\",\"isPartOf\":{\"@id\":\"https:\/\/www.inno-lite.co.uk\/#website\"},\"primaryImageOfPage\":{\"@id\":\"https:\/\/www.inno-lite.co.uk\/product\/chasing-snowflake-motif\/#primaryimage\"},\"image\":{\"@id\":\"https:\/\/www.inno-lite.co.uk\/product\/chasing-snowflake-motif\/#primaryimage\"},\"thumbnailUrl\":\"https:\/\/www.inno-lite.co.uk\/wp-content\/uploads\/2024\/07\/Chasing-Snowflake-Image.webp\",\"datePublished\":\"2024-07-28T16:29:35+00:00\",\"dateModified\":\"2025-06-03T14:16:40+00:00\",\"breadcrumb\":{\"@id\":\"https:\/\/www.inno-lite.co.uk\/product\/chasing-snowflake-motif\/#breadcrumb\"},\"inLanguage\":\"fr-FR\",\"potentialAction\":[{\"@type\":\"ReadAction\",\"target\":[\"https:\/\/www.inno-lite.co.uk\/product\/chasing-snowflake-motif\/\"]}]},{\"@type\":\"ImageObject\",\"inLanguage\":\"fr-FR\",\"@id\":\"https:\/\/www.inno-lite.co.uk\/product\/chasing-snowflake-motif\/#primaryimage\",\"url\":\"https:\/\/www.inno-lite.co.uk\/wp-content\/uploads\/2024\/07\/Chasing-Snowflake-Image.webp\",\"contentUrl\":\"https:\/\/www.inno-lite.co.uk\/wp-content\/uploads\/2024\/07\/Chasing-Snowflake-Image.webp\",\"width\":1000,\"height\":1000},{\"@type\":\"BreadcrumbList\",\"@id\":\"https:\/\/www.inno-lite.co.uk\/product\/chasing-snowflake-motif\/#breadcrumb\",\"itemListElement\":[{\"@type\":\"ListItem\",\"position\":1,\"name\":\"Home\",\"item\":\"https:\/\/www.inno-lite.co.uk\/\"},{\"@type\":\"ListItem\",\"position\":2,\"name\":\"Shop\",\"item\":\"https:\/\/www.inno-lite.co.uk\/shop\/\"},{\"@type\":\"ListItem\",\"position\":3,\"name\":\"Chasing Snowflake Motif\"}]},{\"@type\":\"WebSite\",\"@id\":\"https:\/\/www.inno-lite.co.uk\/#website\",\"url\":\"https:\/\/www.inno-lite.co.uk\/\",\"name\":\"Inno Lite\",\"description\":\"\",\"publisher\":{\"@id\":\"https:\/\/www.inno-lite.co.uk\/#organization\"},\"potentialAction\":[{\"@type\":\"SearchAction\",\"target\":{\"@type\":\"EntryPoint\",\"urlTemplate\":\"https:\/\/www.inno-lite.co.uk\/?s={search_term_string}\"},\"query-input\":{\"@type\":\"PropertyValueSpecification\",\"valueRequired\":true,\"valueName\":\"search_term_string\"}}],\"inLanguage\":\"fr-FR\"},{\"@type\":\"Organization\",\"@id\":\"https:\/\/www.inno-lite.co.uk\/#organization\",\"name\":\"Inno Lite\",\"url\":\"https:\/\/www.inno-lite.co.uk\/\",\"logo\":{\"@type\":\"ImageObject\",\"inLanguage\":\"fr-FR\",\"@id\":\"https:\/\/www.inno-lite.co.uk\/#\/schema\/logo\/image\/\",\"url\":\"https:\/\/www.inno-lite.co.uk\/wp-content\/uploads\/2024\/02\/Inno-Lite-Logo-Draft-Rev.webp\",\"contentUrl\":\"https:\/\/www.inno-lite.co.uk\/wp-content\/uploads\/2024\/02\/Inno-Lite-Logo-Draft-Rev.webp\",\"width\":1400,\"height\":315,\"caption\":\"Inno Lite\"},\"image\":{\"@id\":\"https:\/\/www.inno-lite.co.uk\/#\/schema\/logo\/image\/\"}}]}<\/script>\n<!-- \/ Yoast SEO plugin. -->","yoast_head_json":{"title":"Chasing Snowflake Motif - Inno Lite","robots":{"index":"index","follow":"follow","max-snippet":"max-snippet:-1","max-image-preview":"max-image-preview:large","max-video-preview":"max-video-preview:-1"},"canonical":"https:\/\/www.inno-lite.co.uk\/fr\/produit\/motif-de-flocon-de-neige-en-chasse\/","og_locale":"fr_FR","og_type":"article","og_title":"Chasing Snowflake Motif - Inno Lite","og_description":"240V or 24V, chasing effects snowflake motif, sizes from 37cm, 47cm, and 67cm, with 0.5 metre white rubber cable, double sided chasing effects, white or warm white LEDs, IP65, indoor and outdoor use.","og_url":"https:\/\/www.inno-lite.co.uk\/fr\/produit\/motif-de-flocon-de-neige-en-chasse\/","og_site_name":"Inno Lite","article_modified_time":"2025-06-03T14:16:40+00:00","og_image":[{"width":1000,"height":1000,"url":"https:\/\/www.inno-lite.co.uk\/wp-content\/uploads\/2024\/07\/Chasing-Snowflake-Image.webp","type":"image\/webp"}],"twitter_card":"summary_large_image","twitter_misc":{"Dur\u00e9e de lecture estim\u00e9e":"1 minute"},"schema":{"@context":"https:\/\/schema.org","@graph":[{"@type":"WebPage","@id":"https:\/\/www.inno-lite.co.uk\/product\/chasing-snowflake-motif\/","url":"https:\/\/www.inno-lite.co.uk\/product\/chasing-snowflake-motif\/","name":"Chasing Snowflake Motif - Inno Lite","isPartOf":{"@id":"https:\/\/www.inno-lite.co.uk\/#website"},"primaryImageOfPage":{"@id":"https:\/\/www.inno-lite.co.uk\/product\/chasing-snowflake-motif\/#primaryimage"},"image":{"@id":"https:\/\/www.inno-lite.co.uk\/product\/chasing-snowflake-motif\/#primaryimage"},"thumbnailUrl":"https:\/\/www.inno-lite.co.uk\/wp-content\/uploads\/2024\/07\/Chasing-Snowflake-Image.webp","datePublished":"2024-07-28T16:29:35+00:00","dateModified":"2025-06-03T14:16:40+00:00","breadcrumb":{"@id":"https:\/\/www.inno-lite.co.uk\/product\/chasing-snowflake-motif\/#breadcrumb"},"inLanguage":"fr-FR","potentialAction":[{"@type":"ReadAction","target":["https:\/\/www.inno-lite.co.uk\/product\/chasing-snowflake-motif\/"]}]},{"@type":"ImageObject","inLanguage":"fr-FR","@id":"https:\/\/www.inno-lite.co.uk\/product\/chasing-snowflake-motif\/#primaryimage","url":"https:\/\/www.inno-lite.co.uk\/wp-content\/uploads\/2024\/07\/Chasing-Snowflake-Image.webp","contentUrl":"https:\/\/www.inno-lite.co.uk\/wp-content\/uploads\/2024\/07\/Chasing-Snowflake-Image.webp","width":1000,"height":1000},{"@type":"BreadcrumbList","@id":"https:\/\/www.inno-lite.co.uk\/product\/chasing-snowflake-motif\/#breadcrumb","itemListElement":[{"@type":"ListItem","position":1,"name":"Home","item":"https:\/\/www.inno-lite.co.uk\/"},{"@type":"ListItem","position":2,"name":"Shop","item":"https:\/\/www.inno-lite.co.uk\/shop\/"},{"@type":"ListItem","position":3,"name":"Chasing Snowflake Motif"}]},{"@type":"WebSite","@id":"https:\/\/www.inno-lite.co.uk\/#website","url":"https:\/\/www.inno-lite.co.uk\/","name":"Inno Lite","description":"","publisher":{"@id":"https:\/\/www.inno-lite.co.uk\/#organization"},"potentialAction":[{"@type":"SearchAction","target":{"@type":"EntryPoint","urlTemplate":"https:\/\/www.inno-lite.co.uk\/?s={search_term_string}"},"query-input":{"@type":"PropertyValueSpecification","valueRequired":true,"valueName":"search_term_string"}}],"inLanguage":"fr-FR"},{"@type":"Organization","@id":"https:\/\/www.inno-lite.co.uk\/#organization","name":"Inno Lite","url":"https:\/\/www.inno-lite.co.uk\/","logo":{"@type":"ImageObject","inLanguage":"fr-FR","@id":"https:\/\/www.inno-lite.co.uk\/#\/schema\/logo\/image\/","url":"https:\/\/www.inno-lite.co.uk\/wp-content\/uploads\/2024\/02\/Inno-Lite-Logo-Draft-Rev.webp","contentUrl":"https:\/\/www.inno-lite.co.uk\/wp-content\/uploads\/2024\/02\/Inno-Lite-Logo-Draft-Rev.webp","width":1400,"height":315,"caption":"Inno Lite"},"image":{"@id":"https:\/\/www.inno-lite.co.uk\/#\/schema\/logo\/image\/"}}]}},"_links":{"self":[{"href":"https:\/\/www.inno-lite.co.uk\/fr\/wp-json\/wp\/v2\/product\/16164","targetHints":{"allow":["GET"]}}],"collection":[{"href":"https:\/\/www.inno-lite.co.uk\/fr\/wp-json\/wp\/v2\/product"}],"about":[{"href":"https:\/\/www.inno-lite.co.uk\/fr\/wp-json\/wp\/v2\/types\/product"}],"replies":[{"embeddable":true,"href":"https:\/\/www.inno-lite.co.uk\/fr\/wp-json\/wp\/v2\/comments?post=16164"}],"version-history":[{"count":1,"href":"https:\/\/www.inno-lite.co.uk\/fr\/wp-json\/wp\/v2\/product\/16164\/revisions"}],"predecessor-version":[{"id":16170,"href":"https:\/\/www.inno-lite.co.uk\/fr\/wp-json\/wp\/v2\/product\/16164\/revisions\/16170"}],"wp:featuredmedia":[{"embeddable":true,"href":"https:\/\/www.inno-lite.co.uk\/fr\/wp-json\/wp\/v2\/media\/16513"}],"wp:attachment":[{"href":"https:\/\/www.inno-lite.co.uk\/fr\/wp-json\/wp\/v2\/media?parent=16164"}],"wp:term":[{"taxonomy":"product_brand","embeddable":true,"href":"https:\/\/www.inno-lite.co.uk\/fr\/wp-json\/wp\/v2\/product_brand?post=16164"},{"taxonomy":"product_cat","embeddable":true,"href":"https:\/\/www.inno-lite.co.uk\/fr\/wp-json\/wp\/v2\/product_cat?post=16164"},{"taxonomy":"product_tag","embeddable":true,"href":"https:\/\/www.inno-lite.co.uk\/fr\/wp-json\/wp\/v2\/product_tag?post=16164"}],"curies":[{"name":"wp","href":"https:\/\/api.w.org\/{rel}","templated":true}]}}