{"id":16154,"date":"2024-07-28T16:19:10","date_gmt":"2024-07-28T16:19:10","guid":{"rendered":"https:\/\/www.inno-lite.co.uk\/?post_type=product&#038;p=16154"},"modified":"2025-05-27T14:04:01","modified_gmt":"2025-05-27T14:04:01","slug":"rgbww-led-spot-light-remote-control","status":"publish","type":"product","link":"https:\/\/www.inno-lite.co.uk\/fr\/product\/rgbww-led-spot-light-remote-control\/","title":{"rendered":"Spot LED RGBWW (t\u00e9l\u00e9commande)"},"content":{"rendered":"<p><strong>Sp\u00e9cification :<\/strong><\/p>\n<table>\n<tbody>\n<tr>\n<td width=\"83\"><strong>Code produit<\/strong><\/td>\n<td width=\"69\"><strong>Tension<\/strong><\/td>\n<td width=\"59\"><strong>Puissance<\/strong><\/td>\n<td width=\"120\"><strong>Taille<\/strong><\/td>\n<td width=\"112\"><strong>Lumen<\/strong><\/td>\n<td width=\"107\"><strong>Couleur<\/strong><\/td>\n<td width=\"50\"><strong>PI<\/strong><\/td>\n<\/tr>\n<tr>\n<td width=\"83\">L-S-7W-RGBWW<\/td>\n<td width=\"69\">240V ou 24V<\/td>\n<td width=\"59\">7 Watt<\/td>\n<td width=\"120\">75mm\u00d7103mm<\/td>\n<td width=\"112\">500-550LM<\/td>\n<td width=\"107\">Blanc, blanc chaud et RVB<\/td>\n<td width=\"50\">IP66<\/td>\n<\/tr>\n<tr>\n<td width=\"83\">L-S-12W-RGBWW<\/td>\n<td width=\"69\">240V ou 24V<\/td>\n<td width=\"59\">12 Watt<\/td>\n<td width=\"120\">120mm\u00d761mm<\/td>\n<td width=\"112\">1000-1200LM<\/td>\n<td width=\"107\">Blanc, blanc chaud et RVB<\/td>\n<td width=\"50\">IP66<\/td>\n<\/tr>\n<\/tbody>\n<\/table>","protected":false},"excerpt":{"rendered":"<p>Spot LED RGBWW 240V ou 24V, 7 watts ou 12 watts, avec t\u00e9l\u00e9commande pour obtenir une couleur blanche, blanche chaude ou RGB. Sur la t\u00e9l\u00e9commande, il y a un contr\u00f4le CCT du blanc glac\u00e9 au blanc chaud, plus un anneau de couleur pour fixer diff\u00e9rentes couleurs RGB, et aussi un bouton de mode pour diff\u00e9rentes fonctions, et un contr\u00f4le de la vitesse et de la luminosit\u00e9, IP66, utilisation en int\u00e9rieur et en ext\u00e9rieur.<\/p>\n<p>Une t\u00e9l\u00e9commande peut contr\u00f4ler 8 groupes de projecteurs. Chaque groupe peut associer jusqu'\u00e0 100 projecteurs.<\/p>","protected":false},"featured_media":16156,"comment_status":"open","ping_status":"closed","template":"","meta":{"_acf_changed":false},"product_brand":[],"product_cat":[73,72],"product_tag":[],"class_list":{"0":"post-16154","1":"product","2":"type-product","3":"status-publish","4":"has-post-thumbnail","6":"product_cat-event-lighting","7":"product_cat-festive-lighting","9":"first","10":"instock","11":"shipping-taxable","12":"product-type-simple"},"acf":[],"yoast_head":"<!-- This site is optimized with the Yoast SEO plugin v27.2 - https:\/\/yoast.com\/product\/yoast-seo-wordpress\/ -->\n<title>RGBWW LED Spot Light (Remote Control) - Inno Lite<\/title>\n<meta name=\"robots\" content=\"index, follow, max-snippet:-1, max-image-preview:large, max-video-preview:-1\" \/>\n<link rel=\"canonical\" href=\"https:\/\/www.inno-lite.co.uk\/fr\/produit\/rgbww-led-spot-light-remote-control\/\" \/>\n<meta property=\"og:locale\" content=\"fr_FR\" \/>\n<meta property=\"og:type\" content=\"article\" \/>\n<meta property=\"og:title\" content=\"RGBWW LED Spot Light (Remote Control) - Inno Lite\" \/>\n<meta property=\"og:description\" content=\"240V or 24V RGBWW LED spot light, 7 watt or 12 watt, with remote control to have white, warm white or RGB colour. On the remote control, there is CCT control from ice white to warm white colour, plus colour ring to fix different RGB colour, and also mode button for different functions, and speed and brightness control, IP66, indoor and outdoor use.  One remote control can control 8 groups of spot lights. Each group can pair up to 100 pieces of spot lights.\" \/>\n<meta property=\"og:url\" content=\"https:\/\/www.inno-lite.co.uk\/fr\/produit\/rgbww-led-spot-light-remote-control\/\" \/>\n<meta property=\"og:site_name\" content=\"Inno Lite\" \/>\n<meta property=\"article:modified_time\" content=\"2025-05-27T14:04:01+00:00\" \/>\n<meta property=\"og:image\" content=\"https:\/\/www.inno-lite.co.uk\/wp-content\/uploads\/2024\/07\/12-watt.jpg\" \/>\n\t<meta property=\"og:image:width\" content=\"403\" \/>\n\t<meta property=\"og:image:height\" content=\"451\" \/>\n\t<meta property=\"og:image:type\" content=\"image\/jpeg\" \/>\n<meta name=\"twitter:card\" content=\"summary_large_image\" \/>\n<meta name=\"twitter:label1\" content=\"Dur\u00e9e de lecture estim\u00e9e\" \/>\n\t<meta name=\"twitter:data1\" content=\"1 minute\" \/>\n<script type=\"application\/ld+json\" class=\"yoast-schema-graph\">{\"@context\":\"https:\/\/schema.org\",\"@graph\":[{\"@type\":\"WebPage\",\"@id\":\"https:\/\/www.inno-lite.co.uk\/product\/rgbww-led-spot-light-remote-control\/\",\"url\":\"https:\/\/www.inno-lite.co.uk\/product\/rgbww-led-spot-light-remote-control\/\",\"name\":\"RGBWW LED Spot Light (Remote Control) - Inno Lite\",\"isPartOf\":{\"@id\":\"https:\/\/www.inno-lite.co.uk\/#website\"},\"primaryImageOfPage\":{\"@id\":\"https:\/\/www.inno-lite.co.uk\/product\/rgbww-led-spot-light-remote-control\/#primaryimage\"},\"image\":{\"@id\":\"https:\/\/www.inno-lite.co.uk\/product\/rgbww-led-spot-light-remote-control\/#primaryimage\"},\"thumbnailUrl\":\"https:\/\/www.inno-lite.co.uk\/wp-content\/uploads\/2024\/07\/12-watt.jpg\",\"datePublished\":\"2024-07-28T16:19:10+00:00\",\"dateModified\":\"2025-05-27T14:04:01+00:00\",\"breadcrumb\":{\"@id\":\"https:\/\/www.inno-lite.co.uk\/product\/rgbww-led-spot-light-remote-control\/#breadcrumb\"},\"inLanguage\":\"fr-FR\",\"potentialAction\":[{\"@type\":\"ReadAction\",\"target\":[\"https:\/\/www.inno-lite.co.uk\/product\/rgbww-led-spot-light-remote-control\/\"]}]},{\"@type\":\"ImageObject\",\"inLanguage\":\"fr-FR\",\"@id\":\"https:\/\/www.inno-lite.co.uk\/product\/rgbww-led-spot-light-remote-control\/#primaryimage\",\"url\":\"https:\/\/www.inno-lite.co.uk\/wp-content\/uploads\/2024\/07\/12-watt.jpg\",\"contentUrl\":\"https:\/\/www.inno-lite.co.uk\/wp-content\/uploads\/2024\/07\/12-watt.jpg\",\"width\":403,\"height\":451},{\"@type\":\"BreadcrumbList\",\"@id\":\"https:\/\/www.inno-lite.co.uk\/product\/rgbww-led-spot-light-remote-control\/#breadcrumb\",\"itemListElement\":[{\"@type\":\"ListItem\",\"position\":1,\"name\":\"Home\",\"item\":\"https:\/\/www.inno-lite.co.uk\/\"},{\"@type\":\"ListItem\",\"position\":2,\"name\":\"Shop\",\"item\":\"https:\/\/www.inno-lite.co.uk\/shop\/\"},{\"@type\":\"ListItem\",\"position\":3,\"name\":\"RGBWW LED Spot Light (Remote Control)\"}]},{\"@type\":\"WebSite\",\"@id\":\"https:\/\/www.inno-lite.co.uk\/#website\",\"url\":\"https:\/\/www.inno-lite.co.uk\/\",\"name\":\"Inno Lite\",\"description\":\"\",\"publisher\":{\"@id\":\"https:\/\/www.inno-lite.co.uk\/#organization\"},\"potentialAction\":[{\"@type\":\"SearchAction\",\"target\":{\"@type\":\"EntryPoint\",\"urlTemplate\":\"https:\/\/www.inno-lite.co.uk\/?s={search_term_string}\"},\"query-input\":{\"@type\":\"PropertyValueSpecification\",\"valueRequired\":true,\"valueName\":\"search_term_string\"}}],\"inLanguage\":\"fr-FR\"},{\"@type\":\"Organization\",\"@id\":\"https:\/\/www.inno-lite.co.uk\/#organization\",\"name\":\"Inno Lite\",\"url\":\"https:\/\/www.inno-lite.co.uk\/\",\"logo\":{\"@type\":\"ImageObject\",\"inLanguage\":\"fr-FR\",\"@id\":\"https:\/\/www.inno-lite.co.uk\/#\/schema\/logo\/image\/\",\"url\":\"https:\/\/www.inno-lite.co.uk\/wp-content\/uploads\/2024\/02\/Inno-Lite-Logo-Draft-Rev.webp\",\"contentUrl\":\"https:\/\/www.inno-lite.co.uk\/wp-content\/uploads\/2024\/02\/Inno-Lite-Logo-Draft-Rev.webp\",\"width\":1400,\"height\":315,\"caption\":\"Inno Lite\"},\"image\":{\"@id\":\"https:\/\/www.inno-lite.co.uk\/#\/schema\/logo\/image\/\"}}]}<\/script>\n<!-- \/ Yoast SEO plugin. -->","yoast_head_json":{"title":"Spot LED RGBWW (t\u00e9l\u00e9commande) - Inno Lite","robots":{"index":"index","follow":"follow","max-snippet":"max-snippet:-1","max-image-preview":"max-image-preview:large","max-video-preview":"max-video-preview:-1"},"canonical":"https:\/\/www.inno-lite.co.uk\/fr\/produit\/rgbww-led-spot-light-remote-control\/","og_locale":"fr_FR","og_type":"article","og_title":"RGBWW LED Spot Light (Remote Control) - Inno Lite","og_description":"240V or 24V RGBWW LED spot light, 7 watt or 12 watt, with remote control to have white, warm white or RGB colour. On the remote control, there is CCT control from ice white to warm white colour, plus colour ring to fix different RGB colour, and also mode button for different functions, and speed and brightness control, IP66, indoor and outdoor use.  One remote control can control 8 groups of spot lights. Each group can pair up to 100 pieces of spot lights.","og_url":"https:\/\/www.inno-lite.co.uk\/fr\/produit\/rgbww-led-spot-light-remote-control\/","og_site_name":"Inno Lite","article_modified_time":"2025-05-27T14:04:01+00:00","og_image":[{"width":403,"height":451,"url":"https:\/\/www.inno-lite.co.uk\/wp-content\/uploads\/2024\/07\/12-watt.jpg","type":"image\/jpeg"}],"twitter_card":"summary_large_image","twitter_misc":{"Dur\u00e9e de lecture estim\u00e9e":"1 minute"},"schema":{"@context":"https:\/\/schema.org","@graph":[{"@type":"WebPage","@id":"https:\/\/www.inno-lite.co.uk\/product\/rgbww-led-spot-light-remote-control\/","url":"https:\/\/www.inno-lite.co.uk\/product\/rgbww-led-spot-light-remote-control\/","name":"Spot LED RGBWW (t\u00e9l\u00e9commande) - Inno Lite","isPartOf":{"@id":"https:\/\/www.inno-lite.co.uk\/#website"},"primaryImageOfPage":{"@id":"https:\/\/www.inno-lite.co.uk\/product\/rgbww-led-spot-light-remote-control\/#primaryimage"},"image":{"@id":"https:\/\/www.inno-lite.co.uk\/product\/rgbww-led-spot-light-remote-control\/#primaryimage"},"thumbnailUrl":"https:\/\/www.inno-lite.co.uk\/wp-content\/uploads\/2024\/07\/12-watt.jpg","datePublished":"2024-07-28T16:19:10+00:00","dateModified":"2025-05-27T14:04:01+00:00","breadcrumb":{"@id":"https:\/\/www.inno-lite.co.uk\/product\/rgbww-led-spot-light-remote-control\/#breadcrumb"},"inLanguage":"fr-FR","potentialAction":[{"@type":"ReadAction","target":["https:\/\/www.inno-lite.co.uk\/product\/rgbww-led-spot-light-remote-control\/"]}]},{"@type":"ImageObject","inLanguage":"fr-FR","@id":"https:\/\/www.inno-lite.co.uk\/product\/rgbww-led-spot-light-remote-control\/#primaryimage","url":"https:\/\/www.inno-lite.co.uk\/wp-content\/uploads\/2024\/07\/12-watt.jpg","contentUrl":"https:\/\/www.inno-lite.co.uk\/wp-content\/uploads\/2024\/07\/12-watt.jpg","width":403,"height":451},{"@type":"BreadcrumbList","@id":"https:\/\/www.inno-lite.co.uk\/product\/rgbww-led-spot-light-remote-control\/#breadcrumb","itemListElement":[{"@type":"ListItem","position":1,"name":"Home","item":"https:\/\/www.inno-lite.co.uk\/"},{"@type":"ListItem","position":2,"name":"Shop","item":"https:\/\/www.inno-lite.co.uk\/shop\/"},{"@type":"ListItem","position":3,"name":"RGBWW LED Spot Light (Remote Control)"}]},{"@type":"WebSite","@id":"https:\/\/www.inno-lite.co.uk\/#website","url":"https:\/\/www.inno-lite.co.uk\/","name":"Inno Lite","description":"","publisher":{"@id":"https:\/\/www.inno-lite.co.uk\/#organization"},"potentialAction":[{"@type":"SearchAction","target":{"@type":"EntryPoint","urlTemplate":"https:\/\/www.inno-lite.co.uk\/?s={search_term_string}"},"query-input":{"@type":"PropertyValueSpecification","valueRequired":true,"valueName":"search_term_string"}}],"inLanguage":"fr-FR"},{"@type":"Organization","@id":"https:\/\/www.inno-lite.co.uk\/#organization","name":"Inno Lite","url":"https:\/\/www.inno-lite.co.uk\/","logo":{"@type":"ImageObject","inLanguage":"fr-FR","@id":"https:\/\/www.inno-lite.co.uk\/#\/schema\/logo\/image\/","url":"https:\/\/www.inno-lite.co.uk\/wp-content\/uploads\/2024\/02\/Inno-Lite-Logo-Draft-Rev.webp","contentUrl":"https:\/\/www.inno-lite.co.uk\/wp-content\/uploads\/2024\/02\/Inno-Lite-Logo-Draft-Rev.webp","width":1400,"height":315,"caption":"Inno Lite"},"image":{"@id":"https:\/\/www.inno-lite.co.uk\/#\/schema\/logo\/image\/"}}]}},"_links":{"self":[{"href":"https:\/\/www.inno-lite.co.uk\/fr\/wp-json\/wp\/v2\/product\/16154","targetHints":{"allow":["GET"]}}],"collection":[{"href":"https:\/\/www.inno-lite.co.uk\/fr\/wp-json\/wp\/v2\/product"}],"about":[{"href":"https:\/\/www.inno-lite.co.uk\/fr\/wp-json\/wp\/v2\/types\/product"}],"replies":[{"embeddable":true,"href":"https:\/\/www.inno-lite.co.uk\/fr\/wp-json\/wp\/v2\/comments?post=16154"}],"version-history":[{"count":1,"href":"https:\/\/www.inno-lite.co.uk\/fr\/wp-json\/wp\/v2\/product\/16154\/revisions"}],"predecessor-version":[{"id":16163,"href":"https:\/\/www.inno-lite.co.uk\/fr\/wp-json\/wp\/v2\/product\/16154\/revisions\/16163"}],"wp:featuredmedia":[{"embeddable":true,"href":"https:\/\/www.inno-lite.co.uk\/fr\/wp-json\/wp\/v2\/media\/16156"}],"wp:attachment":[{"href":"https:\/\/www.inno-lite.co.uk\/fr\/wp-json\/wp\/v2\/media?parent=16154"}],"wp:term":[{"taxonomy":"product_brand","embeddable":true,"href":"https:\/\/www.inno-lite.co.uk\/fr\/wp-json\/wp\/v2\/product_brand?post=16154"},{"taxonomy":"product_cat","embeddable":true,"href":"https:\/\/www.inno-lite.co.uk\/fr\/wp-json\/wp\/v2\/product_cat?post=16154"},{"taxonomy":"product_tag","embeddable":true,"href":"https:\/\/www.inno-lite.co.uk\/fr\/wp-json\/wp\/v2\/product_tag?post=16154"}],"curies":[{"name":"wp","href":"https:\/\/api.w.org\/{rel}","templated":true}]}}