{"id":16147,"date":"2024-07-28T16:13:20","date_gmt":"2024-07-28T16:13:20","guid":{"rendered":"https:\/\/www.inno-lite.co.uk\/?post_type=product&#038;p=16147"},"modified":"2024-08-14T14:32:20","modified_gmt":"2024-08-14T14:32:20","slug":"lumiere-de-feston-a-filament-led-ip65-personnalisee","status":"publish","type":"product","link":"https:\/\/www.inno-lite.co.uk\/fr\/product\/customized-ip65-led-filament-festoon-light\/","title":{"rendered":"Feston lumineux \u00e0 filament LED IP65 personnalis\u00e9"},"content":{"rendered":"","protected":false},"excerpt":{"rendered":"<p>240V ou 24V, c\u00e2ble plat en caoutchouc tr\u00e8s r\u00e9sistant, double isolation, connectable, longueur personnalis\u00e9e, espacement des lampes personnalis\u00e9, lampe incassable, lampe incassable de 1W ou 2W, dimmable, IP65, usage commercial int\u00e9rieur et ext\u00e9rieur.<\/p>\n<p>Longueur du c\u00e2ble : 5 m\u00e8tres, 10 m\u00e8tres, 25 m\u00e8tres, 50 m\u00e8tres, etc.<\/p>\n<p>La lampe peut \u00eatre fix\u00e9e sur le c\u00e2ble \u00e0 un emplacement personnalis\u00e9 et peut \u00e9galement \u00eatre facilement remplac\u00e9e.<\/p>\n<p>Couleur de la lampe : blanc, blanc chaud, rouge, vert, bleu, jaune, rose<\/p>\n<p>Puissance de la lampe : 1 Watt, 2 Watt, 4 Watt<\/p>","protected":false},"featured_media":16516,"comment_status":"open","ping_status":"closed","template":"","meta":{"_acf_changed":false},"product_brand":[],"product_cat":[73,72,76],"product_tag":[],"class_list":{"0":"post-16147","1":"product","2":"type-product","3":"status-publish","4":"has-post-thumbnail","6":"product_cat-event-lighting","7":"product_cat-festive-lighting","8":"product_cat-uncategorized","10":"first","11":"instock","12":"shipping-taxable","13":"product-type-simple"},"acf":[],"yoast_head":"<!-- This site is optimized with the Yoast SEO plugin v27.2 - https:\/\/yoast.com\/product\/yoast-seo-wordpress\/ -->\n<title>Customized IP65 LED Filament Festoon Light - Inno Lite<\/title>\n<meta name=\"robots\" content=\"index, follow, max-snippet:-1, max-image-preview:large, max-video-preview:-1\" \/>\n<link rel=\"canonical\" href=\"https:\/\/www.inno-lite.co.uk\/fr\/produit\/lumiere-de-feston-a-filament-led-ip65-personnalisee\/\" \/>\n<meta property=\"og:locale\" content=\"fr_FR\" \/>\n<meta property=\"og:type\" content=\"article\" \/>\n<meta property=\"og:title\" content=\"Customized IP65 LED Filament Festoon Light - Inno Lite\" \/>\n<meta property=\"og:description\" content=\"240V or 24V, heavy duty flat rubber cable, double insulated, connectable, customized length, customized lamp spacing, shatterproof lamp, 1W or 2W shatterproof lamp, dimmable, IP65, commercial indoor and outdoor use.  Cable Length: 5 metre, 10 metre, 25 metre, 50 metre, etc  Lamp can be fixed on the cable at customized space, and can be easily replaced as well.  Lamp colour: white, warm white, red, green, blue, yellow, pink  Lamp power: 1 Watt, 2 Watt, 4 Watt\" \/>\n<meta property=\"og:url\" content=\"https:\/\/www.inno-lite.co.uk\/fr\/produit\/lumiere-de-feston-a-filament-led-ip65-personnalisee\/\" \/>\n<meta property=\"og:site_name\" content=\"Inno Lite\" \/>\n<meta property=\"article:modified_time\" content=\"2024-08-14T14:32:20+00:00\" \/>\n<meta property=\"og:image\" content=\"https:\/\/www.inno-lite.co.uk\/wp-content\/uploads\/2024\/07\/IP-65-Image.webp\" \/>\n\t<meta property=\"og:image:width\" content=\"1000\" \/>\n\t<meta property=\"og:image:height\" content=\"1000\" \/>\n\t<meta property=\"og:image:type\" content=\"image\/webp\" \/>\n<meta name=\"twitter:card\" content=\"summary_large_image\" \/>\n<meta name=\"twitter:label1\" content=\"Dur\u00e9e de lecture estim\u00e9e\" \/>\n\t<meta name=\"twitter:data1\" content=\"1 minute\" \/>\n<script type=\"application\/ld+json\" class=\"yoast-schema-graph\">{\"@context\":\"https:\/\/schema.org\",\"@graph\":[{\"@type\":\"WebPage\",\"@id\":\"https:\/\/www.inno-lite.co.uk\/product\/customized-ip65-led-filament-festoon-light\/\",\"url\":\"https:\/\/www.inno-lite.co.uk\/product\/customized-ip65-led-filament-festoon-light\/\",\"name\":\"Customized IP65 LED Filament Festoon Light - Inno Lite\",\"isPartOf\":{\"@id\":\"https:\/\/www.inno-lite.co.uk\/#website\"},\"primaryImageOfPage\":{\"@id\":\"https:\/\/www.inno-lite.co.uk\/product\/customized-ip65-led-filament-festoon-light\/#primaryimage\"},\"image\":{\"@id\":\"https:\/\/www.inno-lite.co.uk\/product\/customized-ip65-led-filament-festoon-light\/#primaryimage\"},\"thumbnailUrl\":\"https:\/\/www.inno-lite.co.uk\/wp-content\/uploads\/2024\/07\/IP-65-Image.webp\",\"datePublished\":\"2024-07-28T16:13:20+00:00\",\"dateModified\":\"2024-08-14T14:32:20+00:00\",\"breadcrumb\":{\"@id\":\"https:\/\/www.inno-lite.co.uk\/product\/customized-ip65-led-filament-festoon-light\/#breadcrumb\"},\"inLanguage\":\"fr-FR\",\"potentialAction\":[{\"@type\":\"ReadAction\",\"target\":[\"https:\/\/www.inno-lite.co.uk\/product\/customized-ip65-led-filament-festoon-light\/\"]}]},{\"@type\":\"ImageObject\",\"inLanguage\":\"fr-FR\",\"@id\":\"https:\/\/www.inno-lite.co.uk\/product\/customized-ip65-led-filament-festoon-light\/#primaryimage\",\"url\":\"https:\/\/www.inno-lite.co.uk\/wp-content\/uploads\/2024\/07\/IP-65-Image.webp\",\"contentUrl\":\"https:\/\/www.inno-lite.co.uk\/wp-content\/uploads\/2024\/07\/IP-65-Image.webp\",\"width\":1000,\"height\":1000},{\"@type\":\"BreadcrumbList\",\"@id\":\"https:\/\/www.inno-lite.co.uk\/product\/customized-ip65-led-filament-festoon-light\/#breadcrumb\",\"itemListElement\":[{\"@type\":\"ListItem\",\"position\":1,\"name\":\"Home\",\"item\":\"https:\/\/www.inno-lite.co.uk\/\"},{\"@type\":\"ListItem\",\"position\":2,\"name\":\"Shop\",\"item\":\"https:\/\/www.inno-lite.co.uk\/shop\/\"},{\"@type\":\"ListItem\",\"position\":3,\"name\":\"Customized IP65 LED Filament Festoon Light\"}]},{\"@type\":\"WebSite\",\"@id\":\"https:\/\/www.inno-lite.co.uk\/#website\",\"url\":\"https:\/\/www.inno-lite.co.uk\/\",\"name\":\"Inno Lite\",\"description\":\"\",\"publisher\":{\"@id\":\"https:\/\/www.inno-lite.co.uk\/#organization\"},\"potentialAction\":[{\"@type\":\"SearchAction\",\"target\":{\"@type\":\"EntryPoint\",\"urlTemplate\":\"https:\/\/www.inno-lite.co.uk\/?s={search_term_string}\"},\"query-input\":{\"@type\":\"PropertyValueSpecification\",\"valueRequired\":true,\"valueName\":\"search_term_string\"}}],\"inLanguage\":\"fr-FR\"},{\"@type\":\"Organization\",\"@id\":\"https:\/\/www.inno-lite.co.uk\/#organization\",\"name\":\"Inno Lite\",\"url\":\"https:\/\/www.inno-lite.co.uk\/\",\"logo\":{\"@type\":\"ImageObject\",\"inLanguage\":\"fr-FR\",\"@id\":\"https:\/\/www.inno-lite.co.uk\/#\/schema\/logo\/image\/\",\"url\":\"https:\/\/www.inno-lite.co.uk\/wp-content\/uploads\/2024\/02\/Inno-Lite-Logo-Draft-Rev.webp\",\"contentUrl\":\"https:\/\/www.inno-lite.co.uk\/wp-content\/uploads\/2024\/02\/Inno-Lite-Logo-Draft-Rev.webp\",\"width\":1400,\"height\":315,\"caption\":\"Inno Lite\"},\"image\":{\"@id\":\"https:\/\/www.inno-lite.co.uk\/#\/schema\/logo\/image\/\"}}]}<\/script>\n<!-- \/ Yoast SEO plugin. -->","yoast_head_json":{"title":"Feston lumineux \u00e0 filament LED IP65 personnalis\u00e9 - Inno Lite","robots":{"index":"index","follow":"follow","max-snippet":"max-snippet:-1","max-image-preview":"max-image-preview:large","max-video-preview":"max-video-preview:-1"},"canonical":"https:\/\/www.inno-lite.co.uk\/fr\/produit\/lumiere-de-feston-a-filament-led-ip65-personnalisee\/","og_locale":"fr_FR","og_type":"article","og_title":"Customized IP65 LED Filament Festoon Light - Inno Lite","og_description":"240V or 24V, heavy duty flat rubber cable, double insulated, connectable, customized length, customized lamp spacing, shatterproof lamp, 1W or 2W shatterproof lamp, dimmable, IP65, commercial indoor and outdoor use.  Cable Length: 5 metre, 10 metre, 25 metre, 50 metre, etc  Lamp can be fixed on the cable at customized space, and can be easily replaced as well.  Lamp colour: white, warm white, red, green, blue, yellow, pink  Lamp power: 1 Watt, 2 Watt, 4 Watt","og_url":"https:\/\/www.inno-lite.co.uk\/fr\/produit\/lumiere-de-feston-a-filament-led-ip65-personnalisee\/","og_site_name":"Inno Lite","article_modified_time":"2024-08-14T14:32:20+00:00","og_image":[{"width":1000,"height":1000,"url":"https:\/\/www.inno-lite.co.uk\/wp-content\/uploads\/2024\/07\/IP-65-Image.webp","type":"image\/webp"}],"twitter_card":"summary_large_image","twitter_misc":{"Dur\u00e9e de lecture estim\u00e9e":"1 minute"},"schema":{"@context":"https:\/\/schema.org","@graph":[{"@type":"WebPage","@id":"https:\/\/www.inno-lite.co.uk\/product\/customized-ip65-led-filament-festoon-light\/","url":"https:\/\/www.inno-lite.co.uk\/product\/customized-ip65-led-filament-festoon-light\/","name":"Feston lumineux \u00e0 filament LED IP65 personnalis\u00e9 - Inno Lite","isPartOf":{"@id":"https:\/\/www.inno-lite.co.uk\/#website"},"primaryImageOfPage":{"@id":"https:\/\/www.inno-lite.co.uk\/product\/customized-ip65-led-filament-festoon-light\/#primaryimage"},"image":{"@id":"https:\/\/www.inno-lite.co.uk\/product\/customized-ip65-led-filament-festoon-light\/#primaryimage"},"thumbnailUrl":"https:\/\/www.inno-lite.co.uk\/wp-content\/uploads\/2024\/07\/IP-65-Image.webp","datePublished":"2024-07-28T16:13:20+00:00","dateModified":"2024-08-14T14:32:20+00:00","breadcrumb":{"@id":"https:\/\/www.inno-lite.co.uk\/product\/customized-ip65-led-filament-festoon-light\/#breadcrumb"},"inLanguage":"fr-FR","potentialAction":[{"@type":"ReadAction","target":["https:\/\/www.inno-lite.co.uk\/product\/customized-ip65-led-filament-festoon-light\/"]}]},{"@type":"ImageObject","inLanguage":"fr-FR","@id":"https:\/\/www.inno-lite.co.uk\/product\/customized-ip65-led-filament-festoon-light\/#primaryimage","url":"https:\/\/www.inno-lite.co.uk\/wp-content\/uploads\/2024\/07\/IP-65-Image.webp","contentUrl":"https:\/\/www.inno-lite.co.uk\/wp-content\/uploads\/2024\/07\/IP-65-Image.webp","width":1000,"height":1000},{"@type":"BreadcrumbList","@id":"https:\/\/www.inno-lite.co.uk\/product\/customized-ip65-led-filament-festoon-light\/#breadcrumb","itemListElement":[{"@type":"ListItem","position":1,"name":"Home","item":"https:\/\/www.inno-lite.co.uk\/"},{"@type":"ListItem","position":2,"name":"Shop","item":"https:\/\/www.inno-lite.co.uk\/shop\/"},{"@type":"ListItem","position":3,"name":"Customized IP65 LED Filament Festoon Light"}]},{"@type":"WebSite","@id":"https:\/\/www.inno-lite.co.uk\/#website","url":"https:\/\/www.inno-lite.co.uk\/","name":"Inno Lite","description":"","publisher":{"@id":"https:\/\/www.inno-lite.co.uk\/#organization"},"potentialAction":[{"@type":"SearchAction","target":{"@type":"EntryPoint","urlTemplate":"https:\/\/www.inno-lite.co.uk\/?s={search_term_string}"},"query-input":{"@type":"PropertyValueSpecification","valueRequired":true,"valueName":"search_term_string"}}],"inLanguage":"fr-FR"},{"@type":"Organization","@id":"https:\/\/www.inno-lite.co.uk\/#organization","name":"Inno Lite","url":"https:\/\/www.inno-lite.co.uk\/","logo":{"@type":"ImageObject","inLanguage":"fr-FR","@id":"https:\/\/www.inno-lite.co.uk\/#\/schema\/logo\/image\/","url":"https:\/\/www.inno-lite.co.uk\/wp-content\/uploads\/2024\/02\/Inno-Lite-Logo-Draft-Rev.webp","contentUrl":"https:\/\/www.inno-lite.co.uk\/wp-content\/uploads\/2024\/02\/Inno-Lite-Logo-Draft-Rev.webp","width":1400,"height":315,"caption":"Inno Lite"},"image":{"@id":"https:\/\/www.inno-lite.co.uk\/#\/schema\/logo\/image\/"}}]}},"_links":{"self":[{"href":"https:\/\/www.inno-lite.co.uk\/fr\/wp-json\/wp\/v2\/product\/16147","targetHints":{"allow":["GET"]}}],"collection":[{"href":"https:\/\/www.inno-lite.co.uk\/fr\/wp-json\/wp\/v2\/product"}],"about":[{"href":"https:\/\/www.inno-lite.co.uk\/fr\/wp-json\/wp\/v2\/types\/product"}],"replies":[{"embeddable":true,"href":"https:\/\/www.inno-lite.co.uk\/fr\/wp-json\/wp\/v2\/comments?post=16147"}],"version-history":[{"count":1,"href":"https:\/\/www.inno-lite.co.uk\/fr\/wp-json\/wp\/v2\/product\/16147\/revisions"}],"predecessor-version":[{"id":16153,"href":"https:\/\/www.inno-lite.co.uk\/fr\/wp-json\/wp\/v2\/product\/16147\/revisions\/16153"}],"wp:featuredmedia":[{"embeddable":true,"href":"https:\/\/www.inno-lite.co.uk\/fr\/wp-json\/wp\/v2\/media\/16516"}],"wp:attachment":[{"href":"https:\/\/www.inno-lite.co.uk\/fr\/wp-json\/wp\/v2\/media?parent=16147"}],"wp:term":[{"taxonomy":"product_brand","embeddable":true,"href":"https:\/\/www.inno-lite.co.uk\/fr\/wp-json\/wp\/v2\/product_brand?post=16147"},{"taxonomy":"product_cat","embeddable":true,"href":"https:\/\/www.inno-lite.co.uk\/fr\/wp-json\/wp\/v2\/product_cat?post=16147"},{"taxonomy":"product_tag","embeddable":true,"href":"https:\/\/www.inno-lite.co.uk\/fr\/wp-json\/wp\/v2\/product_tag?post=16147"}],"curies":[{"name":"wp","href":"https:\/\/api.w.org\/{rel}","templated":true}]}}