{"id":16141,"date":"2024-07-28T16:05:16","date_gmt":"2024-07-28T16:05:16","guid":{"rendered":"https:\/\/www.inno-lite.co.uk\/?post_type=product&#038;p=16141"},"modified":"2024-08-14T14:23:48","modified_gmt":"2024-08-14T14:23:48","slug":"lumiere-de-branche-de-saule","status":"publish","type":"product","link":"https:\/\/www.inno-lite.co.uk\/fr\/product\/willow-branch-light\/","title":{"rendered":"Feu de branche de saule"},"content":{"rendered":"<p><strong>Sp\u00e9cification :<\/strong><\/p>\n<table>\n<tbody>\n<tr>\n<td width=\"117\"><strong>Code produit<\/strong><\/td>\n<td width=\"69\"><strong>Tension<\/strong><\/td>\n<td width=\"50\"><strong>Watt<\/strong><\/td>\n<td width=\"85\"><strong>L\u00e2cher<\/strong><\/td>\n<td width=\"131\"><strong>Couleur de l'enveloppe<\/strong><\/td>\n<td width=\"104\"><strong>Couleur des LED<\/strong><\/td>\n<td width=\"45\"><strong>PI<\/strong><\/td>\n<\/tr>\n<tr>\n<td width=\"117\">L-W-1M-WH\/GD-WH\/WW<\/td>\n<td width=\"69\">24V<\/td>\n<td width=\"50\">3W<\/td>\n<td width=\"85\">8 gouttes<\/p>\n<p>1 m\u00e8tre<\/td>\n<td width=\"131\">Argent\/Or\/Blanc<\/td>\n<td width=\"104\">Blanc ou blanc chaud<\/td>\n<td width=\"45\">IP44<\/td>\n<\/tr>\n<tr>\n<td width=\"117\">L-W-1.5M-WH\/GD-WH\/WW<\/td>\n<td width=\"69\">24V<\/td>\n<td width=\"50\">5W<\/td>\n<td width=\"85\">8 gouttes 1,5 m\u00e8tre<\/td>\n<td width=\"131\">Argent\/Or\/Blanc<\/td>\n<td width=\"104\">Blanc ou blanc chaud<\/td>\n<td width=\"45\">IP44<\/td>\n<\/tr>\n<tr>\n<td width=\"117\">L-W-2M-WH\/GD-WH\/WW<\/td>\n<td width=\"69\">24V<\/td>\n<td width=\"50\">7W<\/td>\n<td width=\"85\">8 gouttes 2 m\u00e8tres<\/td>\n<td width=\"131\">Argent\/Or\/Blanc<\/td>\n<td width=\"104\">Blanc ou blanc chaud<\/td>\n<td width=\"45\">IP44<\/td>\n<\/tr>\n<tr>\n<td width=\"117\">L-W-2.5M-WH\/GD-WH\/WW<\/td>\n<td width=\"69\">24V<\/td>\n<td width=\"50\">9W<\/td>\n<td width=\"85\">8 gouttes de 2,5 m\u00e8tres<\/td>\n<td width=\"131\">Argent\/Or\/Blanc<\/td>\n<td width=\"104\">Blanc ou blanc chaud<\/td>\n<td width=\"45\">IP44<\/td>\n<\/tr>\n<tr>\n<td width=\"117\">L-W-3M-WH\/GD-WH\/WW<\/td>\n<td width=\"69\">24V<\/td>\n<td width=\"50\">11W<\/td>\n<td width=\"85\">8 gouttes 3 m\u00e8tres<\/td>\n<td width=\"131\">Argent\/Or\/Blanc<\/td>\n<td width=\"104\">Blanc ou blanc chaud<\/td>\n<td width=\"45\">IP44<\/td>\n<\/tr>\n<\/tbody>\n<\/table>","protected":false},"excerpt":{"rendered":"<p>24V, lumi\u00e8re de branche de saule, chaque bouquet est livr\u00e9 avec 8 branches, la longueur de la branche peut \u00eatre de 1 m\u00e8tre, 1,5 m\u00e8tre, 2 m\u00e8tres, 2,5 m\u00e8tres ou 3 m\u00e8tres, ou une longueur sur mesure, chaque branche est envelopp\u00e9e d'une feuille d'or, de blanc, d'argent ou de noir. Les LED peuvent \u00eatre blanches, blanc chaud ou de n'importe quelle couleur sur mesure et avec les 10% LED blanches clignotantes, chaque LED a un capuchon en forme de feuille.<\/p>\n<p>Ils peuvent \u00eatre utilis\u00e9s pour \u00e9clairer la fen\u00eatre ou le mur du fond, ou pour cr\u00e9er un saule ou un lustre.<\/p>","protected":false},"featured_media":16512,"comment_status":"open","ping_status":"closed","template":"","meta":{"_acf_changed":false},"product_brand":[],"product_cat":[72,76],"product_tag":[],"class_list":{"0":"post-16141","1":"product","2":"type-product","3":"status-publish","4":"has-post-thumbnail","6":"product_cat-festive-lighting","7":"product_cat-uncategorized","9":"first","10":"instock","11":"shipping-taxable","12":"product-type-simple"},"acf":[],"yoast_head":"<!-- This site is optimized with the Yoast SEO plugin v27.2 - https:\/\/yoast.com\/product\/yoast-seo-wordpress\/ -->\n<title>Willow Branch Light - Inno Lite<\/title>\n<meta name=\"robots\" content=\"index, follow, max-snippet:-1, max-image-preview:large, max-video-preview:-1\" \/>\n<link rel=\"canonical\" href=\"https:\/\/www.inno-lite.co.uk\/fr\/produit\/lumiere-de-branche-de-saule\/\" \/>\n<meta property=\"og:locale\" content=\"fr_FR\" \/>\n<meta property=\"og:type\" content=\"article\" \/>\n<meta property=\"og:title\" content=\"Willow Branch Light - Inno Lite\" \/>\n<meta property=\"og:description\" content=\"24V, willow branch light, each bunch comes with 8 branches, the branch length can be 1 metre, 1.5 metre, 2 metre, 2.5 metre or 3 metre, or bespoke length, each branch is wrapped by foil colour in gold, white, silver or black colour. LEDs can be in white, warm white or any bespoke colour and with 10% white flashing LEDs, each LED has a leaf cap.  They can be used for lighting up the window or back wall, or creating a willow tree or chandelier.\" \/>\n<meta property=\"og:url\" content=\"https:\/\/www.inno-lite.co.uk\/fr\/produit\/lumiere-de-branche-de-saule\/\" \/>\n<meta property=\"og:site_name\" content=\"Inno Lite\" \/>\n<meta property=\"article:modified_time\" content=\"2024-08-14T14:23:48+00:00\" \/>\n<meta property=\"og:image\" content=\"https:\/\/www.inno-lite.co.uk\/wp-content\/uploads\/2024\/07\/Willow-Light-Image.webp\" \/>\n\t<meta property=\"og:image:width\" content=\"1000\" \/>\n\t<meta property=\"og:image:height\" content=\"1000\" \/>\n\t<meta property=\"og:image:type\" content=\"image\/webp\" \/>\n<meta name=\"twitter:card\" content=\"summary_large_image\" \/>\n<meta name=\"twitter:label1\" content=\"Dur\u00e9e de lecture estim\u00e9e\" \/>\n\t<meta name=\"twitter:data1\" content=\"1 minute\" \/>\n<script type=\"application\/ld+json\" class=\"yoast-schema-graph\">{\"@context\":\"https:\/\/schema.org\",\"@graph\":[{\"@type\":\"WebPage\",\"@id\":\"https:\/\/www.inno-lite.co.uk\/product\/willow-branch-light\/\",\"url\":\"https:\/\/www.inno-lite.co.uk\/product\/willow-branch-light\/\",\"name\":\"Willow Branch Light - Inno Lite\",\"isPartOf\":{\"@id\":\"https:\/\/www.inno-lite.co.uk\/#website\"},\"primaryImageOfPage\":{\"@id\":\"https:\/\/www.inno-lite.co.uk\/product\/willow-branch-light\/#primaryimage\"},\"image\":{\"@id\":\"https:\/\/www.inno-lite.co.uk\/product\/willow-branch-light\/#primaryimage\"},\"thumbnailUrl\":\"https:\/\/www.inno-lite.co.uk\/wp-content\/uploads\/2024\/07\/Willow-Light-Image.webp\",\"datePublished\":\"2024-07-28T16:05:16+00:00\",\"dateModified\":\"2024-08-14T14:23:48+00:00\",\"breadcrumb\":{\"@id\":\"https:\/\/www.inno-lite.co.uk\/product\/willow-branch-light\/#breadcrumb\"},\"inLanguage\":\"fr-FR\",\"potentialAction\":[{\"@type\":\"ReadAction\",\"target\":[\"https:\/\/www.inno-lite.co.uk\/product\/willow-branch-light\/\"]}]},{\"@type\":\"ImageObject\",\"inLanguage\":\"fr-FR\",\"@id\":\"https:\/\/www.inno-lite.co.uk\/product\/willow-branch-light\/#primaryimage\",\"url\":\"https:\/\/www.inno-lite.co.uk\/wp-content\/uploads\/2024\/07\/Willow-Light-Image.webp\",\"contentUrl\":\"https:\/\/www.inno-lite.co.uk\/wp-content\/uploads\/2024\/07\/Willow-Light-Image.webp\",\"width\":1000,\"height\":1000},{\"@type\":\"BreadcrumbList\",\"@id\":\"https:\/\/www.inno-lite.co.uk\/product\/willow-branch-light\/#breadcrumb\",\"itemListElement\":[{\"@type\":\"ListItem\",\"position\":1,\"name\":\"Home\",\"item\":\"https:\/\/www.inno-lite.co.uk\/\"},{\"@type\":\"ListItem\",\"position\":2,\"name\":\"Shop\",\"item\":\"https:\/\/www.inno-lite.co.uk\/shop\/\"},{\"@type\":\"ListItem\",\"position\":3,\"name\":\"Willow Branch Light\"}]},{\"@type\":\"WebSite\",\"@id\":\"https:\/\/www.inno-lite.co.uk\/#website\",\"url\":\"https:\/\/www.inno-lite.co.uk\/\",\"name\":\"Inno Lite\",\"description\":\"\",\"publisher\":{\"@id\":\"https:\/\/www.inno-lite.co.uk\/#organization\"},\"potentialAction\":[{\"@type\":\"SearchAction\",\"target\":{\"@type\":\"EntryPoint\",\"urlTemplate\":\"https:\/\/www.inno-lite.co.uk\/?s={search_term_string}\"},\"query-input\":{\"@type\":\"PropertyValueSpecification\",\"valueRequired\":true,\"valueName\":\"search_term_string\"}}],\"inLanguage\":\"fr-FR\"},{\"@type\":\"Organization\",\"@id\":\"https:\/\/www.inno-lite.co.uk\/#organization\",\"name\":\"Inno Lite\",\"url\":\"https:\/\/www.inno-lite.co.uk\/\",\"logo\":{\"@type\":\"ImageObject\",\"inLanguage\":\"fr-FR\",\"@id\":\"https:\/\/www.inno-lite.co.uk\/#\/schema\/logo\/image\/\",\"url\":\"https:\/\/www.inno-lite.co.uk\/wp-content\/uploads\/2024\/02\/Inno-Lite-Logo-Draft-Rev.webp\",\"contentUrl\":\"https:\/\/www.inno-lite.co.uk\/wp-content\/uploads\/2024\/02\/Inno-Lite-Logo-Draft-Rev.webp\",\"width\":1400,\"height\":315,\"caption\":\"Inno Lite\"},\"image\":{\"@id\":\"https:\/\/www.inno-lite.co.uk\/#\/schema\/logo\/image\/\"}}]}<\/script>\n<!-- \/ Yoast SEO plugin. -->","yoast_head_json":{"title":"Lampe \u00e0 branches de saule - Inno Lite","robots":{"index":"index","follow":"follow","max-snippet":"max-snippet:-1","max-image-preview":"max-image-preview:large","max-video-preview":"max-video-preview:-1"},"canonical":"https:\/\/www.inno-lite.co.uk\/fr\/produit\/lumiere-de-branche-de-saule\/","og_locale":"fr_FR","og_type":"article","og_title":"Willow Branch Light - Inno Lite","og_description":"24V, willow branch light, each bunch comes with 8 branches, the branch length can be 1 metre, 1.5 metre, 2 metre, 2.5 metre or 3 metre, or bespoke length, each branch is wrapped by foil colour in gold, white, silver or black colour. LEDs can be in white, warm white or any bespoke colour and with 10% white flashing LEDs, each LED has a leaf cap.  They can be used for lighting up the window or back wall, or creating a willow tree or chandelier.","og_url":"https:\/\/www.inno-lite.co.uk\/fr\/produit\/lumiere-de-branche-de-saule\/","og_site_name":"Inno Lite","article_modified_time":"2024-08-14T14:23:48+00:00","og_image":[{"width":1000,"height":1000,"url":"https:\/\/www.inno-lite.co.uk\/wp-content\/uploads\/2024\/07\/Willow-Light-Image.webp","type":"image\/webp"}],"twitter_card":"summary_large_image","twitter_misc":{"Dur\u00e9e de lecture estim\u00e9e":"1 minute"},"schema":{"@context":"https:\/\/schema.org","@graph":[{"@type":"WebPage","@id":"https:\/\/www.inno-lite.co.uk\/product\/willow-branch-light\/","url":"https:\/\/www.inno-lite.co.uk\/product\/willow-branch-light\/","name":"Lampe \u00e0 branches de saule - Inno Lite","isPartOf":{"@id":"https:\/\/www.inno-lite.co.uk\/#website"},"primaryImageOfPage":{"@id":"https:\/\/www.inno-lite.co.uk\/product\/willow-branch-light\/#primaryimage"},"image":{"@id":"https:\/\/www.inno-lite.co.uk\/product\/willow-branch-light\/#primaryimage"},"thumbnailUrl":"https:\/\/www.inno-lite.co.uk\/wp-content\/uploads\/2024\/07\/Willow-Light-Image.webp","datePublished":"2024-07-28T16:05:16+00:00","dateModified":"2024-08-14T14:23:48+00:00","breadcrumb":{"@id":"https:\/\/www.inno-lite.co.uk\/product\/willow-branch-light\/#breadcrumb"},"inLanguage":"fr-FR","potentialAction":[{"@type":"ReadAction","target":["https:\/\/www.inno-lite.co.uk\/product\/willow-branch-light\/"]}]},{"@type":"ImageObject","inLanguage":"fr-FR","@id":"https:\/\/www.inno-lite.co.uk\/product\/willow-branch-light\/#primaryimage","url":"https:\/\/www.inno-lite.co.uk\/wp-content\/uploads\/2024\/07\/Willow-Light-Image.webp","contentUrl":"https:\/\/www.inno-lite.co.uk\/wp-content\/uploads\/2024\/07\/Willow-Light-Image.webp","width":1000,"height":1000},{"@type":"BreadcrumbList","@id":"https:\/\/www.inno-lite.co.uk\/product\/willow-branch-light\/#breadcrumb","itemListElement":[{"@type":"ListItem","position":1,"name":"Home","item":"https:\/\/www.inno-lite.co.uk\/"},{"@type":"ListItem","position":2,"name":"Shop","item":"https:\/\/www.inno-lite.co.uk\/shop\/"},{"@type":"ListItem","position":3,"name":"Willow Branch Light"}]},{"@type":"WebSite","@id":"https:\/\/www.inno-lite.co.uk\/#website","url":"https:\/\/www.inno-lite.co.uk\/","name":"Inno Lite","description":"","publisher":{"@id":"https:\/\/www.inno-lite.co.uk\/#organization"},"potentialAction":[{"@type":"SearchAction","target":{"@type":"EntryPoint","urlTemplate":"https:\/\/www.inno-lite.co.uk\/?s={search_term_string}"},"query-input":{"@type":"PropertyValueSpecification","valueRequired":true,"valueName":"search_term_string"}}],"inLanguage":"fr-FR"},{"@type":"Organization","@id":"https:\/\/www.inno-lite.co.uk\/#organization","name":"Inno Lite","url":"https:\/\/www.inno-lite.co.uk\/","logo":{"@type":"ImageObject","inLanguage":"fr-FR","@id":"https:\/\/www.inno-lite.co.uk\/#\/schema\/logo\/image\/","url":"https:\/\/www.inno-lite.co.uk\/wp-content\/uploads\/2024\/02\/Inno-Lite-Logo-Draft-Rev.webp","contentUrl":"https:\/\/www.inno-lite.co.uk\/wp-content\/uploads\/2024\/02\/Inno-Lite-Logo-Draft-Rev.webp","width":1400,"height":315,"caption":"Inno Lite"},"image":{"@id":"https:\/\/www.inno-lite.co.uk\/#\/schema\/logo\/image\/"}}]}},"_links":{"self":[{"href":"https:\/\/www.inno-lite.co.uk\/fr\/wp-json\/wp\/v2\/product\/16141","targetHints":{"allow":["GET"]}}],"collection":[{"href":"https:\/\/www.inno-lite.co.uk\/fr\/wp-json\/wp\/v2\/product"}],"about":[{"href":"https:\/\/www.inno-lite.co.uk\/fr\/wp-json\/wp\/v2\/types\/product"}],"replies":[{"embeddable":true,"href":"https:\/\/www.inno-lite.co.uk\/fr\/wp-json\/wp\/v2\/comments?post=16141"}],"version-history":[{"count":1,"href":"https:\/\/www.inno-lite.co.uk\/fr\/wp-json\/wp\/v2\/product\/16141\/revisions"}],"predecessor-version":[{"id":16146,"href":"https:\/\/www.inno-lite.co.uk\/fr\/wp-json\/wp\/v2\/product\/16141\/revisions\/16146"}],"wp:featuredmedia":[{"embeddable":true,"href":"https:\/\/www.inno-lite.co.uk\/fr\/wp-json\/wp\/v2\/media\/16512"}],"wp:attachment":[{"href":"https:\/\/www.inno-lite.co.uk\/fr\/wp-json\/wp\/v2\/media?parent=16141"}],"wp:term":[{"taxonomy":"product_brand","embeddable":true,"href":"https:\/\/www.inno-lite.co.uk\/fr\/wp-json\/wp\/v2\/product_brand?post=16141"},{"taxonomy":"product_cat","embeddable":true,"href":"https:\/\/www.inno-lite.co.uk\/fr\/wp-json\/wp\/v2\/product_cat?post=16141"},{"taxonomy":"product_tag","embeddable":true,"href":"https:\/\/www.inno-lite.co.uk\/fr\/wp-json\/wp\/v2\/product_tag?post=16141"}],"curies":[{"name":"wp","href":"https:\/\/api.w.org\/{rel}","templated":true}]}}