{"id":15630,"date":"2024-02-18T17:06:40","date_gmt":"2024-02-18T17:06:40","guid":{"rendered":"https:\/\/inno-lite.co.uk\/?post_type=product&#038;p=15630"},"modified":"2024-08-14T15:46:14","modified_gmt":"2024-08-14T15:46:14","slug":"bande-lumineuse-ultra-lumineuse-8mm-cob","status":"publish","type":"product","link":"https:\/\/www.inno-lite.co.uk\/fr\/product\/ultra-bright-8mm-cob-strip-light\/","title":{"rendered":"Bande lumineuse COB 8MM ultra lumineuse"},"content":{"rendered":"","protected":false},"excerpt":{"rendered":"<p>240V ou 24V, taille r\u00e9duite, ultra lumineux, LED haute densit\u00e9 sans ombre lumineuse, meilleure coh\u00e9rence des couleurs, unit\u00e9 de coupe de 0,5 m\u00e8tre, rouleau de 50 m\u00e8tres, IP65, utilisation int\u00e9rieure et ext\u00e9rieure.<\/p>\n<p><img fetchpriority=\"high\" decoding=\"async\" class=\"alignnone size-large wp-image-16570\" src=\"https:\/\/www.inno-lite.co.uk\/wp-content\/uploads\/2024\/02\/Screenshot-2024-08-14-at-16.17.18-988x800.png\" alt=\"\" width=\"800\" height=\"648\" srcset=\"https:\/\/www.inno-lite.co.uk\/wp-content\/uploads\/2024\/02\/Screenshot-2024-08-14-at-16.17.18-988x800.png 988w, https:\/\/www.inno-lite.co.uk\/wp-content\/uploads\/2024\/02\/Screenshot-2024-08-14-at-16.17.18-371x300.png 371w, https:\/\/www.inno-lite.co.uk\/wp-content\/uploads\/2024\/02\/Screenshot-2024-08-14-at-16.17.18-768x622.png 768w, https:\/\/www.inno-lite.co.uk\/wp-content\/uploads\/2024\/02\/Screenshot-2024-08-14-at-16.17.18-1536x1243.png 1536w, https:\/\/www.inno-lite.co.uk\/wp-content\/uploads\/2024\/02\/Screenshot-2024-08-14-at-16.17.18-430x348.png 430w, https:\/\/www.inno-lite.co.uk\/wp-content\/uploads\/2024\/02\/Screenshot-2024-08-14-at-16.17.18-700x567.png 700w, https:\/\/www.inno-lite.co.uk\/wp-content\/uploads\/2024\/02\/Screenshot-2024-08-14-at-16.17.18.png 1752w\" sizes=\"(max-width: 800px) 100vw, 800px\" \/><\/p>","protected":false},"featured_media":15819,"comment_status":"closed","ping_status":"closed","template":"","meta":{"_acf_changed":false},"product_brand":[],"product_cat":[72,76],"product_tag":[],"class_list":{"0":"post-15630","1":"product","2":"type-product","3":"status-publish","4":"has-post-thumbnail","6":"product_cat-festive-lighting","7":"product_cat-uncategorized","9":"first","10":"instock","11":"shipping-taxable","12":"product-type-simple"},"acf":[],"yoast_head":"<!-- This site is optimized with the Yoast SEO plugin v27.2 - https:\/\/yoast.com\/product\/yoast-seo-wordpress\/ -->\n<title>Ultra Bright 8MM COB Strip Light - Inno Lite<\/title>\n<meta name=\"robots\" content=\"index, follow, max-snippet:-1, max-image-preview:large, max-video-preview:-1\" \/>\n<link rel=\"canonical\" href=\"https:\/\/www.inno-lite.co.uk\/fr\/produit\/bande-lumineuse-ultra-lumineuse-8mm-cob\/\" \/>\n<meta property=\"og:locale\" content=\"fr_FR\" \/>\n<meta property=\"og:type\" content=\"article\" \/>\n<meta property=\"og:title\" content=\"Ultra Bright 8MM COB Strip Light - Inno Lite\" \/>\n<meta property=\"og:description\" content=\"240V or 24V, slim size, ultra bright, high density LEDs without any light shadow, better colour consistency, 0.5 metre cut unit, 50 metre roll, IP65, indoor and outdoor use.\" \/>\n<meta property=\"og:url\" content=\"https:\/\/www.inno-lite.co.uk\/fr\/produit\/bande-lumineuse-ultra-lumineuse-8mm-cob\/\" \/>\n<meta property=\"og:site_name\" content=\"Inno Lite\" \/>\n<meta property=\"article:modified_time\" content=\"2024-08-14T15:46:14+00:00\" \/>\n<meta property=\"og:image\" content=\"https:\/\/www.inno-lite.co.uk\/wp-content\/uploads\/2024\/02\/1-23-1.jpg\" \/>\n\t<meta property=\"og:image:width\" content=\"1000\" \/>\n\t<meta property=\"og:image:height\" content=\"1000\" \/>\n\t<meta property=\"og:image:type\" content=\"image\/jpeg\" \/>\n<meta name=\"twitter:card\" content=\"summary_large_image\" \/>\n<meta name=\"twitter:label1\" content=\"Dur\u00e9e de lecture estim\u00e9e\" \/>\n\t<meta name=\"twitter:data1\" content=\"1 minute\" \/>\n<script type=\"application\/ld+json\" class=\"yoast-schema-graph\">{\"@context\":\"https:\/\/schema.org\",\"@graph\":[{\"@type\":\"WebPage\",\"@id\":\"https:\/\/www.inno-lite.co.uk\/product\/ultra-bright-8mm-cob-strip-light\/\",\"url\":\"https:\/\/www.inno-lite.co.uk\/product\/ultra-bright-8mm-cob-strip-light\/\",\"name\":\"Ultra Bright 8MM COB Strip Light - Inno Lite\",\"isPartOf\":{\"@id\":\"https:\/\/www.inno-lite.co.uk\/#website\"},\"primaryImageOfPage\":{\"@id\":\"https:\/\/www.inno-lite.co.uk\/product\/ultra-bright-8mm-cob-strip-light\/#primaryimage\"},\"image\":{\"@id\":\"https:\/\/www.inno-lite.co.uk\/product\/ultra-bright-8mm-cob-strip-light\/#primaryimage\"},\"thumbnailUrl\":\"https:\/\/www.inno-lite.co.uk\/wp-content\/uploads\/2024\/02\/1-23-1.jpg\",\"datePublished\":\"2024-02-18T17:06:40+00:00\",\"dateModified\":\"2024-08-14T15:46:14+00:00\",\"breadcrumb\":{\"@id\":\"https:\/\/www.inno-lite.co.uk\/product\/ultra-bright-8mm-cob-strip-light\/#breadcrumb\"},\"inLanguage\":\"fr-FR\",\"potentialAction\":[{\"@type\":\"ReadAction\",\"target\":[\"https:\/\/www.inno-lite.co.uk\/product\/ultra-bright-8mm-cob-strip-light\/\"]}]},{\"@type\":\"ImageObject\",\"inLanguage\":\"fr-FR\",\"@id\":\"https:\/\/www.inno-lite.co.uk\/product\/ultra-bright-8mm-cob-strip-light\/#primaryimage\",\"url\":\"https:\/\/www.inno-lite.co.uk\/wp-content\/uploads\/2024\/02\/1-23-1.jpg\",\"contentUrl\":\"https:\/\/www.inno-lite.co.uk\/wp-content\/uploads\/2024\/02\/1-23-1.jpg\",\"width\":1000,\"height\":1000},{\"@type\":\"BreadcrumbList\",\"@id\":\"https:\/\/www.inno-lite.co.uk\/product\/ultra-bright-8mm-cob-strip-light\/#breadcrumb\",\"itemListElement\":[{\"@type\":\"ListItem\",\"position\":1,\"name\":\"Home\",\"item\":\"https:\/\/www.inno-lite.co.uk\/\"},{\"@type\":\"ListItem\",\"position\":2,\"name\":\"Shop\",\"item\":\"https:\/\/www.inno-lite.co.uk\/shop\/\"},{\"@type\":\"ListItem\",\"position\":3,\"name\":\"Ultra Bright 8MM COB Strip Light\"}]},{\"@type\":\"WebSite\",\"@id\":\"https:\/\/www.inno-lite.co.uk\/#website\",\"url\":\"https:\/\/www.inno-lite.co.uk\/\",\"name\":\"Inno Lite\",\"description\":\"\",\"publisher\":{\"@id\":\"https:\/\/www.inno-lite.co.uk\/#organization\"},\"potentialAction\":[{\"@type\":\"SearchAction\",\"target\":{\"@type\":\"EntryPoint\",\"urlTemplate\":\"https:\/\/www.inno-lite.co.uk\/?s={search_term_string}\"},\"query-input\":{\"@type\":\"PropertyValueSpecification\",\"valueRequired\":true,\"valueName\":\"search_term_string\"}}],\"inLanguage\":\"fr-FR\"},{\"@type\":\"Organization\",\"@id\":\"https:\/\/www.inno-lite.co.uk\/#organization\",\"name\":\"Inno Lite\",\"url\":\"https:\/\/www.inno-lite.co.uk\/\",\"logo\":{\"@type\":\"ImageObject\",\"inLanguage\":\"fr-FR\",\"@id\":\"https:\/\/www.inno-lite.co.uk\/#\/schema\/logo\/image\/\",\"url\":\"https:\/\/www.inno-lite.co.uk\/wp-content\/uploads\/2024\/02\/Inno-Lite-Logo-Draft-Rev.webp\",\"contentUrl\":\"https:\/\/www.inno-lite.co.uk\/wp-content\/uploads\/2024\/02\/Inno-Lite-Logo-Draft-Rev.webp\",\"width\":1400,\"height\":315,\"caption\":\"Inno Lite\"},\"image\":{\"@id\":\"https:\/\/www.inno-lite.co.uk\/#\/schema\/logo\/image\/\"}}]}<\/script>\n<!-- \/ Yoast SEO plugin. -->","yoast_head_json":{"title":"Bande lumineuse COB 8MM ultra lumineuse - Inno Lite","robots":{"index":"index","follow":"follow","max-snippet":"max-snippet:-1","max-image-preview":"max-image-preview:large","max-video-preview":"max-video-preview:-1"},"canonical":"https:\/\/www.inno-lite.co.uk\/fr\/produit\/bande-lumineuse-ultra-lumineuse-8mm-cob\/","og_locale":"fr_FR","og_type":"article","og_title":"Ultra Bright 8MM COB Strip Light - Inno Lite","og_description":"240V or 24V, slim size, ultra bright, high density LEDs without any light shadow, better colour consistency, 0.5 metre cut unit, 50 metre roll, IP65, indoor and outdoor use.","og_url":"https:\/\/www.inno-lite.co.uk\/fr\/produit\/bande-lumineuse-ultra-lumineuse-8mm-cob\/","og_site_name":"Inno Lite","article_modified_time":"2024-08-14T15:46:14+00:00","og_image":[{"width":1000,"height":1000,"url":"https:\/\/www.inno-lite.co.uk\/wp-content\/uploads\/2024\/02\/1-23-1.jpg","type":"image\/jpeg"}],"twitter_card":"summary_large_image","twitter_misc":{"Dur\u00e9e de lecture estim\u00e9e":"1 minute"},"schema":{"@context":"https:\/\/schema.org","@graph":[{"@type":"WebPage","@id":"https:\/\/www.inno-lite.co.uk\/product\/ultra-bright-8mm-cob-strip-light\/","url":"https:\/\/www.inno-lite.co.uk\/product\/ultra-bright-8mm-cob-strip-light\/","name":"Bande lumineuse COB 8MM ultra lumineuse - Inno Lite","isPartOf":{"@id":"https:\/\/www.inno-lite.co.uk\/#website"},"primaryImageOfPage":{"@id":"https:\/\/www.inno-lite.co.uk\/product\/ultra-bright-8mm-cob-strip-light\/#primaryimage"},"image":{"@id":"https:\/\/www.inno-lite.co.uk\/product\/ultra-bright-8mm-cob-strip-light\/#primaryimage"},"thumbnailUrl":"https:\/\/www.inno-lite.co.uk\/wp-content\/uploads\/2024\/02\/1-23-1.jpg","datePublished":"2024-02-18T17:06:40+00:00","dateModified":"2024-08-14T15:46:14+00:00","breadcrumb":{"@id":"https:\/\/www.inno-lite.co.uk\/product\/ultra-bright-8mm-cob-strip-light\/#breadcrumb"},"inLanguage":"fr-FR","potentialAction":[{"@type":"ReadAction","target":["https:\/\/www.inno-lite.co.uk\/product\/ultra-bright-8mm-cob-strip-light\/"]}]},{"@type":"ImageObject","inLanguage":"fr-FR","@id":"https:\/\/www.inno-lite.co.uk\/product\/ultra-bright-8mm-cob-strip-light\/#primaryimage","url":"https:\/\/www.inno-lite.co.uk\/wp-content\/uploads\/2024\/02\/1-23-1.jpg","contentUrl":"https:\/\/www.inno-lite.co.uk\/wp-content\/uploads\/2024\/02\/1-23-1.jpg","width":1000,"height":1000},{"@type":"BreadcrumbList","@id":"https:\/\/www.inno-lite.co.uk\/product\/ultra-bright-8mm-cob-strip-light\/#breadcrumb","itemListElement":[{"@type":"ListItem","position":1,"name":"Home","item":"https:\/\/www.inno-lite.co.uk\/"},{"@type":"ListItem","position":2,"name":"Shop","item":"https:\/\/www.inno-lite.co.uk\/shop\/"},{"@type":"ListItem","position":3,"name":"Ultra Bright 8MM COB Strip Light"}]},{"@type":"WebSite","@id":"https:\/\/www.inno-lite.co.uk\/#website","url":"https:\/\/www.inno-lite.co.uk\/","name":"Inno Lite","description":"","publisher":{"@id":"https:\/\/www.inno-lite.co.uk\/#organization"},"potentialAction":[{"@type":"SearchAction","target":{"@type":"EntryPoint","urlTemplate":"https:\/\/www.inno-lite.co.uk\/?s={search_term_string}"},"query-input":{"@type":"PropertyValueSpecification","valueRequired":true,"valueName":"search_term_string"}}],"inLanguage":"fr-FR"},{"@type":"Organization","@id":"https:\/\/www.inno-lite.co.uk\/#organization","name":"Inno Lite","url":"https:\/\/www.inno-lite.co.uk\/","logo":{"@type":"ImageObject","inLanguage":"fr-FR","@id":"https:\/\/www.inno-lite.co.uk\/#\/schema\/logo\/image\/","url":"https:\/\/www.inno-lite.co.uk\/wp-content\/uploads\/2024\/02\/Inno-Lite-Logo-Draft-Rev.webp","contentUrl":"https:\/\/www.inno-lite.co.uk\/wp-content\/uploads\/2024\/02\/Inno-Lite-Logo-Draft-Rev.webp","width":1400,"height":315,"caption":"Inno Lite"},"image":{"@id":"https:\/\/www.inno-lite.co.uk\/#\/schema\/logo\/image\/"}}]}},"_links":{"self":[{"href":"https:\/\/www.inno-lite.co.uk\/fr\/wp-json\/wp\/v2\/product\/15630","targetHints":{"allow":["GET"]}}],"collection":[{"href":"https:\/\/www.inno-lite.co.uk\/fr\/wp-json\/wp\/v2\/product"}],"about":[{"href":"https:\/\/www.inno-lite.co.uk\/fr\/wp-json\/wp\/v2\/types\/product"}],"replies":[{"embeddable":true,"href":"https:\/\/www.inno-lite.co.uk\/fr\/wp-json\/wp\/v2\/comments?post=15630"}],"version-history":[{"count":3,"href":"https:\/\/www.inno-lite.co.uk\/fr\/wp-json\/wp\/v2\/product\/15630\/revisions"}],"predecessor-version":[{"id":16571,"href":"https:\/\/www.inno-lite.co.uk\/fr\/wp-json\/wp\/v2\/product\/15630\/revisions\/16571"}],"wp:featuredmedia":[{"embeddable":true,"href":"https:\/\/www.inno-lite.co.uk\/fr\/wp-json\/wp\/v2\/media\/15819"}],"wp:attachment":[{"href":"https:\/\/www.inno-lite.co.uk\/fr\/wp-json\/wp\/v2\/media?parent=15630"}],"wp:term":[{"taxonomy":"product_brand","embeddable":true,"href":"https:\/\/www.inno-lite.co.uk\/fr\/wp-json\/wp\/v2\/product_brand?post=15630"},{"taxonomy":"product_cat","embeddable":true,"href":"https:\/\/www.inno-lite.co.uk\/fr\/wp-json\/wp\/v2\/product_cat?post=15630"},{"taxonomy":"product_tag","embeddable":true,"href":"https:\/\/www.inno-lite.co.uk\/fr\/wp-json\/wp\/v2\/product_tag?post=15630"}],"curies":[{"name":"wp","href":"https:\/\/api.w.org\/{rel}","templated":true}]}}