{"id":15627,"date":"2024-02-18T17:06:40","date_gmt":"2024-02-18T17:06:40","guid":{"rendered":"https:\/\/inno-lite.co.uk\/?post_type=product&#038;p=15627"},"modified":"2024-08-14T14:41:59","modified_gmt":"2024-08-14T14:41:59","slug":"guirlande-pre-eclairee-arbre-mural","status":"publish","type":"product","link":"https:\/\/www.inno-lite.co.uk\/fr\/product\/pre-lit-garland-wall-mounted-tree\/","title":{"rendered":"Guirlande pr\u00e9-\u00e9clair\u00e9e et sapin mural"},"content":{"rendered":"","protected":false},"excerpt":{"rendered":"<p>240V ou 24V, longueur sur mesure, sp\u00e9cification sur mesure, LED simples blanc chaud ou LED bicolores blanc et blanc chaud, connectables, IP65, utilisation en ext\u00e9rieur.<\/p>\n<p><img fetchpriority=\"high\" decoding=\"async\" class=\"alignnone wp-image-16518 size-large\" src=\"https:\/\/www.inno-lite.co.uk\/wp-content\/uploads\/2024\/02\/Screenshot-2024-08-14-at-15.35.51-1249x800.png\" alt=\"\" width=\"800\" height=\"512\" srcset=\"https:\/\/www.inno-lite.co.uk\/wp-content\/uploads\/2024\/02\/Screenshot-2024-08-14-at-15.35.51-1249x800.png 1249w, https:\/\/www.inno-lite.co.uk\/wp-content\/uploads\/2024\/02\/Screenshot-2024-08-14-at-15.35.51-400x256.png 400w, https:\/\/www.inno-lite.co.uk\/wp-content\/uploads\/2024\/02\/Screenshot-2024-08-14-at-15.35.51-768x492.png 768w, https:\/\/www.inno-lite.co.uk\/wp-content\/uploads\/2024\/02\/Screenshot-2024-08-14-at-15.35.51-1536x984.png 1536w, https:\/\/www.inno-lite.co.uk\/wp-content\/uploads\/2024\/02\/Screenshot-2024-08-14-at-15.35.51-430x275.png 430w, https:\/\/www.inno-lite.co.uk\/wp-content\/uploads\/2024\/02\/Screenshot-2024-08-14-at-15.35.51-700x448.png 700w, https:\/\/www.inno-lite.co.uk\/wp-content\/uploads\/2024\/02\/Screenshot-2024-08-14-at-15.35.51.png 2030w\" sizes=\"(max-width: 800px) 100vw, 800px\" \/><\/p>","protected":false},"featured_media":15794,"comment_status":"closed","ping_status":"closed","template":"","meta":{"_acf_changed":false},"product_brand":[],"product_cat":[75],"product_tag":[],"class_list":{"0":"post-15627","1":"product","2":"type-product","3":"status-publish","4":"has-post-thumbnail","6":"product_cat-christmas-trees-and-decorations","8":"first","9":"instock","10":"shipping-taxable","11":"product-type-simple"},"acf":[],"yoast_head":"<!-- This site is optimized with the Yoast SEO plugin v27.4 - https:\/\/yoast.com\/product\/yoast-seo-wordpress\/ -->\n<title>Pre-lit Garland &amp; Wall Mounted Tree - Inno Lite<\/title>\n<meta name=\"robots\" content=\"index, follow, max-snippet:-1, max-image-preview:large, max-video-preview:-1\" \/>\n<link rel=\"canonical\" href=\"https:\/\/www.inno-lite.co.uk\/fr\/produit\/guirlande-pre-eclairee-arbre-mural\/\" \/>\n<meta property=\"og:locale\" content=\"fr_FR\" \/>\n<meta property=\"og:type\" content=\"article\" \/>\n<meta property=\"og:title\" content=\"Pre-lit Garland &amp; Wall Mounted Tree - Inno Lite\" \/>\n<meta property=\"og:description\" content=\"240V or 24V, bespoke length, bespoke specification, single warm white LEDs or dual colour white and warm white LEDs, connectable, IP65, outdoor use.\" \/>\n<meta property=\"og:url\" content=\"https:\/\/www.inno-lite.co.uk\/fr\/produit\/guirlande-pre-eclairee-arbre-mural\/\" \/>\n<meta property=\"og:site_name\" content=\"Inno Lite\" \/>\n<meta property=\"article:modified_time\" content=\"2024-08-14T14:41:59+00:00\" \/>\n<meta property=\"og:image\" content=\"https:\/\/www.inno-lite.co.uk\/wp-content\/uploads\/2024\/02\/1-19-1.jpg\" \/>\n\t<meta property=\"og:image:width\" content=\"1000\" \/>\n\t<meta property=\"og:image:height\" content=\"1000\" \/>\n\t<meta property=\"og:image:type\" content=\"image\/jpeg\" \/>\n<meta name=\"twitter:card\" content=\"summary_large_image\" \/>\n<meta name=\"twitter:label1\" content=\"Dur\u00e9e de lecture estim\u00e9e\" \/>\n\t<meta name=\"twitter:data1\" content=\"1 minute\" \/>\n<script type=\"application\/ld+json\" class=\"yoast-schema-graph\">{\"@context\":\"https:\\\/\\\/schema.org\",\"@graph\":[{\"@type\":\"WebPage\",\"@id\":\"https:\\\/\\\/www.inno-lite.co.uk\\\/product\\\/pre-lit-garland-wall-mounted-tree\\\/\",\"url\":\"https:\\\/\\\/www.inno-lite.co.uk\\\/product\\\/pre-lit-garland-wall-mounted-tree\\\/\",\"name\":\"Pre-lit Garland & Wall Mounted Tree - Inno Lite\",\"isPartOf\":{\"@id\":\"https:\\\/\\\/www.inno-lite.co.uk\\\/#website\"},\"primaryImageOfPage\":{\"@id\":\"https:\\\/\\\/www.inno-lite.co.uk\\\/product\\\/pre-lit-garland-wall-mounted-tree\\\/#primaryimage\"},\"image\":{\"@id\":\"https:\\\/\\\/www.inno-lite.co.uk\\\/product\\\/pre-lit-garland-wall-mounted-tree\\\/#primaryimage\"},\"thumbnailUrl\":\"https:\\\/\\\/www.inno-lite.co.uk\\\/wp-content\\\/uploads\\\/2024\\\/02\\\/1-19-1.jpg\",\"datePublished\":\"2024-02-18T17:06:40+00:00\",\"dateModified\":\"2024-08-14T14:41:59+00:00\",\"breadcrumb\":{\"@id\":\"https:\\\/\\\/www.inno-lite.co.uk\\\/product\\\/pre-lit-garland-wall-mounted-tree\\\/#breadcrumb\"},\"inLanguage\":\"fr-FR\",\"potentialAction\":[{\"@type\":\"ReadAction\",\"target\":[\"https:\\\/\\\/www.inno-lite.co.uk\\\/product\\\/pre-lit-garland-wall-mounted-tree\\\/\"]}]},{\"@type\":\"ImageObject\",\"inLanguage\":\"fr-FR\",\"@id\":\"https:\\\/\\\/www.inno-lite.co.uk\\\/product\\\/pre-lit-garland-wall-mounted-tree\\\/#primaryimage\",\"url\":\"https:\\\/\\\/www.inno-lite.co.uk\\\/wp-content\\\/uploads\\\/2024\\\/02\\\/1-19-1.jpg\",\"contentUrl\":\"https:\\\/\\\/www.inno-lite.co.uk\\\/wp-content\\\/uploads\\\/2024\\\/02\\\/1-19-1.jpg\",\"width\":1000,\"height\":1000},{\"@type\":\"BreadcrumbList\",\"@id\":\"https:\\\/\\\/www.inno-lite.co.uk\\\/product\\\/pre-lit-garland-wall-mounted-tree\\\/#breadcrumb\",\"itemListElement\":[{\"@type\":\"ListItem\",\"position\":1,\"name\":\"Home\",\"item\":\"https:\\\/\\\/www.inno-lite.co.uk\\\/\"},{\"@type\":\"ListItem\",\"position\":2,\"name\":\"Shop\",\"item\":\"https:\\\/\\\/www.inno-lite.co.uk\\\/shop\\\/\"},{\"@type\":\"ListItem\",\"position\":3,\"name\":\"Pre-lit Garland &#038; Wall Mounted Tree\"}]},{\"@type\":\"WebSite\",\"@id\":\"https:\\\/\\\/www.inno-lite.co.uk\\\/#website\",\"url\":\"https:\\\/\\\/www.inno-lite.co.uk\\\/\",\"name\":\"Inno Lite\",\"description\":\"\",\"publisher\":{\"@id\":\"https:\\\/\\\/www.inno-lite.co.uk\\\/#organization\"},\"potentialAction\":[{\"@type\":\"SearchAction\",\"target\":{\"@type\":\"EntryPoint\",\"urlTemplate\":\"https:\\\/\\\/www.inno-lite.co.uk\\\/?s={search_term_string}\"},\"query-input\":{\"@type\":\"PropertyValueSpecification\",\"valueRequired\":true,\"valueName\":\"search_term_string\"}}],\"inLanguage\":\"fr-FR\"},{\"@type\":\"Organization\",\"@id\":\"https:\\\/\\\/www.inno-lite.co.uk\\\/#organization\",\"name\":\"Inno Lite\",\"url\":\"https:\\\/\\\/www.inno-lite.co.uk\\\/\",\"logo\":{\"@type\":\"ImageObject\",\"inLanguage\":\"fr-FR\",\"@id\":\"https:\\\/\\\/www.inno-lite.co.uk\\\/#\\\/schema\\\/logo\\\/image\\\/\",\"url\":\"https:\\\/\\\/www.inno-lite.co.uk\\\/wp-content\\\/uploads\\\/2024\\\/02\\\/Inno-Lite-Logo-Draft-Rev.webp\",\"contentUrl\":\"https:\\\/\\\/www.inno-lite.co.uk\\\/wp-content\\\/uploads\\\/2024\\\/02\\\/Inno-Lite-Logo-Draft-Rev.webp\",\"width\":1400,\"height\":315,\"caption\":\"Inno Lite\"},\"image\":{\"@id\":\"https:\\\/\\\/www.inno-lite.co.uk\\\/#\\\/schema\\\/logo\\\/image\\\/\"}}]}<\/script>\n<!-- \/ Yoast SEO plugin. -->","yoast_head_json":{"title":"Guirlande pr\u00e9-\u00e9clair\u00e9e et sapin mural - Inno Lite","robots":{"index":"index","follow":"follow","max-snippet":"max-snippet:-1","max-image-preview":"max-image-preview:large","max-video-preview":"max-video-preview:-1"},"canonical":"https:\/\/www.inno-lite.co.uk\/fr\/produit\/guirlande-pre-eclairee-arbre-mural\/","og_locale":"fr_FR","og_type":"article","og_title":"Pre-lit Garland & Wall Mounted Tree - Inno Lite","og_description":"240V or 24V, bespoke length, bespoke specification, single warm white LEDs or dual colour white and warm white LEDs, connectable, IP65, outdoor use.","og_url":"https:\/\/www.inno-lite.co.uk\/fr\/produit\/guirlande-pre-eclairee-arbre-mural\/","og_site_name":"Inno Lite","article_modified_time":"2024-08-14T14:41:59+00:00","og_image":[{"width":1000,"height":1000,"url":"https:\/\/www.inno-lite.co.uk\/wp-content\/uploads\/2024\/02\/1-19-1.jpg","type":"image\/jpeg"}],"twitter_card":"summary_large_image","twitter_misc":{"Dur\u00e9e de lecture estim\u00e9e":"1 minute"},"schema":{"@context":"https:\/\/schema.org","@graph":[{"@type":"WebPage","@id":"https:\/\/www.inno-lite.co.uk\/product\/pre-lit-garland-wall-mounted-tree\/","url":"https:\/\/www.inno-lite.co.uk\/product\/pre-lit-garland-wall-mounted-tree\/","name":"Guirlande pr\u00e9-\u00e9clair\u00e9e et sapin mural - Inno Lite","isPartOf":{"@id":"https:\/\/www.inno-lite.co.uk\/#website"},"primaryImageOfPage":{"@id":"https:\/\/www.inno-lite.co.uk\/product\/pre-lit-garland-wall-mounted-tree\/#primaryimage"},"image":{"@id":"https:\/\/www.inno-lite.co.uk\/product\/pre-lit-garland-wall-mounted-tree\/#primaryimage"},"thumbnailUrl":"https:\/\/www.inno-lite.co.uk\/wp-content\/uploads\/2024\/02\/1-19-1.jpg","datePublished":"2024-02-18T17:06:40+00:00","dateModified":"2024-08-14T14:41:59+00:00","breadcrumb":{"@id":"https:\/\/www.inno-lite.co.uk\/product\/pre-lit-garland-wall-mounted-tree\/#breadcrumb"},"inLanguage":"fr-FR","potentialAction":[{"@type":"ReadAction","target":["https:\/\/www.inno-lite.co.uk\/product\/pre-lit-garland-wall-mounted-tree\/"]}]},{"@type":"ImageObject","inLanguage":"fr-FR","@id":"https:\/\/www.inno-lite.co.uk\/product\/pre-lit-garland-wall-mounted-tree\/#primaryimage","url":"https:\/\/www.inno-lite.co.uk\/wp-content\/uploads\/2024\/02\/1-19-1.jpg","contentUrl":"https:\/\/www.inno-lite.co.uk\/wp-content\/uploads\/2024\/02\/1-19-1.jpg","width":1000,"height":1000},{"@type":"BreadcrumbList","@id":"https:\/\/www.inno-lite.co.uk\/product\/pre-lit-garland-wall-mounted-tree\/#breadcrumb","itemListElement":[{"@type":"ListItem","position":1,"name":"Home","item":"https:\/\/www.inno-lite.co.uk\/"},{"@type":"ListItem","position":2,"name":"Shop","item":"https:\/\/www.inno-lite.co.uk\/shop\/"},{"@type":"ListItem","position":3,"name":"Pre-lit Garland &#038; Wall Mounted Tree"}]},{"@type":"WebSite","@id":"https:\/\/www.inno-lite.co.uk\/#website","url":"https:\/\/www.inno-lite.co.uk\/","name":"Inno Lite","description":"","publisher":{"@id":"https:\/\/www.inno-lite.co.uk\/#organization"},"potentialAction":[{"@type":"SearchAction","target":{"@type":"EntryPoint","urlTemplate":"https:\/\/www.inno-lite.co.uk\/?s={search_term_string}"},"query-input":{"@type":"PropertyValueSpecification","valueRequired":true,"valueName":"search_term_string"}}],"inLanguage":"fr-FR"},{"@type":"Organization","@id":"https:\/\/www.inno-lite.co.uk\/#organization","name":"Inno Lite","url":"https:\/\/www.inno-lite.co.uk\/","logo":{"@type":"ImageObject","inLanguage":"fr-FR","@id":"https:\/\/www.inno-lite.co.uk\/#\/schema\/logo\/image\/","url":"https:\/\/www.inno-lite.co.uk\/wp-content\/uploads\/2024\/02\/Inno-Lite-Logo-Draft-Rev.webp","contentUrl":"https:\/\/www.inno-lite.co.uk\/wp-content\/uploads\/2024\/02\/Inno-Lite-Logo-Draft-Rev.webp","width":1400,"height":315,"caption":"Inno Lite"},"image":{"@id":"https:\/\/www.inno-lite.co.uk\/#\/schema\/logo\/image\/"}}]}},"_links":{"self":[{"href":"https:\/\/www.inno-lite.co.uk\/fr\/wp-json\/wp\/v2\/product\/15627","targetHints":{"allow":["GET"]}}],"collection":[{"href":"https:\/\/www.inno-lite.co.uk\/fr\/wp-json\/wp\/v2\/product"}],"about":[{"href":"https:\/\/www.inno-lite.co.uk\/fr\/wp-json\/wp\/v2\/types\/product"}],"replies":[{"embeddable":true,"href":"https:\/\/www.inno-lite.co.uk\/fr\/wp-json\/wp\/v2\/comments?post=15627"}],"version-history":[{"count":3,"href":"https:\/\/www.inno-lite.co.uk\/fr\/wp-json\/wp\/v2\/product\/15627\/revisions"}],"predecessor-version":[{"id":16520,"href":"https:\/\/www.inno-lite.co.uk\/fr\/wp-json\/wp\/v2\/product\/15627\/revisions\/16520"}],"wp:featuredmedia":[{"embeddable":true,"href":"https:\/\/www.inno-lite.co.uk\/fr\/wp-json\/wp\/v2\/media\/15794"}],"wp:attachment":[{"href":"https:\/\/www.inno-lite.co.uk\/fr\/wp-json\/wp\/v2\/media?parent=15627"}],"wp:term":[{"taxonomy":"product_brand","embeddable":true,"href":"https:\/\/www.inno-lite.co.uk\/fr\/wp-json\/wp\/v2\/product_brand?post=15627"},{"taxonomy":"product_cat","embeddable":true,"href":"https:\/\/www.inno-lite.co.uk\/fr\/wp-json\/wp\/v2\/product_cat?post=15627"},{"taxonomy":"product_tag","embeddable":true,"href":"https:\/\/www.inno-lite.co.uk\/fr\/wp-json\/wp\/v2\/product_tag?post=15627"}],"curies":[{"name":"wp","href":"https:\/\/api.w.org\/{rel}","templated":true}]}}