{"id":15622,"date":"2024-02-18T17:06:39","date_gmt":"2024-02-18T17:06:39","guid":{"rendered":"https:\/\/inno-lite.co.uk\/?post_type=product&#038;p=15622"},"modified":"2024-08-14T15:04:56","modified_gmt":"2024-08-14T15:04:56","slug":"lumiere-rgb-pour-stalactites-et-rideaux","status":"publish","type":"product","link":"https:\/\/www.inno-lite.co.uk\/fr\/product\/rgb-led-icicle-and-curtain-light\/","title":{"rendered":"Icicle et rideau lumineux \u00e0 LED RVB"},"content":{"rendered":"","protected":false},"excerpt":{"rendered":"<p>240V ou 24V, c\u00e2ble en caoutchouc r\u00e9sistant ou c\u00e2ble en PVC transparent, longueur sur mesure, connectable, effets de changement de couleur RVB, avec t\u00e9l\u00e9commande ou contr\u00f4le APP pour avoir diff\u00e9rentes fonctions, IP65, utilisation int\u00e9rieure et ext\u00e9rieure.<\/p>\n<p><img fetchpriority=\"high\" decoding=\"async\" class=\"alignnone size-large wp-image-16534\" src=\"https:\/\/www.inno-lite.co.uk\/wp-content\/uploads\/2024\/02\/Screenshot-2024-08-14-at-15.59.21-1300x778.png\" alt=\"\" width=\"800\" height=\"479\" srcset=\"https:\/\/www.inno-lite.co.uk\/wp-content\/uploads\/2024\/02\/Screenshot-2024-08-14-at-15.59.21-1300x778.png 1300w, https:\/\/www.inno-lite.co.uk\/wp-content\/uploads\/2024\/02\/Screenshot-2024-08-14-at-15.59.21-400x239.png 400w, https:\/\/www.inno-lite.co.uk\/wp-content\/uploads\/2024\/02\/Screenshot-2024-08-14-at-15.59.21-768x460.png 768w, https:\/\/www.inno-lite.co.uk\/wp-content\/uploads\/2024\/02\/Screenshot-2024-08-14-at-15.59.21-1536x919.png 1536w, https:\/\/www.inno-lite.co.uk\/wp-content\/uploads\/2024\/02\/Screenshot-2024-08-14-at-15.59.21-430x257.png 430w, https:\/\/www.inno-lite.co.uk\/wp-content\/uploads\/2024\/02\/Screenshot-2024-08-14-at-15.59.21-700x419.png 700w, https:\/\/www.inno-lite.co.uk\/wp-content\/uploads\/2024\/02\/Screenshot-2024-08-14-at-15.59.21.png 1998w\" sizes=\"(max-width: 800px) 100vw, 800px\" \/><\/p>","protected":false},"featured_media":15751,"comment_status":"closed","ping_status":"closed","template":"","meta":{"_acf_changed":false},"product_brand":[],"product_cat":[74],"product_tag":[],"class_list":{"0":"post-15622","1":"product","2":"type-product","3":"status-publish","4":"has-post-thumbnail","6":"product_cat-rgb-lighting","8":"first","9":"instock","10":"shipping-taxable","11":"product-type-simple"},"acf":[],"yoast_head":"<!-- This site is optimized with the Yoast SEO plugin v27.4 - https:\/\/yoast.com\/product\/yoast-seo-wordpress\/ -->\n<title>RGB LED Icicle and Curtain Light - Inno Lite<\/title>\n<meta name=\"robots\" content=\"index, follow, max-snippet:-1, max-image-preview:large, max-video-preview:-1\" \/>\n<link rel=\"canonical\" href=\"https:\/\/www.inno-lite.co.uk\/fr\/produit\/lumiere-rgb-pour-stalactites-et-rideaux\/\" \/>\n<meta property=\"og:locale\" content=\"fr_FR\" \/>\n<meta property=\"og:type\" content=\"article\" \/>\n<meta property=\"og:title\" content=\"RGB LED Icicle and Curtain Light - Inno Lite\" \/>\n<meta property=\"og:description\" content=\"240V or 24V, heavy duty rubber cable or clear PVC cable, bespoke length, connectable, RGB colour changing effects, with remote control or APP control to have different functions, IP65, indoor and outdoor use.\" \/>\n<meta property=\"og:url\" content=\"https:\/\/www.inno-lite.co.uk\/fr\/produit\/lumiere-rgb-pour-stalactites-et-rideaux\/\" \/>\n<meta property=\"og:site_name\" content=\"Inno Lite\" \/>\n<meta property=\"article:modified_time\" content=\"2024-08-14T15:04:56+00:00\" \/>\n<meta property=\"og:image\" content=\"https:\/\/www.inno-lite.co.uk\/wp-content\/uploads\/2024\/02\/1-16-1.jpg\" \/>\n\t<meta property=\"og:image:width\" content=\"1000\" \/>\n\t<meta property=\"og:image:height\" content=\"1000\" \/>\n\t<meta property=\"og:image:type\" content=\"image\/jpeg\" \/>\n<meta name=\"twitter:card\" content=\"summary_large_image\" \/>\n<meta name=\"twitter:label1\" content=\"Dur\u00e9e de lecture estim\u00e9e\" \/>\n\t<meta name=\"twitter:data1\" content=\"1 minute\" \/>\n<script type=\"application\/ld+json\" class=\"yoast-schema-graph\">{\"@context\":\"https:\\\/\\\/schema.org\",\"@graph\":[{\"@type\":\"WebPage\",\"@id\":\"https:\\\/\\\/www.inno-lite.co.uk\\\/product\\\/rgb-led-icicle-and-curtain-light\\\/\",\"url\":\"https:\\\/\\\/www.inno-lite.co.uk\\\/product\\\/rgb-led-icicle-and-curtain-light\\\/\",\"name\":\"RGB LED Icicle and Curtain Light - Inno Lite\",\"isPartOf\":{\"@id\":\"https:\\\/\\\/www.inno-lite.co.uk\\\/#website\"},\"primaryImageOfPage\":{\"@id\":\"https:\\\/\\\/www.inno-lite.co.uk\\\/product\\\/rgb-led-icicle-and-curtain-light\\\/#primaryimage\"},\"image\":{\"@id\":\"https:\\\/\\\/www.inno-lite.co.uk\\\/product\\\/rgb-led-icicle-and-curtain-light\\\/#primaryimage\"},\"thumbnailUrl\":\"https:\\\/\\\/www.inno-lite.co.uk\\\/wp-content\\\/uploads\\\/2024\\\/02\\\/1-16-1.jpg\",\"datePublished\":\"2024-02-18T17:06:39+00:00\",\"dateModified\":\"2024-08-14T15:04:56+00:00\",\"breadcrumb\":{\"@id\":\"https:\\\/\\\/www.inno-lite.co.uk\\\/product\\\/rgb-led-icicle-and-curtain-light\\\/#breadcrumb\"},\"inLanguage\":\"fr-FR\",\"potentialAction\":[{\"@type\":\"ReadAction\",\"target\":[\"https:\\\/\\\/www.inno-lite.co.uk\\\/product\\\/rgb-led-icicle-and-curtain-light\\\/\"]}]},{\"@type\":\"ImageObject\",\"inLanguage\":\"fr-FR\",\"@id\":\"https:\\\/\\\/www.inno-lite.co.uk\\\/product\\\/rgb-led-icicle-and-curtain-light\\\/#primaryimage\",\"url\":\"https:\\\/\\\/www.inno-lite.co.uk\\\/wp-content\\\/uploads\\\/2024\\\/02\\\/1-16-1.jpg\",\"contentUrl\":\"https:\\\/\\\/www.inno-lite.co.uk\\\/wp-content\\\/uploads\\\/2024\\\/02\\\/1-16-1.jpg\",\"width\":1000,\"height\":1000},{\"@type\":\"BreadcrumbList\",\"@id\":\"https:\\\/\\\/www.inno-lite.co.uk\\\/product\\\/rgb-led-icicle-and-curtain-light\\\/#breadcrumb\",\"itemListElement\":[{\"@type\":\"ListItem\",\"position\":1,\"name\":\"Home\",\"item\":\"https:\\\/\\\/www.inno-lite.co.uk\\\/\"},{\"@type\":\"ListItem\",\"position\":2,\"name\":\"Shop\",\"item\":\"https:\\\/\\\/www.inno-lite.co.uk\\\/shop\\\/\"},{\"@type\":\"ListItem\",\"position\":3,\"name\":\"RGB LED Icicle and Curtain Light\"}]},{\"@type\":\"WebSite\",\"@id\":\"https:\\\/\\\/www.inno-lite.co.uk\\\/#website\",\"url\":\"https:\\\/\\\/www.inno-lite.co.uk\\\/\",\"name\":\"Inno Lite\",\"description\":\"\",\"publisher\":{\"@id\":\"https:\\\/\\\/www.inno-lite.co.uk\\\/#organization\"},\"potentialAction\":[{\"@type\":\"SearchAction\",\"target\":{\"@type\":\"EntryPoint\",\"urlTemplate\":\"https:\\\/\\\/www.inno-lite.co.uk\\\/?s={search_term_string}\"},\"query-input\":{\"@type\":\"PropertyValueSpecification\",\"valueRequired\":true,\"valueName\":\"search_term_string\"}}],\"inLanguage\":\"fr-FR\"},{\"@type\":\"Organization\",\"@id\":\"https:\\\/\\\/www.inno-lite.co.uk\\\/#organization\",\"name\":\"Inno Lite\",\"url\":\"https:\\\/\\\/www.inno-lite.co.uk\\\/\",\"logo\":{\"@type\":\"ImageObject\",\"inLanguage\":\"fr-FR\",\"@id\":\"https:\\\/\\\/www.inno-lite.co.uk\\\/#\\\/schema\\\/logo\\\/image\\\/\",\"url\":\"https:\\\/\\\/www.inno-lite.co.uk\\\/wp-content\\\/uploads\\\/2024\\\/02\\\/Inno-Lite-Logo-Draft-Rev.webp\",\"contentUrl\":\"https:\\\/\\\/www.inno-lite.co.uk\\\/wp-content\\\/uploads\\\/2024\\\/02\\\/Inno-Lite-Logo-Draft-Rev.webp\",\"width\":1400,\"height\":315,\"caption\":\"Inno Lite\"},\"image\":{\"@id\":\"https:\\\/\\\/www.inno-lite.co.uk\\\/#\\\/schema\\\/logo\\\/image\\\/\"}}]}<\/script>\n<!-- \/ Yoast SEO plugin. -->","yoast_head_json":{"title":"Icicle et rideau lumineux LED RVB - Inno Lite","robots":{"index":"index","follow":"follow","max-snippet":"max-snippet:-1","max-image-preview":"max-image-preview:large","max-video-preview":"max-video-preview:-1"},"canonical":"https:\/\/www.inno-lite.co.uk\/fr\/produit\/lumiere-rgb-pour-stalactites-et-rideaux\/","og_locale":"fr_FR","og_type":"article","og_title":"RGB LED Icicle and Curtain Light - Inno Lite","og_description":"240V or 24V, heavy duty rubber cable or clear PVC cable, bespoke length, connectable, RGB colour changing effects, with remote control or APP control to have different functions, IP65, indoor and outdoor use.","og_url":"https:\/\/www.inno-lite.co.uk\/fr\/produit\/lumiere-rgb-pour-stalactites-et-rideaux\/","og_site_name":"Inno Lite","article_modified_time":"2024-08-14T15:04:56+00:00","og_image":[{"width":1000,"height":1000,"url":"https:\/\/www.inno-lite.co.uk\/wp-content\/uploads\/2024\/02\/1-16-1.jpg","type":"image\/jpeg"}],"twitter_card":"summary_large_image","twitter_misc":{"Dur\u00e9e de lecture estim\u00e9e":"1 minute"},"schema":{"@context":"https:\/\/schema.org","@graph":[{"@type":"WebPage","@id":"https:\/\/www.inno-lite.co.uk\/product\/rgb-led-icicle-and-curtain-light\/","url":"https:\/\/www.inno-lite.co.uk\/product\/rgb-led-icicle-and-curtain-light\/","name":"Icicle et rideau lumineux LED RVB - Inno Lite","isPartOf":{"@id":"https:\/\/www.inno-lite.co.uk\/#website"},"primaryImageOfPage":{"@id":"https:\/\/www.inno-lite.co.uk\/product\/rgb-led-icicle-and-curtain-light\/#primaryimage"},"image":{"@id":"https:\/\/www.inno-lite.co.uk\/product\/rgb-led-icicle-and-curtain-light\/#primaryimage"},"thumbnailUrl":"https:\/\/www.inno-lite.co.uk\/wp-content\/uploads\/2024\/02\/1-16-1.jpg","datePublished":"2024-02-18T17:06:39+00:00","dateModified":"2024-08-14T15:04:56+00:00","breadcrumb":{"@id":"https:\/\/www.inno-lite.co.uk\/product\/rgb-led-icicle-and-curtain-light\/#breadcrumb"},"inLanguage":"fr-FR","potentialAction":[{"@type":"ReadAction","target":["https:\/\/www.inno-lite.co.uk\/product\/rgb-led-icicle-and-curtain-light\/"]}]},{"@type":"ImageObject","inLanguage":"fr-FR","@id":"https:\/\/www.inno-lite.co.uk\/product\/rgb-led-icicle-and-curtain-light\/#primaryimage","url":"https:\/\/www.inno-lite.co.uk\/wp-content\/uploads\/2024\/02\/1-16-1.jpg","contentUrl":"https:\/\/www.inno-lite.co.uk\/wp-content\/uploads\/2024\/02\/1-16-1.jpg","width":1000,"height":1000},{"@type":"BreadcrumbList","@id":"https:\/\/www.inno-lite.co.uk\/product\/rgb-led-icicle-and-curtain-light\/#breadcrumb","itemListElement":[{"@type":"ListItem","position":1,"name":"Home","item":"https:\/\/www.inno-lite.co.uk\/"},{"@type":"ListItem","position":2,"name":"Shop","item":"https:\/\/www.inno-lite.co.uk\/shop\/"},{"@type":"ListItem","position":3,"name":"RGB LED Icicle and Curtain Light"}]},{"@type":"WebSite","@id":"https:\/\/www.inno-lite.co.uk\/#website","url":"https:\/\/www.inno-lite.co.uk\/","name":"Inno Lite","description":"","publisher":{"@id":"https:\/\/www.inno-lite.co.uk\/#organization"},"potentialAction":[{"@type":"SearchAction","target":{"@type":"EntryPoint","urlTemplate":"https:\/\/www.inno-lite.co.uk\/?s={search_term_string}"},"query-input":{"@type":"PropertyValueSpecification","valueRequired":true,"valueName":"search_term_string"}}],"inLanguage":"fr-FR"},{"@type":"Organization","@id":"https:\/\/www.inno-lite.co.uk\/#organization","name":"Inno Lite","url":"https:\/\/www.inno-lite.co.uk\/","logo":{"@type":"ImageObject","inLanguage":"fr-FR","@id":"https:\/\/www.inno-lite.co.uk\/#\/schema\/logo\/image\/","url":"https:\/\/www.inno-lite.co.uk\/wp-content\/uploads\/2024\/02\/Inno-Lite-Logo-Draft-Rev.webp","contentUrl":"https:\/\/www.inno-lite.co.uk\/wp-content\/uploads\/2024\/02\/Inno-Lite-Logo-Draft-Rev.webp","width":1400,"height":315,"caption":"Inno Lite"},"image":{"@id":"https:\/\/www.inno-lite.co.uk\/#\/schema\/logo\/image\/"}}]}},"_links":{"self":[{"href":"https:\/\/www.inno-lite.co.uk\/fr\/wp-json\/wp\/v2\/product\/15622","targetHints":{"allow":["GET"]}}],"collection":[{"href":"https:\/\/www.inno-lite.co.uk\/fr\/wp-json\/wp\/v2\/product"}],"about":[{"href":"https:\/\/www.inno-lite.co.uk\/fr\/wp-json\/wp\/v2\/types\/product"}],"replies":[{"embeddable":true,"href":"https:\/\/www.inno-lite.co.uk\/fr\/wp-json\/wp\/v2\/comments?post=15622"}],"version-history":[{"count":2,"href":"https:\/\/www.inno-lite.co.uk\/fr\/wp-json\/wp\/v2\/product\/15622\/revisions"}],"predecessor-version":[{"id":16535,"href":"https:\/\/www.inno-lite.co.uk\/fr\/wp-json\/wp\/v2\/product\/15622\/revisions\/16535"}],"wp:featuredmedia":[{"embeddable":true,"href":"https:\/\/www.inno-lite.co.uk\/fr\/wp-json\/wp\/v2\/media\/15751"}],"wp:attachment":[{"href":"https:\/\/www.inno-lite.co.uk\/fr\/wp-json\/wp\/v2\/media?parent=15622"}],"wp:term":[{"taxonomy":"product_brand","embeddable":true,"href":"https:\/\/www.inno-lite.co.uk\/fr\/wp-json\/wp\/v2\/product_brand?post=15622"},{"taxonomy":"product_cat","embeddable":true,"href":"https:\/\/www.inno-lite.co.uk\/fr\/wp-json\/wp\/v2\/product_cat?post=15622"},{"taxonomy":"product_tag","embeddable":true,"href":"https:\/\/www.inno-lite.co.uk\/fr\/wp-json\/wp\/v2\/product_tag?post=15622"}],"curies":[{"name":"wp","href":"https:\/\/api.w.org\/{rel}","templated":true}]}}