{"id":15614,"date":"2024-02-18T17:06:37","date_gmt":"2024-02-18T17:06:37","guid":{"rendered":"https:\/\/inno-lite.co.uk\/?post_type=product&#038;p=15614"},"modified":"2024-08-14T15:22:39","modified_gmt":"2024-08-14T15:22:39","slug":"feston-leger-connectable-240v","status":"publish","type":"product","link":"https:\/\/www.inno-lite.co.uk\/fr\/product\/240v-connectable-lightweight-festoon-light\/","title":{"rendered":"Feston l\u00e9ger connectable 240V"},"content":{"rendered":"","protected":false},"excerpt":{"rendered":"<p>240V, c\u00e2ble flexible en caoutchouc, longueur de 5 m\u00e8tres ou 10 m\u00e8tres, c\u00e2ble en caoutchouc noir ou blanc, avec 10 ou 20 pi\u00e8ces de lampes LED \u00e0 capuchon transparent, connectables \u00e0 300 m\u00e8tres \u00e0 partir d'un c\u00e2ble d'alimentation, IP44, utilisation int\u00e9rieure et ext\u00e9rieure.<\/p>\n<p><img fetchpriority=\"high\" decoding=\"async\" class=\"alignnone size-large wp-image-16540\" src=\"https:\/\/www.inno-lite.co.uk\/wp-content\/uploads\/2024\/02\/Screenshot-2024-08-14-at-16.20.45-1300x708.png\" alt=\"\" width=\"800\" height=\"436\" srcset=\"https:\/\/www.inno-lite.co.uk\/wp-content\/uploads\/2024\/02\/Screenshot-2024-08-14-at-16.20.45-1300x708.png 1300w, https:\/\/www.inno-lite.co.uk\/wp-content\/uploads\/2024\/02\/Screenshot-2024-08-14-at-16.20.45-400x218.png 400w, https:\/\/www.inno-lite.co.uk\/wp-content\/uploads\/2024\/02\/Screenshot-2024-08-14-at-16.20.45-768x418.png 768w, https:\/\/www.inno-lite.co.uk\/wp-content\/uploads\/2024\/02\/Screenshot-2024-08-14-at-16.20.45-1536x836.png 1536w, https:\/\/www.inno-lite.co.uk\/wp-content\/uploads\/2024\/02\/Screenshot-2024-08-14-at-16.20.45-430x234.png 430w, https:\/\/www.inno-lite.co.uk\/wp-content\/uploads\/2024\/02\/Screenshot-2024-08-14-at-16.20.45-700x381.png 700w, https:\/\/www.inno-lite.co.uk\/wp-content\/uploads\/2024\/02\/Screenshot-2024-08-14-at-16.20.45.png 1668w\" sizes=\"(max-width: 800px) 100vw, 800px\" \/><\/p>","protected":false},"featured_media":15689,"comment_status":"closed","ping_status":"closed","template":"","meta":{"_acf_changed":false},"product_brand":[],"product_cat":[73,72],"product_tag":[],"class_list":{"0":"post-15614","1":"product","2":"type-product","3":"status-publish","4":"has-post-thumbnail","6":"product_cat-event-lighting","7":"product_cat-festive-lighting","9":"first","10":"instock","11":"featured","12":"shipping-taxable","13":"product-type-simple"},"acf":[],"yoast_head":"<!-- This site is optimized with the Yoast SEO plugin v27.2 - https:\/\/yoast.com\/product\/yoast-seo-wordpress\/ -->\n<title>240V Connectable Lightweight Festoon Light - Inno Lite<\/title>\n<meta name=\"robots\" content=\"index, follow, max-snippet:-1, max-image-preview:large, max-video-preview:-1\" \/>\n<link rel=\"canonical\" href=\"https:\/\/www.inno-lite.co.uk\/fr\/produit\/feston-leger-connectable-240v\/\" \/>\n<meta property=\"og:locale\" content=\"fr_FR\" \/>\n<meta property=\"og:type\" content=\"article\" \/>\n<meta property=\"og:title\" content=\"240V Connectable Lightweight Festoon Light - Inno Lite\" \/>\n<meta property=\"og:description\" content=\"240V, flexible rubber cable, 5 metre or 10 metre length, black or white rubber cable, with 10 or 20 pieces of clear cap LED lamps, connectable to 300 metre from one power lead, IP44, indoor and outdoor use.\" \/>\n<meta property=\"og:url\" content=\"https:\/\/www.inno-lite.co.uk\/fr\/produit\/feston-leger-connectable-240v\/\" \/>\n<meta property=\"og:site_name\" content=\"Inno Lite\" \/>\n<meta property=\"article:modified_time\" content=\"2024-08-14T15:22:39+00:00\" \/>\n<meta property=\"og:image\" content=\"https:\/\/www.inno-lite.co.uk\/wp-content\/uploads\/2024\/02\/1-10-1.jpg\" \/>\n\t<meta property=\"og:image:width\" content=\"1000\" \/>\n\t<meta property=\"og:image:height\" content=\"1000\" \/>\n\t<meta property=\"og:image:type\" content=\"image\/jpeg\" \/>\n<meta name=\"twitter:card\" content=\"summary_large_image\" \/>\n<meta name=\"twitter:label1\" content=\"Dur\u00e9e de lecture estim\u00e9e\" \/>\n\t<meta name=\"twitter:data1\" content=\"1 minute\" \/>\n<script type=\"application\/ld+json\" class=\"yoast-schema-graph\">{\"@context\":\"https:\/\/schema.org\",\"@graph\":[{\"@type\":\"WebPage\",\"@id\":\"https:\/\/www.inno-lite.co.uk\/product\/240v-connectable-lightweight-festoon-light\/\",\"url\":\"https:\/\/www.inno-lite.co.uk\/product\/240v-connectable-lightweight-festoon-light\/\",\"name\":\"240V Connectable Lightweight Festoon Light - Inno Lite\",\"isPartOf\":{\"@id\":\"https:\/\/www.inno-lite.co.uk\/#website\"},\"primaryImageOfPage\":{\"@id\":\"https:\/\/www.inno-lite.co.uk\/product\/240v-connectable-lightweight-festoon-light\/#primaryimage\"},\"image\":{\"@id\":\"https:\/\/www.inno-lite.co.uk\/product\/240v-connectable-lightweight-festoon-light\/#primaryimage\"},\"thumbnailUrl\":\"https:\/\/www.inno-lite.co.uk\/wp-content\/uploads\/2024\/02\/1-10-1.jpg\",\"datePublished\":\"2024-02-18T17:06:37+00:00\",\"dateModified\":\"2024-08-14T15:22:39+00:00\",\"breadcrumb\":{\"@id\":\"https:\/\/www.inno-lite.co.uk\/product\/240v-connectable-lightweight-festoon-light\/#breadcrumb\"},\"inLanguage\":\"fr-FR\",\"potentialAction\":[{\"@type\":\"ReadAction\",\"target\":[\"https:\/\/www.inno-lite.co.uk\/product\/240v-connectable-lightweight-festoon-light\/\"]}]},{\"@type\":\"ImageObject\",\"inLanguage\":\"fr-FR\",\"@id\":\"https:\/\/www.inno-lite.co.uk\/product\/240v-connectable-lightweight-festoon-light\/#primaryimage\",\"url\":\"https:\/\/www.inno-lite.co.uk\/wp-content\/uploads\/2024\/02\/1-10-1.jpg\",\"contentUrl\":\"https:\/\/www.inno-lite.co.uk\/wp-content\/uploads\/2024\/02\/1-10-1.jpg\",\"width\":1000,\"height\":1000},{\"@type\":\"BreadcrumbList\",\"@id\":\"https:\/\/www.inno-lite.co.uk\/product\/240v-connectable-lightweight-festoon-light\/#breadcrumb\",\"itemListElement\":[{\"@type\":\"ListItem\",\"position\":1,\"name\":\"Home\",\"item\":\"https:\/\/www.inno-lite.co.uk\/\"},{\"@type\":\"ListItem\",\"position\":2,\"name\":\"Shop\",\"item\":\"https:\/\/www.inno-lite.co.uk\/shop\/\"},{\"@type\":\"ListItem\",\"position\":3,\"name\":\"240V Connectable Lightweight Festoon Light\"}]},{\"@type\":\"WebSite\",\"@id\":\"https:\/\/www.inno-lite.co.uk\/#website\",\"url\":\"https:\/\/www.inno-lite.co.uk\/\",\"name\":\"Inno Lite\",\"description\":\"\",\"publisher\":{\"@id\":\"https:\/\/www.inno-lite.co.uk\/#organization\"},\"potentialAction\":[{\"@type\":\"SearchAction\",\"target\":{\"@type\":\"EntryPoint\",\"urlTemplate\":\"https:\/\/www.inno-lite.co.uk\/?s={search_term_string}\"},\"query-input\":{\"@type\":\"PropertyValueSpecification\",\"valueRequired\":true,\"valueName\":\"search_term_string\"}}],\"inLanguage\":\"fr-FR\"},{\"@type\":\"Organization\",\"@id\":\"https:\/\/www.inno-lite.co.uk\/#organization\",\"name\":\"Inno Lite\",\"url\":\"https:\/\/www.inno-lite.co.uk\/\",\"logo\":{\"@type\":\"ImageObject\",\"inLanguage\":\"fr-FR\",\"@id\":\"https:\/\/www.inno-lite.co.uk\/#\/schema\/logo\/image\/\",\"url\":\"https:\/\/www.inno-lite.co.uk\/wp-content\/uploads\/2024\/02\/Inno-Lite-Logo-Draft-Rev.webp\",\"contentUrl\":\"https:\/\/www.inno-lite.co.uk\/wp-content\/uploads\/2024\/02\/Inno-Lite-Logo-Draft-Rev.webp\",\"width\":1400,\"height\":315,\"caption\":\"Inno Lite\"},\"image\":{\"@id\":\"https:\/\/www.inno-lite.co.uk\/#\/schema\/logo\/image\/\"}}]}<\/script>\n<!-- \/ Yoast SEO plugin. -->","yoast_head_json":{"title":"240V Connectable Lightweight Festoon Light - Inno Lite","robots":{"index":"index","follow":"follow","max-snippet":"max-snippet:-1","max-image-preview":"max-image-preview:large","max-video-preview":"max-video-preview:-1"},"canonical":"https:\/\/www.inno-lite.co.uk\/fr\/produit\/feston-leger-connectable-240v\/","og_locale":"fr_FR","og_type":"article","og_title":"240V Connectable Lightweight Festoon Light - Inno Lite","og_description":"240V, flexible rubber cable, 5 metre or 10 metre length, black or white rubber cable, with 10 or 20 pieces of clear cap LED lamps, connectable to 300 metre from one power lead, IP44, indoor and outdoor use.","og_url":"https:\/\/www.inno-lite.co.uk\/fr\/produit\/feston-leger-connectable-240v\/","og_site_name":"Inno Lite","article_modified_time":"2024-08-14T15:22:39+00:00","og_image":[{"width":1000,"height":1000,"url":"https:\/\/www.inno-lite.co.uk\/wp-content\/uploads\/2024\/02\/1-10-1.jpg","type":"image\/jpeg"}],"twitter_card":"summary_large_image","twitter_misc":{"Dur\u00e9e de lecture estim\u00e9e":"1 minute"},"schema":{"@context":"https:\/\/schema.org","@graph":[{"@type":"WebPage","@id":"https:\/\/www.inno-lite.co.uk\/product\/240v-connectable-lightweight-festoon-light\/","url":"https:\/\/www.inno-lite.co.uk\/product\/240v-connectable-lightweight-festoon-light\/","name":"240V Connectable Lightweight Festoon Light - Inno Lite","isPartOf":{"@id":"https:\/\/www.inno-lite.co.uk\/#website"},"primaryImageOfPage":{"@id":"https:\/\/www.inno-lite.co.uk\/product\/240v-connectable-lightweight-festoon-light\/#primaryimage"},"image":{"@id":"https:\/\/www.inno-lite.co.uk\/product\/240v-connectable-lightweight-festoon-light\/#primaryimage"},"thumbnailUrl":"https:\/\/www.inno-lite.co.uk\/wp-content\/uploads\/2024\/02\/1-10-1.jpg","datePublished":"2024-02-18T17:06:37+00:00","dateModified":"2024-08-14T15:22:39+00:00","breadcrumb":{"@id":"https:\/\/www.inno-lite.co.uk\/product\/240v-connectable-lightweight-festoon-light\/#breadcrumb"},"inLanguage":"fr-FR","potentialAction":[{"@type":"ReadAction","target":["https:\/\/www.inno-lite.co.uk\/product\/240v-connectable-lightweight-festoon-light\/"]}]},{"@type":"ImageObject","inLanguage":"fr-FR","@id":"https:\/\/www.inno-lite.co.uk\/product\/240v-connectable-lightweight-festoon-light\/#primaryimage","url":"https:\/\/www.inno-lite.co.uk\/wp-content\/uploads\/2024\/02\/1-10-1.jpg","contentUrl":"https:\/\/www.inno-lite.co.uk\/wp-content\/uploads\/2024\/02\/1-10-1.jpg","width":1000,"height":1000},{"@type":"BreadcrumbList","@id":"https:\/\/www.inno-lite.co.uk\/product\/240v-connectable-lightweight-festoon-light\/#breadcrumb","itemListElement":[{"@type":"ListItem","position":1,"name":"Home","item":"https:\/\/www.inno-lite.co.uk\/"},{"@type":"ListItem","position":2,"name":"Shop","item":"https:\/\/www.inno-lite.co.uk\/shop\/"},{"@type":"ListItem","position":3,"name":"240V Connectable Lightweight Festoon Light"}]},{"@type":"WebSite","@id":"https:\/\/www.inno-lite.co.uk\/#website","url":"https:\/\/www.inno-lite.co.uk\/","name":"Inno Lite","description":"","publisher":{"@id":"https:\/\/www.inno-lite.co.uk\/#organization"},"potentialAction":[{"@type":"SearchAction","target":{"@type":"EntryPoint","urlTemplate":"https:\/\/www.inno-lite.co.uk\/?s={search_term_string}"},"query-input":{"@type":"PropertyValueSpecification","valueRequired":true,"valueName":"search_term_string"}}],"inLanguage":"fr-FR"},{"@type":"Organization","@id":"https:\/\/www.inno-lite.co.uk\/#organization","name":"Inno Lite","url":"https:\/\/www.inno-lite.co.uk\/","logo":{"@type":"ImageObject","inLanguage":"fr-FR","@id":"https:\/\/www.inno-lite.co.uk\/#\/schema\/logo\/image\/","url":"https:\/\/www.inno-lite.co.uk\/wp-content\/uploads\/2024\/02\/Inno-Lite-Logo-Draft-Rev.webp","contentUrl":"https:\/\/www.inno-lite.co.uk\/wp-content\/uploads\/2024\/02\/Inno-Lite-Logo-Draft-Rev.webp","width":1400,"height":315,"caption":"Inno Lite"},"image":{"@id":"https:\/\/www.inno-lite.co.uk\/#\/schema\/logo\/image\/"}}]}},"_links":{"self":[{"href":"https:\/\/www.inno-lite.co.uk\/fr\/wp-json\/wp\/v2\/product\/15614","targetHints":{"allow":["GET"]}}],"collection":[{"href":"https:\/\/www.inno-lite.co.uk\/fr\/wp-json\/wp\/v2\/product"}],"about":[{"href":"https:\/\/www.inno-lite.co.uk\/fr\/wp-json\/wp\/v2\/types\/product"}],"replies":[{"embeddable":true,"href":"https:\/\/www.inno-lite.co.uk\/fr\/wp-json\/wp\/v2\/comments?post=15614"}],"version-history":[{"count":2,"href":"https:\/\/www.inno-lite.co.uk\/fr\/wp-json\/wp\/v2\/product\/15614\/revisions"}],"predecessor-version":[{"id":16541,"href":"https:\/\/www.inno-lite.co.uk\/fr\/wp-json\/wp\/v2\/product\/15614\/revisions\/16541"}],"wp:featuredmedia":[{"embeddable":true,"href":"https:\/\/www.inno-lite.co.uk\/fr\/wp-json\/wp\/v2\/media\/15689"}],"wp:attachment":[{"href":"https:\/\/www.inno-lite.co.uk\/fr\/wp-json\/wp\/v2\/media?parent=15614"}],"wp:term":[{"taxonomy":"product_brand","embeddable":true,"href":"https:\/\/www.inno-lite.co.uk\/fr\/wp-json\/wp\/v2\/product_brand?post=15614"},{"taxonomy":"product_cat","embeddable":true,"href":"https:\/\/www.inno-lite.co.uk\/fr\/wp-json\/wp\/v2\/product_cat?post=15614"},{"taxonomy":"product_tag","embeddable":true,"href":"https:\/\/www.inno-lite.co.uk\/fr\/wp-json\/wp\/v2\/product_tag?post=15614"}],"curies":[{"name":"wp","href":"https:\/\/api.w.org\/{rel}","templated":true}]}}