{"id":15607,"date":"2024-02-18T17:06:36","date_gmt":"2024-02-18T17:06:36","guid":{"rendered":"https:\/\/inno-lite.co.uk\/?post_type=product&#038;p=15607"},"modified":"2024-08-14T15:29:20","modified_gmt":"2024-08-14T15:29:20","slug":"240v-rubber-cable-dual-colour-led-string-light","status":"publish","type":"product","link":"https:\/\/www.inno-lite.co.uk\/fr\/product\/240v-rubber-cable-dual-colour-led-string-light\/","title":{"rendered":"240V Rubber Cable Dual Colour LED String Light"},"content":{"rendered":"","protected":false},"excerpt":{"rendered":"<p>C\u00e2ble en caoutchouc tr\u00e8s r\u00e9sistant, 10 m de long, avec 100 LED bicolores, peut \u00eatre statique ou avec un c\u00e2ble en caoutchouc. <strong>20% LED blanches clignotantes al\u00e9atoires<\/strong>, Les lampes sont connectables, IP65, utilisables \u00e0 l'int\u00e9rieur et \u00e0 l'ext\u00e9rieur. Il est facile de passer d'une couleur \u00e0 l'autre en inversant la connexion entre le c\u00e2ble d'alimentation et la guirlande.<\/p>\n<p><img fetchpriority=\"high\" decoding=\"async\" class=\"alignnone size-large wp-image-16542\" src=\"https:\/\/www.inno-lite.co.uk\/wp-content\/uploads\/2024\/02\/Screenshot-2024-08-14-at-16.20.34-1300x775.png\" alt=\"\" width=\"800\" height=\"477\" srcset=\"https:\/\/www.inno-lite.co.uk\/wp-content\/uploads\/2024\/02\/Screenshot-2024-08-14-at-16.20.34-1300x775.png 1300w, https:\/\/www.inno-lite.co.uk\/wp-content\/uploads\/2024\/02\/Screenshot-2024-08-14-at-16.20.34-400x239.png 400w, https:\/\/www.inno-lite.co.uk\/wp-content\/uploads\/2024\/02\/Screenshot-2024-08-14-at-16.20.34-768x458.png 768w, https:\/\/www.inno-lite.co.uk\/wp-content\/uploads\/2024\/02\/Screenshot-2024-08-14-at-16.20.34-1536x916.png 1536w, https:\/\/www.inno-lite.co.uk\/wp-content\/uploads\/2024\/02\/Screenshot-2024-08-14-at-16.20.34-430x256.png 430w, https:\/\/www.inno-lite.co.uk\/wp-content\/uploads\/2024\/02\/Screenshot-2024-08-14-at-16.20.34-700x417.png 700w, https:\/\/www.inno-lite.co.uk\/wp-content\/uploads\/2024\/02\/Screenshot-2024-08-14-at-16.20.34.png 1660w\" sizes=\"(max-width: 800px) 100vw, 800px\" \/><\/p>","protected":false},"featured_media":15649,"comment_status":"closed","ping_status":"closed","template":"","meta":{"_acf_changed":false},"product_brand":[],"product_cat":[73,72],"product_tag":[],"class_list":{"0":"post-15607","1":"product","2":"type-product","3":"status-publish","4":"has-post-thumbnail","6":"product_cat-event-lighting","7":"product_cat-festive-lighting","9":"first","10":"instock","11":"shipping-taxable","12":"product-type-simple"},"acf":[],"yoast_head":"<!-- This site is optimized with the Yoast SEO plugin v27.2 - https:\/\/yoast.com\/product\/yoast-seo-wordpress\/ -->\n<title>240V Rubber Cable Dual Colour LED String Light - Inno Lite<\/title>\n<meta name=\"robots\" content=\"index, follow, max-snippet:-1, max-image-preview:large, max-video-preview:-1\" \/>\n<link rel=\"canonical\" href=\"https:\/\/www.inno-lite.co.uk\/fr\/produit\/240v-rubber-cable-dual-colour-led-string-light\/\" \/>\n<meta property=\"og:locale\" content=\"fr_FR\" \/>\n<meta property=\"og:type\" content=\"article\" \/>\n<meta property=\"og:title\" content=\"240V Rubber Cable Dual Colour LED String Light - Inno Lite\" \/>\n<meta property=\"og:description\" content=\"Heavy duty rubber cable, 10m long, with 100 dual colour LEDs, can be static or with 20% random white flashing LEDs, connectable, IP65, indoor and outdoor use, easy to change colour from one to the other by reversing the connection between power lead and string.\" \/>\n<meta property=\"og:url\" content=\"https:\/\/www.inno-lite.co.uk\/fr\/produit\/240v-rubber-cable-dual-colour-led-string-light\/\" \/>\n<meta property=\"og:site_name\" content=\"Inno Lite\" \/>\n<meta property=\"article:modified_time\" content=\"2024-08-14T15:29:20+00:00\" \/>\n<meta property=\"og:image\" content=\"https:\/\/www.inno-lite.co.uk\/wp-content\/uploads\/2024\/02\/1-3-1.jpg\" \/>\n\t<meta property=\"og:image:width\" content=\"1000\" \/>\n\t<meta property=\"og:image:height\" content=\"1000\" \/>\n\t<meta property=\"og:image:type\" content=\"image\/jpeg\" \/>\n<meta name=\"twitter:card\" content=\"summary_large_image\" \/>\n<meta name=\"twitter:label1\" content=\"Dur\u00e9e de lecture estim\u00e9e\" \/>\n\t<meta name=\"twitter:data1\" content=\"1 minute\" \/>\n<script type=\"application\/ld+json\" class=\"yoast-schema-graph\">{\"@context\":\"https:\/\/schema.org\",\"@graph\":[{\"@type\":\"WebPage\",\"@id\":\"https:\/\/www.inno-lite.co.uk\/product\/240v-rubber-cable-dual-colour-led-string-light\/\",\"url\":\"https:\/\/www.inno-lite.co.uk\/product\/240v-rubber-cable-dual-colour-led-string-light\/\",\"name\":\"240V Rubber Cable Dual Colour LED String Light - Inno Lite\",\"isPartOf\":{\"@id\":\"https:\/\/www.inno-lite.co.uk\/#website\"},\"primaryImageOfPage\":{\"@id\":\"https:\/\/www.inno-lite.co.uk\/product\/240v-rubber-cable-dual-colour-led-string-light\/#primaryimage\"},\"image\":{\"@id\":\"https:\/\/www.inno-lite.co.uk\/product\/240v-rubber-cable-dual-colour-led-string-light\/#primaryimage\"},\"thumbnailUrl\":\"https:\/\/www.inno-lite.co.uk\/wp-content\/uploads\/2024\/02\/1-3-1.jpg\",\"datePublished\":\"2024-02-18T17:06:36+00:00\",\"dateModified\":\"2024-08-14T15:29:20+00:00\",\"breadcrumb\":{\"@id\":\"https:\/\/www.inno-lite.co.uk\/product\/240v-rubber-cable-dual-colour-led-string-light\/#breadcrumb\"},\"inLanguage\":\"fr-FR\",\"potentialAction\":[{\"@type\":\"ReadAction\",\"target\":[\"https:\/\/www.inno-lite.co.uk\/product\/240v-rubber-cable-dual-colour-led-string-light\/\"]}]},{\"@type\":\"ImageObject\",\"inLanguage\":\"fr-FR\",\"@id\":\"https:\/\/www.inno-lite.co.uk\/product\/240v-rubber-cable-dual-colour-led-string-light\/#primaryimage\",\"url\":\"https:\/\/www.inno-lite.co.uk\/wp-content\/uploads\/2024\/02\/1-3-1.jpg\",\"contentUrl\":\"https:\/\/www.inno-lite.co.uk\/wp-content\/uploads\/2024\/02\/1-3-1.jpg\",\"width\":1000,\"height\":1000},{\"@type\":\"BreadcrumbList\",\"@id\":\"https:\/\/www.inno-lite.co.uk\/product\/240v-rubber-cable-dual-colour-led-string-light\/#breadcrumb\",\"itemListElement\":[{\"@type\":\"ListItem\",\"position\":1,\"name\":\"Home\",\"item\":\"https:\/\/www.inno-lite.co.uk\/\"},{\"@type\":\"ListItem\",\"position\":2,\"name\":\"Shop\",\"item\":\"https:\/\/www.inno-lite.co.uk\/shop\/\"},{\"@type\":\"ListItem\",\"position\":3,\"name\":\"240V Rubber Cable Dual Colour LED String Light\"}]},{\"@type\":\"WebSite\",\"@id\":\"https:\/\/www.inno-lite.co.uk\/#website\",\"url\":\"https:\/\/www.inno-lite.co.uk\/\",\"name\":\"Inno Lite\",\"description\":\"\",\"publisher\":{\"@id\":\"https:\/\/www.inno-lite.co.uk\/#organization\"},\"potentialAction\":[{\"@type\":\"SearchAction\",\"target\":{\"@type\":\"EntryPoint\",\"urlTemplate\":\"https:\/\/www.inno-lite.co.uk\/?s={search_term_string}\"},\"query-input\":{\"@type\":\"PropertyValueSpecification\",\"valueRequired\":true,\"valueName\":\"search_term_string\"}}],\"inLanguage\":\"fr-FR\"},{\"@type\":\"Organization\",\"@id\":\"https:\/\/www.inno-lite.co.uk\/#organization\",\"name\":\"Inno Lite\",\"url\":\"https:\/\/www.inno-lite.co.uk\/\",\"logo\":{\"@type\":\"ImageObject\",\"inLanguage\":\"fr-FR\",\"@id\":\"https:\/\/www.inno-lite.co.uk\/#\/schema\/logo\/image\/\",\"url\":\"https:\/\/www.inno-lite.co.uk\/wp-content\/uploads\/2024\/02\/Inno-Lite-Logo-Draft-Rev.webp\",\"contentUrl\":\"https:\/\/www.inno-lite.co.uk\/wp-content\/uploads\/2024\/02\/Inno-Lite-Logo-Draft-Rev.webp\",\"width\":1400,\"height\":315,\"caption\":\"Inno Lite\"},\"image\":{\"@id\":\"https:\/\/www.inno-lite.co.uk\/#\/schema\/logo\/image\/\"}}]}<\/script>\n<!-- \/ Yoast SEO plugin. -->","yoast_head_json":{"title":"240V Rubber Cable Dual Colour LED String Light - Inno Lite","robots":{"index":"index","follow":"follow","max-snippet":"max-snippet:-1","max-image-preview":"max-image-preview:large","max-video-preview":"max-video-preview:-1"},"canonical":"https:\/\/www.inno-lite.co.uk\/fr\/produit\/240v-rubber-cable-dual-colour-led-string-light\/","og_locale":"fr_FR","og_type":"article","og_title":"240V Rubber Cable Dual Colour LED String Light - Inno Lite","og_description":"Heavy duty rubber cable, 10m long, with 100 dual colour LEDs, can be static or with 20% random white flashing LEDs, connectable, IP65, indoor and outdoor use, easy to change colour from one to the other by reversing the connection between power lead and string.","og_url":"https:\/\/www.inno-lite.co.uk\/fr\/produit\/240v-rubber-cable-dual-colour-led-string-light\/","og_site_name":"Inno Lite","article_modified_time":"2024-08-14T15:29:20+00:00","og_image":[{"width":1000,"height":1000,"url":"https:\/\/www.inno-lite.co.uk\/wp-content\/uploads\/2024\/02\/1-3-1.jpg","type":"image\/jpeg"}],"twitter_card":"summary_large_image","twitter_misc":{"Dur\u00e9e de lecture estim\u00e9e":"1 minute"},"schema":{"@context":"https:\/\/schema.org","@graph":[{"@type":"WebPage","@id":"https:\/\/www.inno-lite.co.uk\/product\/240v-rubber-cable-dual-colour-led-string-light\/","url":"https:\/\/www.inno-lite.co.uk\/product\/240v-rubber-cable-dual-colour-led-string-light\/","name":"240V Rubber Cable Dual Colour LED String Light - Inno Lite","isPartOf":{"@id":"https:\/\/www.inno-lite.co.uk\/#website"},"primaryImageOfPage":{"@id":"https:\/\/www.inno-lite.co.uk\/product\/240v-rubber-cable-dual-colour-led-string-light\/#primaryimage"},"image":{"@id":"https:\/\/www.inno-lite.co.uk\/product\/240v-rubber-cable-dual-colour-led-string-light\/#primaryimage"},"thumbnailUrl":"https:\/\/www.inno-lite.co.uk\/wp-content\/uploads\/2024\/02\/1-3-1.jpg","datePublished":"2024-02-18T17:06:36+00:00","dateModified":"2024-08-14T15:29:20+00:00","breadcrumb":{"@id":"https:\/\/www.inno-lite.co.uk\/product\/240v-rubber-cable-dual-colour-led-string-light\/#breadcrumb"},"inLanguage":"fr-FR","potentialAction":[{"@type":"ReadAction","target":["https:\/\/www.inno-lite.co.uk\/product\/240v-rubber-cable-dual-colour-led-string-light\/"]}]},{"@type":"ImageObject","inLanguage":"fr-FR","@id":"https:\/\/www.inno-lite.co.uk\/product\/240v-rubber-cable-dual-colour-led-string-light\/#primaryimage","url":"https:\/\/www.inno-lite.co.uk\/wp-content\/uploads\/2024\/02\/1-3-1.jpg","contentUrl":"https:\/\/www.inno-lite.co.uk\/wp-content\/uploads\/2024\/02\/1-3-1.jpg","width":1000,"height":1000},{"@type":"BreadcrumbList","@id":"https:\/\/www.inno-lite.co.uk\/product\/240v-rubber-cable-dual-colour-led-string-light\/#breadcrumb","itemListElement":[{"@type":"ListItem","position":1,"name":"Home","item":"https:\/\/www.inno-lite.co.uk\/"},{"@type":"ListItem","position":2,"name":"Shop","item":"https:\/\/www.inno-lite.co.uk\/shop\/"},{"@type":"ListItem","position":3,"name":"240V Rubber Cable Dual Colour LED String Light"}]},{"@type":"WebSite","@id":"https:\/\/www.inno-lite.co.uk\/#website","url":"https:\/\/www.inno-lite.co.uk\/","name":"Inno Lite","description":"","publisher":{"@id":"https:\/\/www.inno-lite.co.uk\/#organization"},"potentialAction":[{"@type":"SearchAction","target":{"@type":"EntryPoint","urlTemplate":"https:\/\/www.inno-lite.co.uk\/?s={search_term_string}"},"query-input":{"@type":"PropertyValueSpecification","valueRequired":true,"valueName":"search_term_string"}}],"inLanguage":"fr-FR"},{"@type":"Organization","@id":"https:\/\/www.inno-lite.co.uk\/#organization","name":"Inno Lite","url":"https:\/\/www.inno-lite.co.uk\/","logo":{"@type":"ImageObject","inLanguage":"fr-FR","@id":"https:\/\/www.inno-lite.co.uk\/#\/schema\/logo\/image\/","url":"https:\/\/www.inno-lite.co.uk\/wp-content\/uploads\/2024\/02\/Inno-Lite-Logo-Draft-Rev.webp","contentUrl":"https:\/\/www.inno-lite.co.uk\/wp-content\/uploads\/2024\/02\/Inno-Lite-Logo-Draft-Rev.webp","width":1400,"height":315,"caption":"Inno Lite"},"image":{"@id":"https:\/\/www.inno-lite.co.uk\/#\/schema\/logo\/image\/"}}]}},"_links":{"self":[{"href":"https:\/\/www.inno-lite.co.uk\/fr\/wp-json\/wp\/v2\/product\/15607","targetHints":{"allow":["GET"]}}],"collection":[{"href":"https:\/\/www.inno-lite.co.uk\/fr\/wp-json\/wp\/v2\/product"}],"about":[{"href":"https:\/\/www.inno-lite.co.uk\/fr\/wp-json\/wp\/v2\/types\/product"}],"replies":[{"embeddable":true,"href":"https:\/\/www.inno-lite.co.uk\/fr\/wp-json\/wp\/v2\/comments?post=15607"}],"version-history":[{"count":2,"href":"https:\/\/www.inno-lite.co.uk\/fr\/wp-json\/wp\/v2\/product\/15607\/revisions"}],"predecessor-version":[{"id":16543,"href":"https:\/\/www.inno-lite.co.uk\/fr\/wp-json\/wp\/v2\/product\/15607\/revisions\/16543"}],"wp:featuredmedia":[{"embeddable":true,"href":"https:\/\/www.inno-lite.co.uk\/fr\/wp-json\/wp\/v2\/media\/15649"}],"wp:attachment":[{"href":"https:\/\/www.inno-lite.co.uk\/fr\/wp-json\/wp\/v2\/media?parent=15607"}],"wp:term":[{"taxonomy":"product_brand","embeddable":true,"href":"https:\/\/www.inno-lite.co.uk\/fr\/wp-json\/wp\/v2\/product_brand?post=15607"},{"taxonomy":"product_cat","embeddable":true,"href":"https:\/\/www.inno-lite.co.uk\/fr\/wp-json\/wp\/v2\/product_cat?post=15607"},{"taxonomy":"product_tag","embeddable":true,"href":"https:\/\/www.inno-lite.co.uk\/fr\/wp-json\/wp\/v2\/product_tag?post=15607"}],"curies":[{"name":"wp","href":"https:\/\/api.w.org\/{rel}","templated":true}]}}