{"id":16895,"date":"2025-06-05T13:01:54","date_gmt":"2025-06-05T13:01:54","guid":{"rendered":"https:\/\/www.inno-lite.co.uk\/?post_type=product&#038;p=16895"},"modified":"2025-06-05T13:08:02","modified_gmt":"2025-06-05T13:08:02","slug":"rgb-farbwechselkugel","status":"publish","type":"product","link":"https:\/\/www.inno-lite.co.uk\/de\/product\/rgb-colour-changing-ball\/","title":{"rendered":"RGB-Farbwechselball"},"content":{"rendered":"<p><strong>Spezifikation:<\/strong><\/p>\n<table width=\"584\">\n<tbody>\n<tr>\n<td width=\"121\"><strong>Produkt-Code<\/strong><\/td>\n<td width=\"75\"><strong>Spannung<\/strong><\/td>\n<td width=\"57\"><strong>Watt<\/strong><\/td>\n<td width=\"66\"><strong>Gr\u00f6\u00dfe<\/strong><\/td>\n<td width=\"66\"><strong>Abdeckung<\/strong><\/td>\n<td width=\"76\"><strong>LED Farbe<\/strong><\/td>\n<td width=\"76\"><strong>Steuerung<\/strong><\/td>\n<td width=\"47\"><strong>IP<\/strong><\/td>\n<\/tr>\n<tr>\n<td width=\"121\">L-15B-RGB<\/td>\n<td width=\"75\">240\/24V<\/td>\n<td width=\"57\">5W<\/td>\n<td width=\"66\">15cm<\/td>\n<td width=\"66\">PC<\/td>\n<td width=\"76\">RGB<\/td>\n<td width=\"76\">Fernbedienung<\/td>\n<td width=\"47\">IP65<\/td>\n<\/tr>\n<tr>\n<td width=\"121\">L-20B-RGB<\/td>\n<td width=\"75\">240\/24V<\/td>\n<td width=\"57\">5W<\/td>\n<td width=\"66\">20cm<\/td>\n<td width=\"66\">PC<\/td>\n<td width=\"76\">RGB<\/td>\n<td width=\"76\">Fernbedienung<\/td>\n<td width=\"47\">IP65<\/td>\n<\/tr>\n<tr>\n<td width=\"121\">L-25B-RGB<\/td>\n<td width=\"75\">240\/24V<\/td>\n<td width=\"57\">5W<\/td>\n<td width=\"66\">25cm<\/td>\n<td width=\"66\">PC<\/td>\n<td width=\"76\">RGB<\/td>\n<td width=\"76\">Fernbedienung<\/td>\n<td width=\"47\">IP65<\/td>\n<\/tr>\n<tr>\n<td width=\"121\">L-30B-RGB<\/td>\n<td width=\"75\">240\/24V<\/td>\n<td width=\"57\">7W<\/td>\n<td width=\"66\">30cm<\/td>\n<td width=\"66\">PC<\/td>\n<td width=\"76\">RGB<\/td>\n<td width=\"76\">Fernbedienung<\/td>\n<td width=\"47\">IP65<\/td>\n<\/tr>\n<tr>\n<td width=\"121\">L-35B-RGB<\/td>\n<td width=\"75\">240\/24V<\/td>\n<td width=\"57\">7W<\/td>\n<td width=\"66\">35cm<\/td>\n<td width=\"66\">PC<\/td>\n<td width=\"76\">RGB<\/td>\n<td width=\"76\">Fernbedienung<\/td>\n<td width=\"47\">IP65<\/td>\n<\/tr>\n<tr>\n<td width=\"121\">L-40B-RGB<\/td>\n<td width=\"75\">240\/24V<\/td>\n<td width=\"57\">7W<\/td>\n<td width=\"66\">40cm<\/td>\n<td width=\"66\">PC<\/td>\n<td width=\"76\">RGB<\/td>\n<td width=\"76\">Fernbedienung<\/td>\n<td width=\"47\">IP65<\/td>\n<\/tr>\n<tr>\n<td width=\"121\">L-50B-RGB<\/td>\n<td width=\"75\">240\/24V<\/td>\n<td width=\"57\">7W<\/td>\n<td width=\"66\">50cm<\/td>\n<td width=\"66\">PC<\/td>\n<td width=\"76\">RGB<\/td>\n<td width=\"76\">Fernbedienung<\/td>\n<td width=\"47\">IP65<\/td>\n<\/tr>\n<\/tbody>\n<\/table>","protected":false},"excerpt":{"rendered":"<p><strong>Beschreibung:<\/strong><\/p>\n<p>240V oder 24V RGB Farbwechselkugel, Gr\u00f6\u00dfen von 15cm bis 50cm, anschlie\u00dfbar, kann an der Decke oder an B\u00e4umen aufgeh\u00e4ngt werden, IP65, Fernbedienung, f\u00fcr Innen- und Au\u00dfenbereich<\/p>","protected":false},"featured_media":16896,"comment_status":"closed","ping_status":"closed","template":"","meta":{"_acf_changed":false},"product_brand":[],"product_cat":[73,124,72,74],"product_tag":[125],"class_list":{"0":"post-16895","1":"product","2":"type-product","3":"status-publish","4":"has-post-thumbnail","6":"product_cat-event-lighting","7":"product_cat-featured","8":"product_cat-festive-lighting","9":"product_cat-rgb-lighting","10":"product_tag-featured","12":"first","13":"instock","14":"shipping-taxable","15":"product-type-simple"},"acf":[],"yoast_head":"<!-- This site is optimized with the Yoast SEO plugin v27.2 - https:\/\/yoast.com\/product\/yoast-seo-wordpress\/ -->\n<title>RGB Colour Changing Ball - Inno Lite<\/title>\n<meta name=\"robots\" content=\"index, follow, max-snippet:-1, max-image-preview:large, max-video-preview:-1\" \/>\n<link rel=\"canonical\" href=\"https:\/\/www.inno-lite.co.uk\/de\/product\/rgb-farbwechselkugel\/\" \/>\n<meta property=\"og:locale\" content=\"de_DE\" \/>\n<meta property=\"og:type\" content=\"article\" \/>\n<meta property=\"og:title\" content=\"RGB Colour Changing Ball - Inno Lite\" \/>\n<meta property=\"og:description\" content=\"Description:  240V or 24V RGB colour changing ball, sizes from 15cm to 50cm, connectable, can be hung up in the ceiling or on the trees, IP65, remote control, indoor and outdoor use\" \/>\n<meta property=\"og:url\" content=\"https:\/\/www.inno-lite.co.uk\/de\/product\/rgb-farbwechselkugel\/\" \/>\n<meta property=\"og:site_name\" content=\"Inno Lite\" \/>\n<meta property=\"article:modified_time\" content=\"2025-06-05T13:08:02+00:00\" \/>\n<meta property=\"og:image\" content=\"https:\/\/www.inno-lite.co.uk\/wp-content\/uploads\/2025\/06\/RGB-ball.png\" \/>\n\t<meta property=\"og:image:width\" content=\"1671\" \/>\n\t<meta property=\"og:image:height\" content=\"729\" \/>\n\t<meta property=\"og:image:type\" content=\"image\/png\" \/>\n<meta name=\"twitter:card\" content=\"summary_large_image\" \/>\n<meta name=\"twitter:label1\" content=\"Gesch\u00e4tzte Lesezeit\" \/>\n\t<meta name=\"twitter:data1\" content=\"1\u00a0Minute\" \/>\n<script type=\"application\/ld+json\" class=\"yoast-schema-graph\">{\"@context\":\"https:\/\/schema.org\",\"@graph\":[{\"@type\":\"WebPage\",\"@id\":\"https:\/\/www.inno-lite.co.uk\/product\/rgb-colour-changing-ball\/\",\"url\":\"https:\/\/www.inno-lite.co.uk\/product\/rgb-colour-changing-ball\/\",\"name\":\"RGB Colour Changing Ball - Inno Lite\",\"isPartOf\":{\"@id\":\"https:\/\/www.inno-lite.co.uk\/#website\"},\"primaryImageOfPage\":{\"@id\":\"https:\/\/www.inno-lite.co.uk\/product\/rgb-colour-changing-ball\/#primaryimage\"},\"image\":{\"@id\":\"https:\/\/www.inno-lite.co.uk\/product\/rgb-colour-changing-ball\/#primaryimage\"},\"thumbnailUrl\":\"https:\/\/www.inno-lite.co.uk\/wp-content\/uploads\/2025\/06\/RGB-ball.png\",\"datePublished\":\"2025-06-05T13:01:54+00:00\",\"dateModified\":\"2025-06-05T13:08:02+00:00\",\"breadcrumb\":{\"@id\":\"https:\/\/www.inno-lite.co.uk\/product\/rgb-colour-changing-ball\/#breadcrumb\"},\"inLanguage\":\"de\",\"potentialAction\":[{\"@type\":\"ReadAction\",\"target\":[\"https:\/\/www.inno-lite.co.uk\/product\/rgb-colour-changing-ball\/\"]}]},{\"@type\":\"ImageObject\",\"inLanguage\":\"de\",\"@id\":\"https:\/\/www.inno-lite.co.uk\/product\/rgb-colour-changing-ball\/#primaryimage\",\"url\":\"https:\/\/www.inno-lite.co.uk\/wp-content\/uploads\/2025\/06\/RGB-ball.png\",\"contentUrl\":\"https:\/\/www.inno-lite.co.uk\/wp-content\/uploads\/2025\/06\/RGB-ball.png\",\"width\":1671,\"height\":729},{\"@type\":\"BreadcrumbList\",\"@id\":\"https:\/\/www.inno-lite.co.uk\/product\/rgb-colour-changing-ball\/#breadcrumb\",\"itemListElement\":[{\"@type\":\"ListItem\",\"position\":1,\"name\":\"Home\",\"item\":\"https:\/\/www.inno-lite.co.uk\/\"},{\"@type\":\"ListItem\",\"position\":2,\"name\":\"Shop\",\"item\":\"https:\/\/www.inno-lite.co.uk\/shop\/\"},{\"@type\":\"ListItem\",\"position\":3,\"name\":\"RGB Colour Changing Ball\"}]},{\"@type\":\"WebSite\",\"@id\":\"https:\/\/www.inno-lite.co.uk\/#website\",\"url\":\"https:\/\/www.inno-lite.co.uk\/\",\"name\":\"Inno Lite\",\"description\":\"\",\"publisher\":{\"@id\":\"https:\/\/www.inno-lite.co.uk\/#organization\"},\"potentialAction\":[{\"@type\":\"SearchAction\",\"target\":{\"@type\":\"EntryPoint\",\"urlTemplate\":\"https:\/\/www.inno-lite.co.uk\/?s={search_term_string}\"},\"query-input\":{\"@type\":\"PropertyValueSpecification\",\"valueRequired\":true,\"valueName\":\"search_term_string\"}}],\"inLanguage\":\"de\"},{\"@type\":\"Organization\",\"@id\":\"https:\/\/www.inno-lite.co.uk\/#organization\",\"name\":\"Inno Lite\",\"url\":\"https:\/\/www.inno-lite.co.uk\/\",\"logo\":{\"@type\":\"ImageObject\",\"inLanguage\":\"de\",\"@id\":\"https:\/\/www.inno-lite.co.uk\/#\/schema\/logo\/image\/\",\"url\":\"https:\/\/www.inno-lite.co.uk\/wp-content\/uploads\/2024\/02\/Inno-Lite-Logo-Draft-Rev.webp\",\"contentUrl\":\"https:\/\/www.inno-lite.co.uk\/wp-content\/uploads\/2024\/02\/Inno-Lite-Logo-Draft-Rev.webp\",\"width\":1400,\"height\":315,\"caption\":\"Inno Lite\"},\"image\":{\"@id\":\"https:\/\/www.inno-lite.co.uk\/#\/schema\/logo\/image\/\"}}]}<\/script>\n<!-- \/ Yoast SEO plugin. -->","yoast_head_json":{"title":"RGB-Farbwechselball - Inno Lite","robots":{"index":"index","follow":"follow","max-snippet":"max-snippet:-1","max-image-preview":"max-image-preview:large","max-video-preview":"max-video-preview:-1"},"canonical":"https:\/\/www.inno-lite.co.uk\/de\/product\/rgb-farbwechselkugel\/","og_locale":"de_DE","og_type":"article","og_title":"RGB Colour Changing Ball - Inno Lite","og_description":"Description:  240V or 24V RGB colour changing ball, sizes from 15cm to 50cm, connectable, can be hung up in the ceiling or on the trees, IP65, remote control, indoor and outdoor use","og_url":"https:\/\/www.inno-lite.co.uk\/de\/product\/rgb-farbwechselkugel\/","og_site_name":"Inno Lite","article_modified_time":"2025-06-05T13:08:02+00:00","og_image":[{"width":1671,"height":729,"url":"https:\/\/www.inno-lite.co.uk\/wp-content\/uploads\/2025\/06\/RGB-ball.png","type":"image\/png"}],"twitter_card":"summary_large_image","twitter_misc":{"Gesch\u00e4tzte Lesezeit":"1\u00a0Minute"},"schema":{"@context":"https:\/\/schema.org","@graph":[{"@type":"WebPage","@id":"https:\/\/www.inno-lite.co.uk\/product\/rgb-colour-changing-ball\/","url":"https:\/\/www.inno-lite.co.uk\/product\/rgb-colour-changing-ball\/","name":"RGB-Farbwechselball - Inno Lite","isPartOf":{"@id":"https:\/\/www.inno-lite.co.uk\/#website"},"primaryImageOfPage":{"@id":"https:\/\/www.inno-lite.co.uk\/product\/rgb-colour-changing-ball\/#primaryimage"},"image":{"@id":"https:\/\/www.inno-lite.co.uk\/product\/rgb-colour-changing-ball\/#primaryimage"},"thumbnailUrl":"https:\/\/www.inno-lite.co.uk\/wp-content\/uploads\/2025\/06\/RGB-ball.png","datePublished":"2025-06-05T13:01:54+00:00","dateModified":"2025-06-05T13:08:02+00:00","breadcrumb":{"@id":"https:\/\/www.inno-lite.co.uk\/product\/rgb-colour-changing-ball\/#breadcrumb"},"inLanguage":"de","potentialAction":[{"@type":"ReadAction","target":["https:\/\/www.inno-lite.co.uk\/product\/rgb-colour-changing-ball\/"]}]},{"@type":"ImageObject","inLanguage":"de","@id":"https:\/\/www.inno-lite.co.uk\/product\/rgb-colour-changing-ball\/#primaryimage","url":"https:\/\/www.inno-lite.co.uk\/wp-content\/uploads\/2025\/06\/RGB-ball.png","contentUrl":"https:\/\/www.inno-lite.co.uk\/wp-content\/uploads\/2025\/06\/RGB-ball.png","width":1671,"height":729},{"@type":"BreadcrumbList","@id":"https:\/\/www.inno-lite.co.uk\/product\/rgb-colour-changing-ball\/#breadcrumb","itemListElement":[{"@type":"ListItem","position":1,"name":"Home","item":"https:\/\/www.inno-lite.co.uk\/"},{"@type":"ListItem","position":2,"name":"Shop","item":"https:\/\/www.inno-lite.co.uk\/shop\/"},{"@type":"ListItem","position":3,"name":"RGB Colour Changing Ball"}]},{"@type":"WebSite","@id":"https:\/\/www.inno-lite.co.uk\/#website","url":"https:\/\/www.inno-lite.co.uk\/","name":"Inno Lite","description":"","publisher":{"@id":"https:\/\/www.inno-lite.co.uk\/#organization"},"potentialAction":[{"@type":"SearchAction","target":{"@type":"EntryPoint","urlTemplate":"https:\/\/www.inno-lite.co.uk\/?s={search_term_string}"},"query-input":{"@type":"PropertyValueSpecification","valueRequired":true,"valueName":"search_term_string"}}],"inLanguage":"de"},{"@type":"Organization","@id":"https:\/\/www.inno-lite.co.uk\/#organization","name":"Inno Lite","url":"https:\/\/www.inno-lite.co.uk\/","logo":{"@type":"ImageObject","inLanguage":"de","@id":"https:\/\/www.inno-lite.co.uk\/#\/schema\/logo\/image\/","url":"https:\/\/www.inno-lite.co.uk\/wp-content\/uploads\/2024\/02\/Inno-Lite-Logo-Draft-Rev.webp","contentUrl":"https:\/\/www.inno-lite.co.uk\/wp-content\/uploads\/2024\/02\/Inno-Lite-Logo-Draft-Rev.webp","width":1400,"height":315,"caption":"Inno Lite"},"image":{"@id":"https:\/\/www.inno-lite.co.uk\/#\/schema\/logo\/image\/"}}]}},"_links":{"self":[{"href":"https:\/\/www.inno-lite.co.uk\/de\/wp-json\/wp\/v2\/product\/16895","targetHints":{"allow":["GET"]}}],"collection":[{"href":"https:\/\/www.inno-lite.co.uk\/de\/wp-json\/wp\/v2\/product"}],"about":[{"href":"https:\/\/www.inno-lite.co.uk\/de\/wp-json\/wp\/v2\/types\/product"}],"replies":[{"embeddable":true,"href":"https:\/\/www.inno-lite.co.uk\/de\/wp-json\/wp\/v2\/comments?post=16895"}],"version-history":[{"count":1,"href":"https:\/\/www.inno-lite.co.uk\/de\/wp-json\/wp\/v2\/product\/16895\/revisions"}],"predecessor-version":[{"id":16904,"href":"https:\/\/www.inno-lite.co.uk\/de\/wp-json\/wp\/v2\/product\/16895\/revisions\/16904"}],"wp:featuredmedia":[{"embeddable":true,"href":"https:\/\/www.inno-lite.co.uk\/de\/wp-json\/wp\/v2\/media\/16896"}],"wp:attachment":[{"href":"https:\/\/www.inno-lite.co.uk\/de\/wp-json\/wp\/v2\/media?parent=16895"}],"wp:term":[{"taxonomy":"product_brand","embeddable":true,"href":"https:\/\/www.inno-lite.co.uk\/de\/wp-json\/wp\/v2\/product_brand?post=16895"},{"taxonomy":"product_cat","embeddable":true,"href":"https:\/\/www.inno-lite.co.uk\/de\/wp-json\/wp\/v2\/product_cat?post=16895"},{"taxonomy":"product_tag","embeddable":true,"href":"https:\/\/www.inno-lite.co.uk\/de\/wp-json\/wp\/v2\/product_tag?post=16895"}],"curies":[{"name":"wp","href":"https:\/\/api.w.org\/{rel}","templated":true}]}}