{"id":16841,"date":"2025-05-28T14:49:15","date_gmt":"2025-05-28T14:49:15","guid":{"rendered":"https:\/\/www.inno-lite.co.uk\/?post_type=product&#038;p=16841"},"modified":"2025-06-03T14:26:53","modified_gmt":"2025-06-03T14:26:53","slug":"24-v-baumastleuchte-anschliesbar","status":"publish","type":"product","link":"https:\/\/www.inno-lite.co.uk\/de\/product\/24v-tree-branch-light-connectable\/","title":{"rendered":"24V Astlicht (anschlie\u00dfbar)"},"content":{"rendered":"<p><strong>Spezifikation:<\/strong><\/p>\n<table width=\"621\">\n<tbody>\n<tr>\n<td width=\"121\"><strong>Produkt-Code<\/strong><\/td>\n<td width=\"75\"><strong>Spannung<\/strong><\/td>\n<td width=\"57\"><strong>Watt<\/strong><\/td>\n<td width=\"66\"><strong>L\u00e4nge<\/strong><\/td>\n<td width=\"113\"><strong>Farbe der Umh\u00fcllung<\/strong><\/td>\n<td width=\"142\"><strong>LED Farbe<\/strong><\/td>\n<td width=\"47\"><strong>IP<\/strong><\/td>\n<\/tr>\n<tr>\n<td width=\"121\">L-T-3M-120SL\/WH<\/td>\n<td width=\"75\">24V<\/td>\n<td width=\"57\">7.2W<\/td>\n<td width=\"66\">3 Meter<\/td>\n<td width=\"113\">Silber\/Gold<\/td>\n<td width=\"142\">Wei\u00df<\/td>\n<td width=\"47\">IP67<\/td>\n<\/tr>\n<tr>\n<td width=\"121\">L-T-3M-120SL\/WW<\/td>\n<td width=\"75\">24V<\/td>\n<td width=\"57\">7.2W<\/td>\n<td width=\"66\">3 Meter<\/td>\n<td width=\"113\">Silber\/Gold<\/td>\n<td width=\"142\">Warmes Wei\u00df<\/td>\n<td width=\"47\">IP67<\/td>\n<\/tr>\n<tr>\n<td width=\"121\">L-T-3M-120SL\/WH-T<\/td>\n<td width=\"75\">24V<\/td>\n<td width=\"57\">7.2W<\/td>\n<td width=\"66\">3 Meter<\/td>\n<td width=\"113\">Silber\/Gold<\/td>\n<td width=\"142\">Wei\u00df mit blinkenden LEDs<\/td>\n<td width=\"47\">IP67<\/p>\n<p>&nbsp;<\/td>\n<\/tr>\n<tr>\n<td width=\"121\">L-T-3M-120SL\/WW-T<\/td>\n<td width=\"75\">24V<\/td>\n<td width=\"57\">7.2W<\/td>\n<td width=\"66\">3 Meter<\/td>\n<td width=\"113\">Silber\/Gold<\/td>\n<td width=\"142\">Warmes Wei\u00df mit blinkenden LEDs<\/td>\n<td width=\"47\">IP67<\/td>\n<\/tr>\n<\/tbody>\n<\/table>","protected":false},"excerpt":{"rendered":"<p><strong>Beschreibung:<\/strong><\/p>\n<p>24V Au\u00dfenbeleuchtung, anschliessbar, mit silberner oder goldener Umh\u00fcllung, 24 Zweige, 45cm breit, 120 LEDs in konkaven Kappen, anschliessbar, IP67, f\u00fcr Innen und Aussen<\/p>","protected":false},"featured_media":16842,"comment_status":"closed","ping_status":"closed","template":"","meta":{"_acf_changed":false},"product_brand":[],"product_cat":[72],"product_tag":[125],"class_list":{"0":"post-16841","1":"product","2":"type-product","3":"status-publish","4":"has-post-thumbnail","6":"product_cat-festive-lighting","7":"product_tag-featured","9":"first","10":"instock","11":"shipping-taxable","12":"product-type-simple"},"acf":[],"yoast_head":"<!-- This site is optimized with the Yoast SEO plugin v27.2 - https:\/\/yoast.com\/product\/yoast-seo-wordpress\/ -->\n<title>24V Tree Branch Light (Connectable) - Inno Lite<\/title>\n<meta name=\"robots\" content=\"index, follow, max-snippet:-1, max-image-preview:large, max-video-preview:-1\" \/>\n<link rel=\"canonical\" href=\"https:\/\/www.inno-lite.co.uk\/de\/product\/24-v-baumastleuchte-anschliesbar\/\" \/>\n<meta property=\"og:locale\" content=\"de_DE\" \/>\n<meta property=\"og:type\" content=\"article\" \/>\n<meta property=\"og:title\" content=\"24V Tree Branch Light (Connectable) - Inno Lite\" \/>\n<meta property=\"og:description\" content=\"Description:  24V outdoor connectable tree branch light, wrap can be in silver or golden colour, 24 branches, 45cm width, 120 LEDs in concave caps, connectable, IP67, indoor and outdoor use\" \/>\n<meta property=\"og:url\" content=\"https:\/\/www.inno-lite.co.uk\/de\/product\/24-v-baumastleuchte-anschliesbar\/\" \/>\n<meta property=\"og:site_name\" content=\"Inno Lite\" \/>\n<meta property=\"article:modified_time\" content=\"2025-06-03T14:26:53+00:00\" \/>\n<meta property=\"og:image\" content=\"https:\/\/www.inno-lite.co.uk\/wp-content\/uploads\/2025\/05\/24V-branch-light-2.jpg\" \/>\n\t<meta property=\"og:image:width\" content=\"1688\" \/>\n\t<meta property=\"og:image:height\" content=\"934\" \/>\n\t<meta property=\"og:image:type\" content=\"image\/jpeg\" \/>\n<meta name=\"twitter:card\" content=\"summary_large_image\" \/>\n<meta name=\"twitter:label1\" content=\"Gesch\u00e4tzte Lesezeit\" \/>\n\t<meta name=\"twitter:data1\" content=\"1\u00a0Minute\" \/>\n<script type=\"application\/ld+json\" class=\"yoast-schema-graph\">{\"@context\":\"https:\/\/schema.org\",\"@graph\":[{\"@type\":\"WebPage\",\"@id\":\"https:\/\/www.inno-lite.co.uk\/product\/24v-tree-branch-light-connectable\/\",\"url\":\"https:\/\/www.inno-lite.co.uk\/product\/24v-tree-branch-light-connectable\/\",\"name\":\"24V Tree Branch Light (Connectable) - Inno Lite\",\"isPartOf\":{\"@id\":\"https:\/\/www.inno-lite.co.uk\/#website\"},\"primaryImageOfPage\":{\"@id\":\"https:\/\/www.inno-lite.co.uk\/product\/24v-tree-branch-light-connectable\/#primaryimage\"},\"image\":{\"@id\":\"https:\/\/www.inno-lite.co.uk\/product\/24v-tree-branch-light-connectable\/#primaryimage\"},\"thumbnailUrl\":\"https:\/\/www.inno-lite.co.uk\/wp-content\/uploads\/2025\/05\/24V-branch-light-2.jpg\",\"datePublished\":\"2025-05-28T14:49:15+00:00\",\"dateModified\":\"2025-06-03T14:26:53+00:00\",\"breadcrumb\":{\"@id\":\"https:\/\/www.inno-lite.co.uk\/product\/24v-tree-branch-light-connectable\/#breadcrumb\"},\"inLanguage\":\"de\",\"potentialAction\":[{\"@type\":\"ReadAction\",\"target\":[\"https:\/\/www.inno-lite.co.uk\/product\/24v-tree-branch-light-connectable\/\"]}]},{\"@type\":\"ImageObject\",\"inLanguage\":\"de\",\"@id\":\"https:\/\/www.inno-lite.co.uk\/product\/24v-tree-branch-light-connectable\/#primaryimage\",\"url\":\"https:\/\/www.inno-lite.co.uk\/wp-content\/uploads\/2025\/05\/24V-branch-light-2.jpg\",\"contentUrl\":\"https:\/\/www.inno-lite.co.uk\/wp-content\/uploads\/2025\/05\/24V-branch-light-2.jpg\",\"width\":1688,\"height\":934},{\"@type\":\"BreadcrumbList\",\"@id\":\"https:\/\/www.inno-lite.co.uk\/product\/24v-tree-branch-light-connectable\/#breadcrumb\",\"itemListElement\":[{\"@type\":\"ListItem\",\"position\":1,\"name\":\"Home\",\"item\":\"https:\/\/www.inno-lite.co.uk\/\"},{\"@type\":\"ListItem\",\"position\":2,\"name\":\"Shop\",\"item\":\"https:\/\/www.inno-lite.co.uk\/shop\/\"},{\"@type\":\"ListItem\",\"position\":3,\"name\":\"24V Tree Branch Light (Connectable)\"}]},{\"@type\":\"WebSite\",\"@id\":\"https:\/\/www.inno-lite.co.uk\/#website\",\"url\":\"https:\/\/www.inno-lite.co.uk\/\",\"name\":\"Inno Lite\",\"description\":\"\",\"publisher\":{\"@id\":\"https:\/\/www.inno-lite.co.uk\/#organization\"},\"potentialAction\":[{\"@type\":\"SearchAction\",\"target\":{\"@type\":\"EntryPoint\",\"urlTemplate\":\"https:\/\/www.inno-lite.co.uk\/?s={search_term_string}\"},\"query-input\":{\"@type\":\"PropertyValueSpecification\",\"valueRequired\":true,\"valueName\":\"search_term_string\"}}],\"inLanguage\":\"de\"},{\"@type\":\"Organization\",\"@id\":\"https:\/\/www.inno-lite.co.uk\/#organization\",\"name\":\"Inno Lite\",\"url\":\"https:\/\/www.inno-lite.co.uk\/\",\"logo\":{\"@type\":\"ImageObject\",\"inLanguage\":\"de\",\"@id\":\"https:\/\/www.inno-lite.co.uk\/#\/schema\/logo\/image\/\",\"url\":\"https:\/\/www.inno-lite.co.uk\/wp-content\/uploads\/2024\/02\/Inno-Lite-Logo-Draft-Rev.webp\",\"contentUrl\":\"https:\/\/www.inno-lite.co.uk\/wp-content\/uploads\/2024\/02\/Inno-Lite-Logo-Draft-Rev.webp\",\"width\":1400,\"height\":315,\"caption\":\"Inno Lite\"},\"image\":{\"@id\":\"https:\/\/www.inno-lite.co.uk\/#\/schema\/logo\/image\/\"}}]}<\/script>\n<!-- \/ Yoast SEO plugin. -->","yoast_head_json":{"title":"24V-Baumzweigleuchte (anschlie\u00dfbar) - Inno Lite","robots":{"index":"index","follow":"follow","max-snippet":"max-snippet:-1","max-image-preview":"max-image-preview:large","max-video-preview":"max-video-preview:-1"},"canonical":"https:\/\/www.inno-lite.co.uk\/de\/product\/24-v-baumastleuchte-anschliesbar\/","og_locale":"de_DE","og_type":"article","og_title":"24V Tree Branch Light (Connectable) - Inno Lite","og_description":"Description:  24V outdoor connectable tree branch light, wrap can be in silver or golden colour, 24 branches, 45cm width, 120 LEDs in concave caps, connectable, IP67, indoor and outdoor use","og_url":"https:\/\/www.inno-lite.co.uk\/de\/product\/24-v-baumastleuchte-anschliesbar\/","og_site_name":"Inno Lite","article_modified_time":"2025-06-03T14:26:53+00:00","og_image":[{"width":1688,"height":934,"url":"https:\/\/www.inno-lite.co.uk\/wp-content\/uploads\/2025\/05\/24V-branch-light-2.jpg","type":"image\/jpeg"}],"twitter_card":"summary_large_image","twitter_misc":{"Gesch\u00e4tzte Lesezeit":"1\u00a0Minute"},"schema":{"@context":"https:\/\/schema.org","@graph":[{"@type":"WebPage","@id":"https:\/\/www.inno-lite.co.uk\/product\/24v-tree-branch-light-connectable\/","url":"https:\/\/www.inno-lite.co.uk\/product\/24v-tree-branch-light-connectable\/","name":"24V-Baumzweigleuchte (anschlie\u00dfbar) - Inno Lite","isPartOf":{"@id":"https:\/\/www.inno-lite.co.uk\/#website"},"primaryImageOfPage":{"@id":"https:\/\/www.inno-lite.co.uk\/product\/24v-tree-branch-light-connectable\/#primaryimage"},"image":{"@id":"https:\/\/www.inno-lite.co.uk\/product\/24v-tree-branch-light-connectable\/#primaryimage"},"thumbnailUrl":"https:\/\/www.inno-lite.co.uk\/wp-content\/uploads\/2025\/05\/24V-branch-light-2.jpg","datePublished":"2025-05-28T14:49:15+00:00","dateModified":"2025-06-03T14:26:53+00:00","breadcrumb":{"@id":"https:\/\/www.inno-lite.co.uk\/product\/24v-tree-branch-light-connectable\/#breadcrumb"},"inLanguage":"de","potentialAction":[{"@type":"ReadAction","target":["https:\/\/www.inno-lite.co.uk\/product\/24v-tree-branch-light-connectable\/"]}]},{"@type":"ImageObject","inLanguage":"de","@id":"https:\/\/www.inno-lite.co.uk\/product\/24v-tree-branch-light-connectable\/#primaryimage","url":"https:\/\/www.inno-lite.co.uk\/wp-content\/uploads\/2025\/05\/24V-branch-light-2.jpg","contentUrl":"https:\/\/www.inno-lite.co.uk\/wp-content\/uploads\/2025\/05\/24V-branch-light-2.jpg","width":1688,"height":934},{"@type":"BreadcrumbList","@id":"https:\/\/www.inno-lite.co.uk\/product\/24v-tree-branch-light-connectable\/#breadcrumb","itemListElement":[{"@type":"ListItem","position":1,"name":"Home","item":"https:\/\/www.inno-lite.co.uk\/"},{"@type":"ListItem","position":2,"name":"Shop","item":"https:\/\/www.inno-lite.co.uk\/shop\/"},{"@type":"ListItem","position":3,"name":"24V Tree Branch Light (Connectable)"}]},{"@type":"WebSite","@id":"https:\/\/www.inno-lite.co.uk\/#website","url":"https:\/\/www.inno-lite.co.uk\/","name":"Inno Lite","description":"","publisher":{"@id":"https:\/\/www.inno-lite.co.uk\/#organization"},"potentialAction":[{"@type":"SearchAction","target":{"@type":"EntryPoint","urlTemplate":"https:\/\/www.inno-lite.co.uk\/?s={search_term_string}"},"query-input":{"@type":"PropertyValueSpecification","valueRequired":true,"valueName":"search_term_string"}}],"inLanguage":"de"},{"@type":"Organization","@id":"https:\/\/www.inno-lite.co.uk\/#organization","name":"Inno Lite","url":"https:\/\/www.inno-lite.co.uk\/","logo":{"@type":"ImageObject","inLanguage":"de","@id":"https:\/\/www.inno-lite.co.uk\/#\/schema\/logo\/image\/","url":"https:\/\/www.inno-lite.co.uk\/wp-content\/uploads\/2024\/02\/Inno-Lite-Logo-Draft-Rev.webp","contentUrl":"https:\/\/www.inno-lite.co.uk\/wp-content\/uploads\/2024\/02\/Inno-Lite-Logo-Draft-Rev.webp","width":1400,"height":315,"caption":"Inno Lite"},"image":{"@id":"https:\/\/www.inno-lite.co.uk\/#\/schema\/logo\/image\/"}}]}},"_links":{"self":[{"href":"https:\/\/www.inno-lite.co.uk\/de\/wp-json\/wp\/v2\/product\/16841","targetHints":{"allow":["GET"]}}],"collection":[{"href":"https:\/\/www.inno-lite.co.uk\/de\/wp-json\/wp\/v2\/product"}],"about":[{"href":"https:\/\/www.inno-lite.co.uk\/de\/wp-json\/wp\/v2\/types\/product"}],"replies":[{"embeddable":true,"href":"https:\/\/www.inno-lite.co.uk\/de\/wp-json\/wp\/v2\/comments?post=16841"}],"version-history":[{"count":1,"href":"https:\/\/www.inno-lite.co.uk\/de\/wp-json\/wp\/v2\/product\/16841\/revisions"}],"predecessor-version":[{"id":16847,"href":"https:\/\/www.inno-lite.co.uk\/de\/wp-json\/wp\/v2\/product\/16841\/revisions\/16847"}],"wp:featuredmedia":[{"embeddable":true,"href":"https:\/\/www.inno-lite.co.uk\/de\/wp-json\/wp\/v2\/media\/16842"}],"wp:attachment":[{"href":"https:\/\/www.inno-lite.co.uk\/de\/wp-json\/wp\/v2\/media?parent=16841"}],"wp:term":[{"taxonomy":"product_brand","embeddable":true,"href":"https:\/\/www.inno-lite.co.uk\/de\/wp-json\/wp\/v2\/product_brand?post=16841"},{"taxonomy":"product_cat","embeddable":true,"href":"https:\/\/www.inno-lite.co.uk\/de\/wp-json\/wp\/v2\/product_cat?post=16841"},{"taxonomy":"product_tag","embeddable":true,"href":"https:\/\/www.inno-lite.co.uk\/de\/wp-json\/wp\/v2\/product_tag?post=16841"}],"curies":[{"name":"wp","href":"https:\/\/api.w.org\/{rel}","templated":true}]}}