{"id":16826,"date":"2025-05-27T15:33:18","date_gmt":"2025-05-27T15:33:18","guid":{"rendered":"https:\/\/www.inno-lite.co.uk\/?post_type=product&#038;p=16826"},"modified":"2025-06-03T14:27:39","modified_gmt":"2025-06-03T14:27:39","slug":"vollfarb-laserprojektor-fur-den-ausenbereich-app-steuerung","status":"publish","type":"product","link":"https:\/\/www.inno-lite.co.uk\/de\/product\/outdoor-full-colour-laser-projector-app-control\/","title":{"rendered":"Vollfarb-Laserprojektor f\u00fcr den Au\u00dfenbereich (App-Steuerung)"},"content":{"rendered":"<p><strong>Spezifikation:<\/strong><\/p>\n<table width=\"593\">\n<tbody>\n<tr>\n<td width=\"92\"><strong>Produkt-Code<\/strong><\/td>\n<td width=\"66\"><strong>Spannung<\/strong><\/td>\n<td width=\"57\"><strong>Laserleistung<\/strong><\/td>\n<td width=\"66\"><strong>Stromverbrauch <\/strong><\/td>\n<td width=\"123\"><strong>Beleuchtungseffekte<\/strong><\/td>\n<td width=\"66\"><strong>Steuerung<\/strong><\/td>\n<td width=\"76\"><strong>Lichtabstand<\/strong><\/td>\n<td width=\"47\"><strong>IP<\/strong><\/td>\n<\/tr>\n<tr>\n<td width=\"92\">L-Laser-20W<\/td>\n<td width=\"66\">240V<\/td>\n<td width=\"57\">2W<\/td>\n<td width=\"66\">20W<\/td>\n<td width=\"123\">Buntes Gl\u00fchw\u00fcrmchen +Atmungsfunktion<\/td>\n<td width=\"66\">Fernsteuerung<\/td>\n<td width=\"76\">Innerhalb von 8 Metern<\/td>\n<td width=\"47\">IP65<\/td>\n<\/tr>\n<tr>\n<td width=\"92\">L-Laser-100W<\/td>\n<td width=\"66\">240V<\/td>\n<td width=\"57\">10W<\/td>\n<td width=\"66\">100W<\/td>\n<td width=\"123\">RGB +Benutzerdefinierte Funktion<\/td>\n<td width=\"66\">App-Steuerung<\/td>\n<td width=\"76\">1000 bis 2000 Meter<\/td>\n<td width=\"47\">IP65<\/td>\n<\/tr>\n<\/tbody>\n<\/table>","protected":false},"excerpt":{"rendered":"<p>240V, Vollfarb-Laserprojektor, mit voller RGB-Farbe und Gl\u00fchw\u00fcrmchen-Effekten, 20W wird per Fernbedienung gesteuert und kann bis zu 8 Meter projizieren, IP65, Au\u00dfeneinsatz. 100W kann per App gesteuert werden, um individuelle Funktionen und Animationen zu erhalten, und kann bis zu 2000 Meter projizieren, IP65, f\u00fcr den Au\u00dfeneinsatz.<\/p>","protected":false},"featured_media":16827,"comment_status":"open","ping_status":"closed","template":"","meta":{"_acf_changed":false},"product_brand":[],"product_cat":[73,72,74,76],"product_tag":[125],"class_list":{"0":"post-16826","1":"product","2":"type-product","3":"status-publish","4":"has-post-thumbnail","6":"product_cat-event-lighting","7":"product_cat-festive-lighting","8":"product_cat-rgb-lighting","9":"product_cat-uncategorized","10":"product_tag-featured","12":"first","13":"instock","14":"shipping-taxable","15":"product-type-simple"},"acf":[],"yoast_head":"<!-- This site is optimized with the Yoast SEO plugin v27.2 - https:\/\/yoast.com\/product\/yoast-seo-wordpress\/ -->\n<title>Outdoor Full Colour Laser Projector (App Control) - Inno Lite<\/title>\n<meta name=\"robots\" content=\"index, follow, max-snippet:-1, max-image-preview:large, max-video-preview:-1\" \/>\n<link rel=\"canonical\" href=\"https:\/\/www.inno-lite.co.uk\/de\/product\/vollfarb-laserprojektor-fur-den-ausenbereich-app-steuerung\/\" \/>\n<meta property=\"og:locale\" content=\"de_DE\" \/>\n<meta property=\"og:type\" content=\"article\" \/>\n<meta property=\"og:title\" content=\"Outdoor Full Colour Laser Projector (App Control) - Inno Lite\" \/>\n<meta property=\"og:description\" content=\"240V, full colour laser projector, with full RGB colour and firefly effects, 20W one is controlled by remote control, and can project up to 8 metres, IP65, outdoor use. 100W one can be controlled by App to have customized functions and animations, and can project up to 2000 metres, IP65, outdoor use\" \/>\n<meta property=\"og:url\" content=\"https:\/\/www.inno-lite.co.uk\/de\/product\/vollfarb-laserprojektor-fur-den-ausenbereich-app-steuerung\/\" \/>\n<meta property=\"og:site_name\" content=\"Inno Lite\" \/>\n<meta property=\"article:modified_time\" content=\"2025-06-03T14:27:39+00:00\" \/>\n<meta property=\"og:image\" content=\"https:\/\/www.inno-lite.co.uk\/wp-content\/uploads\/2025\/05\/10W-laser-projector.jpg\" \/>\n\t<meta property=\"og:image:width\" content=\"769\" \/>\n\t<meta property=\"og:image:height\" content=\"574\" \/>\n\t<meta property=\"og:image:type\" content=\"image\/jpeg\" \/>\n<meta name=\"twitter:card\" content=\"summary_large_image\" \/>\n<meta name=\"twitter:label1\" content=\"Gesch\u00e4tzte Lesezeit\" \/>\n\t<meta name=\"twitter:data1\" content=\"1\u00a0Minute\" \/>\n<script type=\"application\/ld+json\" class=\"yoast-schema-graph\">{\"@context\":\"https:\/\/schema.org\",\"@graph\":[{\"@type\":\"WebPage\",\"@id\":\"https:\/\/www.inno-lite.co.uk\/product\/outdoor-full-colour-laser-projector-app-control\/\",\"url\":\"https:\/\/www.inno-lite.co.uk\/product\/outdoor-full-colour-laser-projector-app-control\/\",\"name\":\"Outdoor Full Colour Laser Projector (App Control) - Inno Lite\",\"isPartOf\":{\"@id\":\"https:\/\/www.inno-lite.co.uk\/#website\"},\"primaryImageOfPage\":{\"@id\":\"https:\/\/www.inno-lite.co.uk\/product\/outdoor-full-colour-laser-projector-app-control\/#primaryimage\"},\"image\":{\"@id\":\"https:\/\/www.inno-lite.co.uk\/product\/outdoor-full-colour-laser-projector-app-control\/#primaryimage\"},\"thumbnailUrl\":\"https:\/\/www.inno-lite.co.uk\/wp-content\/uploads\/2025\/05\/10W-laser-projector.jpg\",\"datePublished\":\"2025-05-27T15:33:18+00:00\",\"dateModified\":\"2025-06-03T14:27:39+00:00\",\"breadcrumb\":{\"@id\":\"https:\/\/www.inno-lite.co.uk\/product\/outdoor-full-colour-laser-projector-app-control\/#breadcrumb\"},\"inLanguage\":\"de\",\"potentialAction\":[{\"@type\":\"ReadAction\",\"target\":[\"https:\/\/www.inno-lite.co.uk\/product\/outdoor-full-colour-laser-projector-app-control\/\"]}]},{\"@type\":\"ImageObject\",\"inLanguage\":\"de\",\"@id\":\"https:\/\/www.inno-lite.co.uk\/product\/outdoor-full-colour-laser-projector-app-control\/#primaryimage\",\"url\":\"https:\/\/www.inno-lite.co.uk\/wp-content\/uploads\/2025\/05\/10W-laser-projector.jpg\",\"contentUrl\":\"https:\/\/www.inno-lite.co.uk\/wp-content\/uploads\/2025\/05\/10W-laser-projector.jpg\",\"width\":769,\"height\":574},{\"@type\":\"BreadcrumbList\",\"@id\":\"https:\/\/www.inno-lite.co.uk\/product\/outdoor-full-colour-laser-projector-app-control\/#breadcrumb\",\"itemListElement\":[{\"@type\":\"ListItem\",\"position\":1,\"name\":\"Home\",\"item\":\"https:\/\/www.inno-lite.co.uk\/\"},{\"@type\":\"ListItem\",\"position\":2,\"name\":\"Shop\",\"item\":\"https:\/\/www.inno-lite.co.uk\/shop\/\"},{\"@type\":\"ListItem\",\"position\":3,\"name\":\"Outdoor Full Colour Laser Projector (App Control)\"}]},{\"@type\":\"WebSite\",\"@id\":\"https:\/\/www.inno-lite.co.uk\/#website\",\"url\":\"https:\/\/www.inno-lite.co.uk\/\",\"name\":\"Inno Lite\",\"description\":\"\",\"publisher\":{\"@id\":\"https:\/\/www.inno-lite.co.uk\/#organization\"},\"potentialAction\":[{\"@type\":\"SearchAction\",\"target\":{\"@type\":\"EntryPoint\",\"urlTemplate\":\"https:\/\/www.inno-lite.co.uk\/?s={search_term_string}\"},\"query-input\":{\"@type\":\"PropertyValueSpecification\",\"valueRequired\":true,\"valueName\":\"search_term_string\"}}],\"inLanguage\":\"de\"},{\"@type\":\"Organization\",\"@id\":\"https:\/\/www.inno-lite.co.uk\/#organization\",\"name\":\"Inno Lite\",\"url\":\"https:\/\/www.inno-lite.co.uk\/\",\"logo\":{\"@type\":\"ImageObject\",\"inLanguage\":\"de\",\"@id\":\"https:\/\/www.inno-lite.co.uk\/#\/schema\/logo\/image\/\",\"url\":\"https:\/\/www.inno-lite.co.uk\/wp-content\/uploads\/2024\/02\/Inno-Lite-Logo-Draft-Rev.webp\",\"contentUrl\":\"https:\/\/www.inno-lite.co.uk\/wp-content\/uploads\/2024\/02\/Inno-Lite-Logo-Draft-Rev.webp\",\"width\":1400,\"height\":315,\"caption\":\"Inno Lite\"},\"image\":{\"@id\":\"https:\/\/www.inno-lite.co.uk\/#\/schema\/logo\/image\/\"}}]}<\/script>\n<!-- \/ Yoast SEO plugin. -->","yoast_head_json":{"title":"Vollfarb-Laserprojektor f\u00fcr den Au\u00dfenbereich (App-Steuerung) - Inno Lite","robots":{"index":"index","follow":"follow","max-snippet":"max-snippet:-1","max-image-preview":"max-image-preview:large","max-video-preview":"max-video-preview:-1"},"canonical":"https:\/\/www.inno-lite.co.uk\/de\/product\/vollfarb-laserprojektor-fur-den-ausenbereich-app-steuerung\/","og_locale":"de_DE","og_type":"article","og_title":"Outdoor Full Colour Laser Projector (App Control) - Inno Lite","og_description":"240V, full colour laser projector, with full RGB colour and firefly effects, 20W one is controlled by remote control, and can project up to 8 metres, IP65, outdoor use. 100W one can be controlled by App to have customized functions and animations, and can project up to 2000 metres, IP65, outdoor use","og_url":"https:\/\/www.inno-lite.co.uk\/de\/product\/vollfarb-laserprojektor-fur-den-ausenbereich-app-steuerung\/","og_site_name":"Inno Lite","article_modified_time":"2025-06-03T14:27:39+00:00","og_image":[{"width":769,"height":574,"url":"https:\/\/www.inno-lite.co.uk\/wp-content\/uploads\/2025\/05\/10W-laser-projector.jpg","type":"image\/jpeg"}],"twitter_card":"summary_large_image","twitter_misc":{"Gesch\u00e4tzte Lesezeit":"1\u00a0Minute"},"schema":{"@context":"https:\/\/schema.org","@graph":[{"@type":"WebPage","@id":"https:\/\/www.inno-lite.co.uk\/product\/outdoor-full-colour-laser-projector-app-control\/","url":"https:\/\/www.inno-lite.co.uk\/product\/outdoor-full-colour-laser-projector-app-control\/","name":"Vollfarb-Laserprojektor f\u00fcr den Au\u00dfenbereich (App-Steuerung) - Inno Lite","isPartOf":{"@id":"https:\/\/www.inno-lite.co.uk\/#website"},"primaryImageOfPage":{"@id":"https:\/\/www.inno-lite.co.uk\/product\/outdoor-full-colour-laser-projector-app-control\/#primaryimage"},"image":{"@id":"https:\/\/www.inno-lite.co.uk\/product\/outdoor-full-colour-laser-projector-app-control\/#primaryimage"},"thumbnailUrl":"https:\/\/www.inno-lite.co.uk\/wp-content\/uploads\/2025\/05\/10W-laser-projector.jpg","datePublished":"2025-05-27T15:33:18+00:00","dateModified":"2025-06-03T14:27:39+00:00","breadcrumb":{"@id":"https:\/\/www.inno-lite.co.uk\/product\/outdoor-full-colour-laser-projector-app-control\/#breadcrumb"},"inLanguage":"de","potentialAction":[{"@type":"ReadAction","target":["https:\/\/www.inno-lite.co.uk\/product\/outdoor-full-colour-laser-projector-app-control\/"]}]},{"@type":"ImageObject","inLanguage":"de","@id":"https:\/\/www.inno-lite.co.uk\/product\/outdoor-full-colour-laser-projector-app-control\/#primaryimage","url":"https:\/\/www.inno-lite.co.uk\/wp-content\/uploads\/2025\/05\/10W-laser-projector.jpg","contentUrl":"https:\/\/www.inno-lite.co.uk\/wp-content\/uploads\/2025\/05\/10W-laser-projector.jpg","width":769,"height":574},{"@type":"BreadcrumbList","@id":"https:\/\/www.inno-lite.co.uk\/product\/outdoor-full-colour-laser-projector-app-control\/#breadcrumb","itemListElement":[{"@type":"ListItem","position":1,"name":"Home","item":"https:\/\/www.inno-lite.co.uk\/"},{"@type":"ListItem","position":2,"name":"Shop","item":"https:\/\/www.inno-lite.co.uk\/shop\/"},{"@type":"ListItem","position":3,"name":"Outdoor Full Colour Laser Projector (App Control)"}]},{"@type":"WebSite","@id":"https:\/\/www.inno-lite.co.uk\/#website","url":"https:\/\/www.inno-lite.co.uk\/","name":"Inno Lite","description":"","publisher":{"@id":"https:\/\/www.inno-lite.co.uk\/#organization"},"potentialAction":[{"@type":"SearchAction","target":{"@type":"EntryPoint","urlTemplate":"https:\/\/www.inno-lite.co.uk\/?s={search_term_string}"},"query-input":{"@type":"PropertyValueSpecification","valueRequired":true,"valueName":"search_term_string"}}],"inLanguage":"de"},{"@type":"Organization","@id":"https:\/\/www.inno-lite.co.uk\/#organization","name":"Inno Lite","url":"https:\/\/www.inno-lite.co.uk\/","logo":{"@type":"ImageObject","inLanguage":"de","@id":"https:\/\/www.inno-lite.co.uk\/#\/schema\/logo\/image\/","url":"https:\/\/www.inno-lite.co.uk\/wp-content\/uploads\/2024\/02\/Inno-Lite-Logo-Draft-Rev.webp","contentUrl":"https:\/\/www.inno-lite.co.uk\/wp-content\/uploads\/2024\/02\/Inno-Lite-Logo-Draft-Rev.webp","width":1400,"height":315,"caption":"Inno Lite"},"image":{"@id":"https:\/\/www.inno-lite.co.uk\/#\/schema\/logo\/image\/"}}]}},"_links":{"self":[{"href":"https:\/\/www.inno-lite.co.uk\/de\/wp-json\/wp\/v2\/product\/16826","targetHints":{"allow":["GET"]}}],"collection":[{"href":"https:\/\/www.inno-lite.co.uk\/de\/wp-json\/wp\/v2\/product"}],"about":[{"href":"https:\/\/www.inno-lite.co.uk\/de\/wp-json\/wp\/v2\/types\/product"}],"replies":[{"embeddable":true,"href":"https:\/\/www.inno-lite.co.uk\/de\/wp-json\/wp\/v2\/comments?post=16826"}],"version-history":[{"count":1,"href":"https:\/\/www.inno-lite.co.uk\/de\/wp-json\/wp\/v2\/product\/16826\/revisions"}],"predecessor-version":[{"id":16835,"href":"https:\/\/www.inno-lite.co.uk\/de\/wp-json\/wp\/v2\/product\/16826\/revisions\/16835"}],"wp:featuredmedia":[{"embeddable":true,"href":"https:\/\/www.inno-lite.co.uk\/de\/wp-json\/wp\/v2\/media\/16827"}],"wp:attachment":[{"href":"https:\/\/www.inno-lite.co.uk\/de\/wp-json\/wp\/v2\/media?parent=16826"}],"wp:term":[{"taxonomy":"product_brand","embeddable":true,"href":"https:\/\/www.inno-lite.co.uk\/de\/wp-json\/wp\/v2\/product_brand?post=16826"},{"taxonomy":"product_cat","embeddable":true,"href":"https:\/\/www.inno-lite.co.uk\/de\/wp-json\/wp\/v2\/product_cat?post=16826"},{"taxonomy":"product_tag","embeddable":true,"href":"https:\/\/www.inno-lite.co.uk\/de\/wp-json\/wp\/v2\/product_tag?post=16826"}],"curies":[{"name":"wp","href":"https:\/\/api.w.org\/{rel}","templated":true}]}}