{"id":16147,"date":"2024-07-28T16:13:20","date_gmt":"2024-07-28T16:13:20","guid":{"rendered":"https:\/\/www.inno-lite.co.uk\/?post_type=product&#038;p=16147"},"modified":"2024-08-14T14:32:20","modified_gmt":"2024-08-14T14:32:20","slug":"kundenspezifische-ip65-led-gluhfaden-festoon-licht","status":"publish","type":"product","link":"https:\/\/www.inno-lite.co.uk\/de\/product\/customized-ip65-led-filament-festoon-light\/","title":{"rendered":"Kundenspezifische IP65 LED-Gl\u00fchfaden-Sofortleuchte"},"content":{"rendered":"","protected":false},"excerpt":{"rendered":"<p>240V oder 24V, strapazierf\u00e4higes flaches Gummikabel, doppelt isoliert, anschlussf\u00e4hig, kundenspezifische L\u00e4nge, kundenspezifische Lampenabst\u00e4nde, bruchsichere Lampe, 1W oder 2W bruchsichere Lampe, dimmbar, IP65, kommerzieller Innen- und Au\u00dfeneinsatz.<\/p>\n<p>Kabell\u00e4nge: 5 Meter, 10 Meter, 25 Meter, 50 Meter, etc.<\/p>\n<p>Die Lampe kann am Kabel an einer beliebigen Stelle befestigt werden und l\u00e4sst sich auch leicht austauschen.<\/p>\n<p>Lampenfarbe: wei\u00df, warmwei\u00df, rot, gr\u00fcn, blau, gelb, rosa<\/p>\n<p>Lampenleistung: 1 Watt, 2 Watt, 4 Watt<\/p>","protected":false},"featured_media":16516,"comment_status":"open","ping_status":"closed","template":"","meta":{"_acf_changed":false},"product_brand":[],"product_cat":[73,72,76],"product_tag":[],"class_list":{"0":"post-16147","1":"product","2":"type-product","3":"status-publish","4":"has-post-thumbnail","6":"product_cat-event-lighting","7":"product_cat-festive-lighting","8":"product_cat-uncategorized","10":"first","11":"instock","12":"shipping-taxable","13":"product-type-simple"},"acf":[],"yoast_head":"<!-- This site is optimized with the Yoast SEO plugin v27.2 - https:\/\/yoast.com\/product\/yoast-seo-wordpress\/ -->\n<title>Customized IP65 LED Filament Festoon Light - Inno Lite<\/title>\n<meta name=\"robots\" content=\"index, follow, max-snippet:-1, max-image-preview:large, max-video-preview:-1\" \/>\n<link rel=\"canonical\" href=\"https:\/\/www.inno-lite.co.uk\/de\/product\/kundenspezifische-ip65-led-gluhfaden-festoon-licht\/\" \/>\n<meta property=\"og:locale\" content=\"de_DE\" \/>\n<meta property=\"og:type\" content=\"article\" \/>\n<meta property=\"og:title\" content=\"Customized IP65 LED Filament Festoon Light - Inno Lite\" \/>\n<meta property=\"og:description\" content=\"240V or 24V, heavy duty flat rubber cable, double insulated, connectable, customized length, customized lamp spacing, shatterproof lamp, 1W or 2W shatterproof lamp, dimmable, IP65, commercial indoor and outdoor use.  Cable Length: 5 metre, 10 metre, 25 metre, 50 metre, etc  Lamp can be fixed on the cable at customized space, and can be easily replaced as well.  Lamp colour: white, warm white, red, green, blue, yellow, pink  Lamp power: 1 Watt, 2 Watt, 4 Watt\" \/>\n<meta property=\"og:url\" content=\"https:\/\/www.inno-lite.co.uk\/de\/product\/kundenspezifische-ip65-led-gluhfaden-festoon-licht\/\" \/>\n<meta property=\"og:site_name\" content=\"Inno Lite\" \/>\n<meta property=\"article:modified_time\" content=\"2024-08-14T14:32:20+00:00\" \/>\n<meta property=\"og:image\" content=\"https:\/\/www.inno-lite.co.uk\/wp-content\/uploads\/2024\/07\/IP-65-Image.webp\" \/>\n\t<meta property=\"og:image:width\" content=\"1000\" \/>\n\t<meta property=\"og:image:height\" content=\"1000\" \/>\n\t<meta property=\"og:image:type\" content=\"image\/webp\" \/>\n<meta name=\"twitter:card\" content=\"summary_large_image\" \/>\n<meta name=\"twitter:label1\" content=\"Gesch\u00e4tzte Lesezeit\" \/>\n\t<meta name=\"twitter:data1\" content=\"1\u00a0Minute\" \/>\n<script type=\"application\/ld+json\" class=\"yoast-schema-graph\">{\"@context\":\"https:\/\/schema.org\",\"@graph\":[{\"@type\":\"WebPage\",\"@id\":\"https:\/\/www.inno-lite.co.uk\/product\/customized-ip65-led-filament-festoon-light\/\",\"url\":\"https:\/\/www.inno-lite.co.uk\/product\/customized-ip65-led-filament-festoon-light\/\",\"name\":\"Customized IP65 LED Filament Festoon Light - Inno Lite\",\"isPartOf\":{\"@id\":\"https:\/\/www.inno-lite.co.uk\/#website\"},\"primaryImageOfPage\":{\"@id\":\"https:\/\/www.inno-lite.co.uk\/product\/customized-ip65-led-filament-festoon-light\/#primaryimage\"},\"image\":{\"@id\":\"https:\/\/www.inno-lite.co.uk\/product\/customized-ip65-led-filament-festoon-light\/#primaryimage\"},\"thumbnailUrl\":\"https:\/\/www.inno-lite.co.uk\/wp-content\/uploads\/2024\/07\/IP-65-Image.webp\",\"datePublished\":\"2024-07-28T16:13:20+00:00\",\"dateModified\":\"2024-08-14T14:32:20+00:00\",\"breadcrumb\":{\"@id\":\"https:\/\/www.inno-lite.co.uk\/product\/customized-ip65-led-filament-festoon-light\/#breadcrumb\"},\"inLanguage\":\"de\",\"potentialAction\":[{\"@type\":\"ReadAction\",\"target\":[\"https:\/\/www.inno-lite.co.uk\/product\/customized-ip65-led-filament-festoon-light\/\"]}]},{\"@type\":\"ImageObject\",\"inLanguage\":\"de\",\"@id\":\"https:\/\/www.inno-lite.co.uk\/product\/customized-ip65-led-filament-festoon-light\/#primaryimage\",\"url\":\"https:\/\/www.inno-lite.co.uk\/wp-content\/uploads\/2024\/07\/IP-65-Image.webp\",\"contentUrl\":\"https:\/\/www.inno-lite.co.uk\/wp-content\/uploads\/2024\/07\/IP-65-Image.webp\",\"width\":1000,\"height\":1000},{\"@type\":\"BreadcrumbList\",\"@id\":\"https:\/\/www.inno-lite.co.uk\/product\/customized-ip65-led-filament-festoon-light\/#breadcrumb\",\"itemListElement\":[{\"@type\":\"ListItem\",\"position\":1,\"name\":\"Home\",\"item\":\"https:\/\/www.inno-lite.co.uk\/\"},{\"@type\":\"ListItem\",\"position\":2,\"name\":\"Shop\",\"item\":\"https:\/\/www.inno-lite.co.uk\/shop\/\"},{\"@type\":\"ListItem\",\"position\":3,\"name\":\"Customized IP65 LED Filament Festoon Light\"}]},{\"@type\":\"WebSite\",\"@id\":\"https:\/\/www.inno-lite.co.uk\/#website\",\"url\":\"https:\/\/www.inno-lite.co.uk\/\",\"name\":\"Inno Lite\",\"description\":\"\",\"publisher\":{\"@id\":\"https:\/\/www.inno-lite.co.uk\/#organization\"},\"potentialAction\":[{\"@type\":\"SearchAction\",\"target\":{\"@type\":\"EntryPoint\",\"urlTemplate\":\"https:\/\/www.inno-lite.co.uk\/?s={search_term_string}\"},\"query-input\":{\"@type\":\"PropertyValueSpecification\",\"valueRequired\":true,\"valueName\":\"search_term_string\"}}],\"inLanguage\":\"de\"},{\"@type\":\"Organization\",\"@id\":\"https:\/\/www.inno-lite.co.uk\/#organization\",\"name\":\"Inno Lite\",\"url\":\"https:\/\/www.inno-lite.co.uk\/\",\"logo\":{\"@type\":\"ImageObject\",\"inLanguage\":\"de\",\"@id\":\"https:\/\/www.inno-lite.co.uk\/#\/schema\/logo\/image\/\",\"url\":\"https:\/\/www.inno-lite.co.uk\/wp-content\/uploads\/2024\/02\/Inno-Lite-Logo-Draft-Rev.webp\",\"contentUrl\":\"https:\/\/www.inno-lite.co.uk\/wp-content\/uploads\/2024\/02\/Inno-Lite-Logo-Draft-Rev.webp\",\"width\":1400,\"height\":315,\"caption\":\"Inno Lite\"},\"image\":{\"@id\":\"https:\/\/www.inno-lite.co.uk\/#\/schema\/logo\/image\/\"}}]}<\/script>\n<!-- \/ Yoast SEO plugin. -->","yoast_head_json":{"title":"Kundenspezifische IP65 LED-Gl\u00fchfaden-Sofortleuchte - Inno Lite","robots":{"index":"index","follow":"follow","max-snippet":"max-snippet:-1","max-image-preview":"max-image-preview:large","max-video-preview":"max-video-preview:-1"},"canonical":"https:\/\/www.inno-lite.co.uk\/de\/product\/kundenspezifische-ip65-led-gluhfaden-festoon-licht\/","og_locale":"de_DE","og_type":"article","og_title":"Customized IP65 LED Filament Festoon Light - Inno Lite","og_description":"240V or 24V, heavy duty flat rubber cable, double insulated, connectable, customized length, customized lamp spacing, shatterproof lamp, 1W or 2W shatterproof lamp, dimmable, IP65, commercial indoor and outdoor use.  Cable Length: 5 metre, 10 metre, 25 metre, 50 metre, etc  Lamp can be fixed on the cable at customized space, and can be easily replaced as well.  Lamp colour: white, warm white, red, green, blue, yellow, pink  Lamp power: 1 Watt, 2 Watt, 4 Watt","og_url":"https:\/\/www.inno-lite.co.uk\/de\/product\/kundenspezifische-ip65-led-gluhfaden-festoon-licht\/","og_site_name":"Inno Lite","article_modified_time":"2024-08-14T14:32:20+00:00","og_image":[{"width":1000,"height":1000,"url":"https:\/\/www.inno-lite.co.uk\/wp-content\/uploads\/2024\/07\/IP-65-Image.webp","type":"image\/webp"}],"twitter_card":"summary_large_image","twitter_misc":{"Gesch\u00e4tzte Lesezeit":"1\u00a0Minute"},"schema":{"@context":"https:\/\/schema.org","@graph":[{"@type":"WebPage","@id":"https:\/\/www.inno-lite.co.uk\/product\/customized-ip65-led-filament-festoon-light\/","url":"https:\/\/www.inno-lite.co.uk\/product\/customized-ip65-led-filament-festoon-light\/","name":"Kundenspezifische IP65 LED-Gl\u00fchfaden-Sofortleuchte - Inno Lite","isPartOf":{"@id":"https:\/\/www.inno-lite.co.uk\/#website"},"primaryImageOfPage":{"@id":"https:\/\/www.inno-lite.co.uk\/product\/customized-ip65-led-filament-festoon-light\/#primaryimage"},"image":{"@id":"https:\/\/www.inno-lite.co.uk\/product\/customized-ip65-led-filament-festoon-light\/#primaryimage"},"thumbnailUrl":"https:\/\/www.inno-lite.co.uk\/wp-content\/uploads\/2024\/07\/IP-65-Image.webp","datePublished":"2024-07-28T16:13:20+00:00","dateModified":"2024-08-14T14:32:20+00:00","breadcrumb":{"@id":"https:\/\/www.inno-lite.co.uk\/product\/customized-ip65-led-filament-festoon-light\/#breadcrumb"},"inLanguage":"de","potentialAction":[{"@type":"ReadAction","target":["https:\/\/www.inno-lite.co.uk\/product\/customized-ip65-led-filament-festoon-light\/"]}]},{"@type":"ImageObject","inLanguage":"de","@id":"https:\/\/www.inno-lite.co.uk\/product\/customized-ip65-led-filament-festoon-light\/#primaryimage","url":"https:\/\/www.inno-lite.co.uk\/wp-content\/uploads\/2024\/07\/IP-65-Image.webp","contentUrl":"https:\/\/www.inno-lite.co.uk\/wp-content\/uploads\/2024\/07\/IP-65-Image.webp","width":1000,"height":1000},{"@type":"BreadcrumbList","@id":"https:\/\/www.inno-lite.co.uk\/product\/customized-ip65-led-filament-festoon-light\/#breadcrumb","itemListElement":[{"@type":"ListItem","position":1,"name":"Home","item":"https:\/\/www.inno-lite.co.uk\/"},{"@type":"ListItem","position":2,"name":"Shop","item":"https:\/\/www.inno-lite.co.uk\/shop\/"},{"@type":"ListItem","position":3,"name":"Customized IP65 LED Filament Festoon Light"}]},{"@type":"WebSite","@id":"https:\/\/www.inno-lite.co.uk\/#website","url":"https:\/\/www.inno-lite.co.uk\/","name":"Inno Lite","description":"","publisher":{"@id":"https:\/\/www.inno-lite.co.uk\/#organization"},"potentialAction":[{"@type":"SearchAction","target":{"@type":"EntryPoint","urlTemplate":"https:\/\/www.inno-lite.co.uk\/?s={search_term_string}"},"query-input":{"@type":"PropertyValueSpecification","valueRequired":true,"valueName":"search_term_string"}}],"inLanguage":"de"},{"@type":"Organization","@id":"https:\/\/www.inno-lite.co.uk\/#organization","name":"Inno Lite","url":"https:\/\/www.inno-lite.co.uk\/","logo":{"@type":"ImageObject","inLanguage":"de","@id":"https:\/\/www.inno-lite.co.uk\/#\/schema\/logo\/image\/","url":"https:\/\/www.inno-lite.co.uk\/wp-content\/uploads\/2024\/02\/Inno-Lite-Logo-Draft-Rev.webp","contentUrl":"https:\/\/www.inno-lite.co.uk\/wp-content\/uploads\/2024\/02\/Inno-Lite-Logo-Draft-Rev.webp","width":1400,"height":315,"caption":"Inno Lite"},"image":{"@id":"https:\/\/www.inno-lite.co.uk\/#\/schema\/logo\/image\/"}}]}},"_links":{"self":[{"href":"https:\/\/www.inno-lite.co.uk\/de\/wp-json\/wp\/v2\/product\/16147","targetHints":{"allow":["GET"]}}],"collection":[{"href":"https:\/\/www.inno-lite.co.uk\/de\/wp-json\/wp\/v2\/product"}],"about":[{"href":"https:\/\/www.inno-lite.co.uk\/de\/wp-json\/wp\/v2\/types\/product"}],"replies":[{"embeddable":true,"href":"https:\/\/www.inno-lite.co.uk\/de\/wp-json\/wp\/v2\/comments?post=16147"}],"version-history":[{"count":1,"href":"https:\/\/www.inno-lite.co.uk\/de\/wp-json\/wp\/v2\/product\/16147\/revisions"}],"predecessor-version":[{"id":16153,"href":"https:\/\/www.inno-lite.co.uk\/de\/wp-json\/wp\/v2\/product\/16147\/revisions\/16153"}],"wp:featuredmedia":[{"embeddable":true,"href":"https:\/\/www.inno-lite.co.uk\/de\/wp-json\/wp\/v2\/media\/16516"}],"wp:attachment":[{"href":"https:\/\/www.inno-lite.co.uk\/de\/wp-json\/wp\/v2\/media?parent=16147"}],"wp:term":[{"taxonomy":"product_brand","embeddable":true,"href":"https:\/\/www.inno-lite.co.uk\/de\/wp-json\/wp\/v2\/product_brand?post=16147"},{"taxonomy":"product_cat","embeddable":true,"href":"https:\/\/www.inno-lite.co.uk\/de\/wp-json\/wp\/v2\/product_cat?post=16147"},{"taxonomy":"product_tag","embeddable":true,"href":"https:\/\/www.inno-lite.co.uk\/de\/wp-json\/wp\/v2\/product_tag?post=16147"}],"curies":[{"name":"wp","href":"https:\/\/api.w.org\/{rel}","templated":true}]}}