{"id":16139,"date":"2024-07-28T15:50:55","date_gmt":"2024-07-28T15:50:55","guid":{"rendered":"https:\/\/www.inno-lite.co.uk\/?post_type=product&#038;p=16139"},"modified":"2024-08-14T14:28:44","modified_gmt":"2024-08-14T14:28:44","slug":"zweigkugelmotiv","status":"publish","type":"product","link":"https:\/\/www.inno-lite.co.uk\/de\/product\/branch-ball-motif\/","title":{"rendered":"Zweigkugel-Motiv"},"content":{"rendered":"<p><strong>Spezifikation:<\/strong><\/p>\n<table>\n<tbody>\n<tr>\n<td width=\"120\"><strong>Produkt-Code<\/strong><\/td>\n<td width=\"66\"><strong>Spannung<\/strong><\/td>\n<td width=\"58\"><strong>Watt<\/strong><\/td>\n<td width=\"72\"><strong>Gr\u00f6\u00dfe<\/strong><\/td>\n<td width=\"135\"><strong>Farbe der Umh\u00fcllung<\/strong><\/td>\n<td width=\"106\"><strong>LED Farbe<\/strong><\/td>\n<td width=\"44\"><strong>IP<\/strong><\/td>\n<\/tr>\n<tr>\n<td width=\"120\">L-B-30CM-SL\/GD-WH\/WW<\/td>\n<td width=\"66\">24V<\/td>\n<td width=\"58\">3W<\/td>\n<td width=\"72\">30CM<\/td>\n<td width=\"135\">Silber\/Gold\/Schwarz<\/td>\n<td width=\"106\">Wei\u00df oder Warmwei\u00df<\/td>\n<td width=\"44\">IP67<\/td>\n<\/tr>\n<tr>\n<td width=\"120\">L-B-50CM-SL\/GD-WH\/WW<\/td>\n<td width=\"66\">24V<\/td>\n<td width=\"58\">7.5W<\/td>\n<td width=\"72\">50CM<\/td>\n<td width=\"135\">Silber\/Gold\/Schwarz<\/td>\n<td width=\"106\">Wei\u00df oder Warmwei\u00df<\/td>\n<td width=\"44\">IP67<\/td>\n<\/tr>\n<tr>\n<td width=\"120\">L-B-80CM-SL\/GD-WH\/WW<\/td>\n<td width=\"66\">24V<\/td>\n<td width=\"58\">15W<\/td>\n<td width=\"72\">80CM<\/td>\n<td width=\"135\">Silber\/Gold\/Schwarz<\/td>\n<td width=\"106\">Wei\u00df oder Warmwei\u00df<\/td>\n<td width=\"44\">IP67<\/td>\n<\/tr>\n<\/tbody>\n<\/table>","protected":false},"excerpt":{"rendered":"<p>24V, Zweigkugelmotiv, faltbar, Stahlzweig, jeder Zweig ist mit einer Folie in Gold, Silber oder Schwarz umwickelt, jede LED ist mit einer Klebekappe versiegelt, IP67, kommerzieller Einsatz im Innen- und Au\u00dfenbereich, Gr\u00f6\u00dfen von 30cm, 50cm und 80cm Durchmesser, LED-Farbe kann entweder kaltwei\u00df oder warmwei\u00df sein, oder mit 20% wei\u00df blinkenden LEDs.<\/p>\n<p>Sie k\u00f6nnen als Schaufensterdekoration zu Weihnachten, als Baumbeleuchtung, als Aufh\u00e4ngung auf der anderen Stra\u00dfenseite oder als Aufh\u00e4ngung von der Decke im Einkaufszentrum verwendet werden.<\/p>","protected":false},"featured_media":16515,"comment_status":"open","ping_status":"closed","template":"","meta":{"_acf_changed":false},"product_brand":[],"product_cat":[72,76],"product_tag":[],"class_list":{"0":"post-16139","1":"product","2":"type-product","3":"status-publish","4":"has-post-thumbnail","6":"product_cat-festive-lighting","7":"product_cat-uncategorized","9":"first","10":"instock","11":"shipping-taxable","12":"product-type-simple"},"acf":[],"yoast_head":"<!-- This site is optimized with the Yoast SEO plugin v27.2 - https:\/\/yoast.com\/product\/yoast-seo-wordpress\/ -->\n<title>Branch Ball Motif - Inno Lite<\/title>\n<meta name=\"robots\" content=\"index, follow, max-snippet:-1, max-image-preview:large, max-video-preview:-1\" \/>\n<link rel=\"canonical\" href=\"https:\/\/www.inno-lite.co.uk\/de\/product\/zweigkugelmotiv\/\" \/>\n<meta property=\"og:locale\" content=\"de_DE\" \/>\n<meta property=\"og:type\" content=\"article\" \/>\n<meta property=\"og:title\" content=\"Branch Ball Motif - Inno Lite\" \/>\n<meta property=\"og:description\" content=\"24V, branch ball motif, foldable, steel branch, each branch is wrapped by foil colour in gold, silver or black colour, each LED is fully sealed with glue cap, IP67, commercial indoor and outdoor use, sizes from 30cm, 50cm, and 80cm diameter, LED colour can be in either cold white or warm white colour, or with 20% white flashing LEDs.  They can be used for Christmas window display, or lighting up trees, or being hung up across street , or being hung up from the ceiling inside shopping centre.\" \/>\n<meta property=\"og:url\" content=\"https:\/\/www.inno-lite.co.uk\/de\/product\/zweigkugelmotiv\/\" \/>\n<meta property=\"og:site_name\" content=\"Inno Lite\" \/>\n<meta property=\"article:modified_time\" content=\"2024-08-14T14:28:44+00:00\" \/>\n<meta property=\"og:image\" content=\"https:\/\/www.inno-lite.co.uk\/wp-content\/uploads\/2024\/07\/Branch-Ball-Image.webp\" \/>\n\t<meta property=\"og:image:width\" content=\"1000\" \/>\n\t<meta property=\"og:image:height\" content=\"1000\" \/>\n\t<meta property=\"og:image:type\" content=\"image\/webp\" \/>\n<meta name=\"twitter:card\" content=\"summary_large_image\" \/>\n<meta name=\"twitter:label1\" content=\"Gesch\u00e4tzte Lesezeit\" \/>\n\t<meta name=\"twitter:data1\" content=\"1\u00a0Minute\" \/>\n<script type=\"application\/ld+json\" class=\"yoast-schema-graph\">{\"@context\":\"https:\/\/schema.org\",\"@graph\":[{\"@type\":\"WebPage\",\"@id\":\"https:\/\/www.inno-lite.co.uk\/product\/branch-ball-motif\/\",\"url\":\"https:\/\/www.inno-lite.co.uk\/product\/branch-ball-motif\/\",\"name\":\"Branch Ball Motif - Inno Lite\",\"isPartOf\":{\"@id\":\"https:\/\/www.inno-lite.co.uk\/#website\"},\"primaryImageOfPage\":{\"@id\":\"https:\/\/www.inno-lite.co.uk\/product\/branch-ball-motif\/#primaryimage\"},\"image\":{\"@id\":\"https:\/\/www.inno-lite.co.uk\/product\/branch-ball-motif\/#primaryimage\"},\"thumbnailUrl\":\"https:\/\/www.inno-lite.co.uk\/wp-content\/uploads\/2024\/07\/Branch-Ball-Image.webp\",\"datePublished\":\"2024-07-28T15:50:55+00:00\",\"dateModified\":\"2024-08-14T14:28:44+00:00\",\"breadcrumb\":{\"@id\":\"https:\/\/www.inno-lite.co.uk\/product\/branch-ball-motif\/#breadcrumb\"},\"inLanguage\":\"de\",\"potentialAction\":[{\"@type\":\"ReadAction\",\"target\":[\"https:\/\/www.inno-lite.co.uk\/product\/branch-ball-motif\/\"]}]},{\"@type\":\"ImageObject\",\"inLanguage\":\"de\",\"@id\":\"https:\/\/www.inno-lite.co.uk\/product\/branch-ball-motif\/#primaryimage\",\"url\":\"https:\/\/www.inno-lite.co.uk\/wp-content\/uploads\/2024\/07\/Branch-Ball-Image.webp\",\"contentUrl\":\"https:\/\/www.inno-lite.co.uk\/wp-content\/uploads\/2024\/07\/Branch-Ball-Image.webp\",\"width\":1000,\"height\":1000},{\"@type\":\"BreadcrumbList\",\"@id\":\"https:\/\/www.inno-lite.co.uk\/product\/branch-ball-motif\/#breadcrumb\",\"itemListElement\":[{\"@type\":\"ListItem\",\"position\":1,\"name\":\"Home\",\"item\":\"https:\/\/www.inno-lite.co.uk\/\"},{\"@type\":\"ListItem\",\"position\":2,\"name\":\"Shop\",\"item\":\"https:\/\/www.inno-lite.co.uk\/shop\/\"},{\"@type\":\"ListItem\",\"position\":3,\"name\":\"Branch Ball Motif\"}]},{\"@type\":\"WebSite\",\"@id\":\"https:\/\/www.inno-lite.co.uk\/#website\",\"url\":\"https:\/\/www.inno-lite.co.uk\/\",\"name\":\"Inno Lite\",\"description\":\"\",\"publisher\":{\"@id\":\"https:\/\/www.inno-lite.co.uk\/#organization\"},\"potentialAction\":[{\"@type\":\"SearchAction\",\"target\":{\"@type\":\"EntryPoint\",\"urlTemplate\":\"https:\/\/www.inno-lite.co.uk\/?s={search_term_string}\"},\"query-input\":{\"@type\":\"PropertyValueSpecification\",\"valueRequired\":true,\"valueName\":\"search_term_string\"}}],\"inLanguage\":\"de\"},{\"@type\":\"Organization\",\"@id\":\"https:\/\/www.inno-lite.co.uk\/#organization\",\"name\":\"Inno Lite\",\"url\":\"https:\/\/www.inno-lite.co.uk\/\",\"logo\":{\"@type\":\"ImageObject\",\"inLanguage\":\"de\",\"@id\":\"https:\/\/www.inno-lite.co.uk\/#\/schema\/logo\/image\/\",\"url\":\"https:\/\/www.inno-lite.co.uk\/wp-content\/uploads\/2024\/02\/Inno-Lite-Logo-Draft-Rev.webp\",\"contentUrl\":\"https:\/\/www.inno-lite.co.uk\/wp-content\/uploads\/2024\/02\/Inno-Lite-Logo-Draft-Rev.webp\",\"width\":1400,\"height\":315,\"caption\":\"Inno Lite\"},\"image\":{\"@id\":\"https:\/\/www.inno-lite.co.uk\/#\/schema\/logo\/image\/\"}}]}<\/script>\n<!-- \/ Yoast SEO plugin. -->","yoast_head_json":{"title":"Zweigkugel-Motiv - Inno Lite","robots":{"index":"index","follow":"follow","max-snippet":"max-snippet:-1","max-image-preview":"max-image-preview:large","max-video-preview":"max-video-preview:-1"},"canonical":"https:\/\/www.inno-lite.co.uk\/de\/product\/zweigkugelmotiv\/","og_locale":"de_DE","og_type":"article","og_title":"Branch Ball Motif - Inno Lite","og_description":"24V, branch ball motif, foldable, steel branch, each branch is wrapped by foil colour in gold, silver or black colour, each LED is fully sealed with glue cap, IP67, commercial indoor and outdoor use, sizes from 30cm, 50cm, and 80cm diameter, LED colour can be in either cold white or warm white colour, or with 20% white flashing LEDs.  They can be used for Christmas window display, or lighting up trees, or being hung up across street , or being hung up from the ceiling inside shopping centre.","og_url":"https:\/\/www.inno-lite.co.uk\/de\/product\/zweigkugelmotiv\/","og_site_name":"Inno Lite","article_modified_time":"2024-08-14T14:28:44+00:00","og_image":[{"width":1000,"height":1000,"url":"https:\/\/www.inno-lite.co.uk\/wp-content\/uploads\/2024\/07\/Branch-Ball-Image.webp","type":"image\/webp"}],"twitter_card":"summary_large_image","twitter_misc":{"Gesch\u00e4tzte Lesezeit":"1\u00a0Minute"},"schema":{"@context":"https:\/\/schema.org","@graph":[{"@type":"WebPage","@id":"https:\/\/www.inno-lite.co.uk\/product\/branch-ball-motif\/","url":"https:\/\/www.inno-lite.co.uk\/product\/branch-ball-motif\/","name":"Zweigkugel-Motiv - Inno Lite","isPartOf":{"@id":"https:\/\/www.inno-lite.co.uk\/#website"},"primaryImageOfPage":{"@id":"https:\/\/www.inno-lite.co.uk\/product\/branch-ball-motif\/#primaryimage"},"image":{"@id":"https:\/\/www.inno-lite.co.uk\/product\/branch-ball-motif\/#primaryimage"},"thumbnailUrl":"https:\/\/www.inno-lite.co.uk\/wp-content\/uploads\/2024\/07\/Branch-Ball-Image.webp","datePublished":"2024-07-28T15:50:55+00:00","dateModified":"2024-08-14T14:28:44+00:00","breadcrumb":{"@id":"https:\/\/www.inno-lite.co.uk\/product\/branch-ball-motif\/#breadcrumb"},"inLanguage":"de","potentialAction":[{"@type":"ReadAction","target":["https:\/\/www.inno-lite.co.uk\/product\/branch-ball-motif\/"]}]},{"@type":"ImageObject","inLanguage":"de","@id":"https:\/\/www.inno-lite.co.uk\/product\/branch-ball-motif\/#primaryimage","url":"https:\/\/www.inno-lite.co.uk\/wp-content\/uploads\/2024\/07\/Branch-Ball-Image.webp","contentUrl":"https:\/\/www.inno-lite.co.uk\/wp-content\/uploads\/2024\/07\/Branch-Ball-Image.webp","width":1000,"height":1000},{"@type":"BreadcrumbList","@id":"https:\/\/www.inno-lite.co.uk\/product\/branch-ball-motif\/#breadcrumb","itemListElement":[{"@type":"ListItem","position":1,"name":"Home","item":"https:\/\/www.inno-lite.co.uk\/"},{"@type":"ListItem","position":2,"name":"Shop","item":"https:\/\/www.inno-lite.co.uk\/shop\/"},{"@type":"ListItem","position":3,"name":"Branch Ball Motif"}]},{"@type":"WebSite","@id":"https:\/\/www.inno-lite.co.uk\/#website","url":"https:\/\/www.inno-lite.co.uk\/","name":"Inno Lite","description":"","publisher":{"@id":"https:\/\/www.inno-lite.co.uk\/#organization"},"potentialAction":[{"@type":"SearchAction","target":{"@type":"EntryPoint","urlTemplate":"https:\/\/www.inno-lite.co.uk\/?s={search_term_string}"},"query-input":{"@type":"PropertyValueSpecification","valueRequired":true,"valueName":"search_term_string"}}],"inLanguage":"de"},{"@type":"Organization","@id":"https:\/\/www.inno-lite.co.uk\/#organization","name":"Inno Lite","url":"https:\/\/www.inno-lite.co.uk\/","logo":{"@type":"ImageObject","inLanguage":"de","@id":"https:\/\/www.inno-lite.co.uk\/#\/schema\/logo\/image\/","url":"https:\/\/www.inno-lite.co.uk\/wp-content\/uploads\/2024\/02\/Inno-Lite-Logo-Draft-Rev.webp","contentUrl":"https:\/\/www.inno-lite.co.uk\/wp-content\/uploads\/2024\/02\/Inno-Lite-Logo-Draft-Rev.webp","width":1400,"height":315,"caption":"Inno Lite"},"image":{"@id":"https:\/\/www.inno-lite.co.uk\/#\/schema\/logo\/image\/"}}]}},"_links":{"self":[{"href":"https:\/\/www.inno-lite.co.uk\/de\/wp-json\/wp\/v2\/product\/16139","targetHints":{"allow":["GET"]}}],"collection":[{"href":"https:\/\/www.inno-lite.co.uk\/de\/wp-json\/wp\/v2\/product"}],"about":[{"href":"https:\/\/www.inno-lite.co.uk\/de\/wp-json\/wp\/v2\/types\/product"}],"replies":[{"embeddable":true,"href":"https:\/\/www.inno-lite.co.uk\/de\/wp-json\/wp\/v2\/comments?post=16139"}],"version-history":[{"count":2,"href":"https:\/\/www.inno-lite.co.uk\/de\/wp-json\/wp\/v2\/product\/16139\/revisions"}],"predecessor-version":[{"id":16514,"href":"https:\/\/www.inno-lite.co.uk\/de\/wp-json\/wp\/v2\/product\/16139\/revisions\/16514"}],"wp:featuredmedia":[{"embeddable":true,"href":"https:\/\/www.inno-lite.co.uk\/de\/wp-json\/wp\/v2\/media\/16515"}],"wp:attachment":[{"href":"https:\/\/www.inno-lite.co.uk\/de\/wp-json\/wp\/v2\/media?parent=16139"}],"wp:term":[{"taxonomy":"product_brand","embeddable":true,"href":"https:\/\/www.inno-lite.co.uk\/de\/wp-json\/wp\/v2\/product_brand?post=16139"},{"taxonomy":"product_cat","embeddable":true,"href":"https:\/\/www.inno-lite.co.uk\/de\/wp-json\/wp\/v2\/product_cat?post=16139"},{"taxonomy":"product_tag","embeddable":true,"href":"https:\/\/www.inno-lite.co.uk\/de\/wp-json\/wp\/v2\/product_tag?post=16139"}],"curies":[{"name":"wp","href":"https:\/\/api.w.org\/{rel}","templated":true}]}}