{"id":15631,"date":"2024-02-18T17:06:40","date_gmt":"2024-02-18T17:06:40","guid":{"rendered":"https:\/\/inno-lite.co.uk\/?post_type=product&#038;p=15631"},"modified":"2024-08-14T15:32:47","modified_gmt":"2024-08-14T15:32:47","slug":"beerenmutze-rgb-langsam-verblassende-farbwechselnde-leuchtschnur","status":"publish","type":"product","link":"https:\/\/www.inno-lite.co.uk\/de\/product\/berry-cap-rgb-slow-fade-colour-changing-string-light\/","title":{"rendered":"Beerenkappe RGB Langsam verblassende farbwechselnde Lichterkette"},"content":{"rendered":"","protected":false},"excerpt":{"rendered":"<p>240V oder 24V, schwarzes Gummikabel, 10 Meter lang mit 100 oder 50 RGB-LEDs in gro\u00dfer milchiger Kappe, anschlie\u00dfbar, IP65, f\u00fcr den Au\u00dfenbereich. Jede LED wechselt automatisch die Farbe in der Slow-Fade-Funktion, kein Controller erforderlich.<\/p>\n<p><img fetchpriority=\"high\" decoding=\"async\" class=\"alignnone size-large wp-image-16546\" src=\"https:\/\/www.inno-lite.co.uk\/wp-content\/uploads\/2024\/02\/Screenshot-2024-08-14-at-16.19.49-1300x370.png\" alt=\"\" width=\"800\" height=\"228\" srcset=\"https:\/\/www.inno-lite.co.uk\/wp-content\/uploads\/2024\/02\/Screenshot-2024-08-14-at-16.19.49-1300x370.png 1300w, https:\/\/www.inno-lite.co.uk\/wp-content\/uploads\/2024\/02\/Screenshot-2024-08-14-at-16.19.49-400x114.png 400w, https:\/\/www.inno-lite.co.uk\/wp-content\/uploads\/2024\/02\/Screenshot-2024-08-14-at-16.19.49-768x219.png 768w, https:\/\/www.inno-lite.co.uk\/wp-content\/uploads\/2024\/02\/Screenshot-2024-08-14-at-16.19.49-1536x438.png 1536w, https:\/\/www.inno-lite.co.uk\/wp-content\/uploads\/2024\/02\/Screenshot-2024-08-14-at-16.19.49-430x122.png 430w, https:\/\/www.inno-lite.co.uk\/wp-content\/uploads\/2024\/02\/Screenshot-2024-08-14-at-16.19.49-700x199.png 700w, https:\/\/www.inno-lite.co.uk\/wp-content\/uploads\/2024\/02\/Screenshot-2024-08-14-at-16.19.49.png 1678w\" sizes=\"(max-width: 800px) 100vw, 800px\" \/><\/p>","protected":false},"featured_media":15824,"comment_status":"closed","ping_status":"closed","template":"","meta":{"_acf_changed":false},"product_brand":[],"product_cat":[72,74,76],"product_tag":[],"class_list":{"0":"post-15631","1":"product","2":"type-product","3":"status-publish","4":"has-post-thumbnail","6":"product_cat-festive-lighting","7":"product_cat-rgb-lighting","8":"product_cat-uncategorized","10":"first","11":"instock","12":"shipping-taxable","13":"product-type-simple"},"acf":[],"yoast_head":"<!-- This site is optimized with the Yoast SEO plugin v27.2 - https:\/\/yoast.com\/product\/yoast-seo-wordpress\/ -->\n<title>Berry Cap RGB Slow Fade Colour Changing String Light - Inno Lite<\/title>\n<meta name=\"robots\" content=\"index, follow, max-snippet:-1, max-image-preview:large, max-video-preview:-1\" \/>\n<link rel=\"canonical\" href=\"https:\/\/www.inno-lite.co.uk\/de\/product\/beerenmutze-rgb-langsam-verblassende-farbwechselnde-leuchtschnur\/\" \/>\n<meta property=\"og:locale\" content=\"de_DE\" \/>\n<meta property=\"og:type\" content=\"article\" \/>\n<meta property=\"og:title\" content=\"Berry Cap RGB Slow Fade Colour Changing String Light - Inno Lite\" \/>\n<meta property=\"og:description\" content=\"240V or 24V, black rubber cable, 10 metre long with 100 or 50 RGB LEDs in big milky cap, connectable, IP65, outdoor use. Each LED is automatically changing colour in slow fade function, no controller needed.\" \/>\n<meta property=\"og:url\" content=\"https:\/\/www.inno-lite.co.uk\/de\/product\/beerenmutze-rgb-langsam-verblassende-farbwechselnde-leuchtschnur\/\" \/>\n<meta property=\"og:site_name\" content=\"Inno Lite\" \/>\n<meta property=\"article:modified_time\" content=\"2024-08-14T15:32:47+00:00\" \/>\n<meta property=\"og:image\" content=\"https:\/\/www.inno-lite.co.uk\/wp-content\/uploads\/2024\/02\/1-24-1.jpg\" \/>\n\t<meta property=\"og:image:width\" content=\"1000\" \/>\n\t<meta property=\"og:image:height\" content=\"1000\" \/>\n\t<meta property=\"og:image:type\" content=\"image\/jpeg\" \/>\n<meta name=\"twitter:card\" content=\"summary_large_image\" \/>\n<meta name=\"twitter:label1\" content=\"Gesch\u00e4tzte Lesezeit\" \/>\n\t<meta name=\"twitter:data1\" content=\"1\u00a0Minute\" \/>\n<script type=\"application\/ld+json\" class=\"yoast-schema-graph\">{\"@context\":\"https:\/\/schema.org\",\"@graph\":[{\"@type\":\"WebPage\",\"@id\":\"https:\/\/www.inno-lite.co.uk\/product\/berry-cap-rgb-slow-fade-colour-changing-string-light\/\",\"url\":\"https:\/\/www.inno-lite.co.uk\/product\/berry-cap-rgb-slow-fade-colour-changing-string-light\/\",\"name\":\"Berry Cap RGB Slow Fade Colour Changing String Light - Inno Lite\",\"isPartOf\":{\"@id\":\"https:\/\/www.inno-lite.co.uk\/#website\"},\"primaryImageOfPage\":{\"@id\":\"https:\/\/www.inno-lite.co.uk\/product\/berry-cap-rgb-slow-fade-colour-changing-string-light\/#primaryimage\"},\"image\":{\"@id\":\"https:\/\/www.inno-lite.co.uk\/product\/berry-cap-rgb-slow-fade-colour-changing-string-light\/#primaryimage\"},\"thumbnailUrl\":\"https:\/\/www.inno-lite.co.uk\/wp-content\/uploads\/2024\/02\/1-24-1.jpg\",\"datePublished\":\"2024-02-18T17:06:40+00:00\",\"dateModified\":\"2024-08-14T15:32:47+00:00\",\"breadcrumb\":{\"@id\":\"https:\/\/www.inno-lite.co.uk\/product\/berry-cap-rgb-slow-fade-colour-changing-string-light\/#breadcrumb\"},\"inLanguage\":\"de\",\"potentialAction\":[{\"@type\":\"ReadAction\",\"target\":[\"https:\/\/www.inno-lite.co.uk\/product\/berry-cap-rgb-slow-fade-colour-changing-string-light\/\"]}]},{\"@type\":\"ImageObject\",\"inLanguage\":\"de\",\"@id\":\"https:\/\/www.inno-lite.co.uk\/product\/berry-cap-rgb-slow-fade-colour-changing-string-light\/#primaryimage\",\"url\":\"https:\/\/www.inno-lite.co.uk\/wp-content\/uploads\/2024\/02\/1-24-1.jpg\",\"contentUrl\":\"https:\/\/www.inno-lite.co.uk\/wp-content\/uploads\/2024\/02\/1-24-1.jpg\",\"width\":1000,\"height\":1000},{\"@type\":\"BreadcrumbList\",\"@id\":\"https:\/\/www.inno-lite.co.uk\/product\/berry-cap-rgb-slow-fade-colour-changing-string-light\/#breadcrumb\",\"itemListElement\":[{\"@type\":\"ListItem\",\"position\":1,\"name\":\"Home\",\"item\":\"https:\/\/www.inno-lite.co.uk\/\"},{\"@type\":\"ListItem\",\"position\":2,\"name\":\"Shop\",\"item\":\"https:\/\/www.inno-lite.co.uk\/shop\/\"},{\"@type\":\"ListItem\",\"position\":3,\"name\":\"Berry Cap RGB Slow Fade Colour Changing String Light\"}]},{\"@type\":\"WebSite\",\"@id\":\"https:\/\/www.inno-lite.co.uk\/#website\",\"url\":\"https:\/\/www.inno-lite.co.uk\/\",\"name\":\"Inno Lite\",\"description\":\"\",\"publisher\":{\"@id\":\"https:\/\/www.inno-lite.co.uk\/#organization\"},\"potentialAction\":[{\"@type\":\"SearchAction\",\"target\":{\"@type\":\"EntryPoint\",\"urlTemplate\":\"https:\/\/www.inno-lite.co.uk\/?s={search_term_string}\"},\"query-input\":{\"@type\":\"PropertyValueSpecification\",\"valueRequired\":true,\"valueName\":\"search_term_string\"}}],\"inLanguage\":\"de\"},{\"@type\":\"Organization\",\"@id\":\"https:\/\/www.inno-lite.co.uk\/#organization\",\"name\":\"Inno Lite\",\"url\":\"https:\/\/www.inno-lite.co.uk\/\",\"logo\":{\"@type\":\"ImageObject\",\"inLanguage\":\"de\",\"@id\":\"https:\/\/www.inno-lite.co.uk\/#\/schema\/logo\/image\/\",\"url\":\"https:\/\/www.inno-lite.co.uk\/wp-content\/uploads\/2024\/02\/Inno-Lite-Logo-Draft-Rev.webp\",\"contentUrl\":\"https:\/\/www.inno-lite.co.uk\/wp-content\/uploads\/2024\/02\/Inno-Lite-Logo-Draft-Rev.webp\",\"width\":1400,\"height\":315,\"caption\":\"Inno Lite\"},\"image\":{\"@id\":\"https:\/\/www.inno-lite.co.uk\/#\/schema\/logo\/image\/\"}}]}<\/script>\n<!-- \/ Yoast SEO plugin. -->","yoast_head_json":{"title":"Beerenkappe RGB Langsam verblassende farbwechselnde Lichterkette - Inno Lite","robots":{"index":"index","follow":"follow","max-snippet":"max-snippet:-1","max-image-preview":"max-image-preview:large","max-video-preview":"max-video-preview:-1"},"canonical":"https:\/\/www.inno-lite.co.uk\/de\/product\/beerenmutze-rgb-langsam-verblassende-farbwechselnde-leuchtschnur\/","og_locale":"de_DE","og_type":"article","og_title":"Berry Cap RGB Slow Fade Colour Changing String Light - Inno Lite","og_description":"240V or 24V, black rubber cable, 10 metre long with 100 or 50 RGB LEDs in big milky cap, connectable, IP65, outdoor use. Each LED is automatically changing colour in slow fade function, no controller needed.","og_url":"https:\/\/www.inno-lite.co.uk\/de\/product\/beerenmutze-rgb-langsam-verblassende-farbwechselnde-leuchtschnur\/","og_site_name":"Inno Lite","article_modified_time":"2024-08-14T15:32:47+00:00","og_image":[{"width":1000,"height":1000,"url":"https:\/\/www.inno-lite.co.uk\/wp-content\/uploads\/2024\/02\/1-24-1.jpg","type":"image\/jpeg"}],"twitter_card":"summary_large_image","twitter_misc":{"Gesch\u00e4tzte Lesezeit":"1\u00a0Minute"},"schema":{"@context":"https:\/\/schema.org","@graph":[{"@type":"WebPage","@id":"https:\/\/www.inno-lite.co.uk\/product\/berry-cap-rgb-slow-fade-colour-changing-string-light\/","url":"https:\/\/www.inno-lite.co.uk\/product\/berry-cap-rgb-slow-fade-colour-changing-string-light\/","name":"Beerenkappe RGB Langsam verblassende farbwechselnde Lichterkette - Inno Lite","isPartOf":{"@id":"https:\/\/www.inno-lite.co.uk\/#website"},"primaryImageOfPage":{"@id":"https:\/\/www.inno-lite.co.uk\/product\/berry-cap-rgb-slow-fade-colour-changing-string-light\/#primaryimage"},"image":{"@id":"https:\/\/www.inno-lite.co.uk\/product\/berry-cap-rgb-slow-fade-colour-changing-string-light\/#primaryimage"},"thumbnailUrl":"https:\/\/www.inno-lite.co.uk\/wp-content\/uploads\/2024\/02\/1-24-1.jpg","datePublished":"2024-02-18T17:06:40+00:00","dateModified":"2024-08-14T15:32:47+00:00","breadcrumb":{"@id":"https:\/\/www.inno-lite.co.uk\/product\/berry-cap-rgb-slow-fade-colour-changing-string-light\/#breadcrumb"},"inLanguage":"de","potentialAction":[{"@type":"ReadAction","target":["https:\/\/www.inno-lite.co.uk\/product\/berry-cap-rgb-slow-fade-colour-changing-string-light\/"]}]},{"@type":"ImageObject","inLanguage":"de","@id":"https:\/\/www.inno-lite.co.uk\/product\/berry-cap-rgb-slow-fade-colour-changing-string-light\/#primaryimage","url":"https:\/\/www.inno-lite.co.uk\/wp-content\/uploads\/2024\/02\/1-24-1.jpg","contentUrl":"https:\/\/www.inno-lite.co.uk\/wp-content\/uploads\/2024\/02\/1-24-1.jpg","width":1000,"height":1000},{"@type":"BreadcrumbList","@id":"https:\/\/www.inno-lite.co.uk\/product\/berry-cap-rgb-slow-fade-colour-changing-string-light\/#breadcrumb","itemListElement":[{"@type":"ListItem","position":1,"name":"Home","item":"https:\/\/www.inno-lite.co.uk\/"},{"@type":"ListItem","position":2,"name":"Shop","item":"https:\/\/www.inno-lite.co.uk\/shop\/"},{"@type":"ListItem","position":3,"name":"Berry Cap RGB Slow Fade Colour Changing String Light"}]},{"@type":"WebSite","@id":"https:\/\/www.inno-lite.co.uk\/#website","url":"https:\/\/www.inno-lite.co.uk\/","name":"Inno Lite","description":"","publisher":{"@id":"https:\/\/www.inno-lite.co.uk\/#organization"},"potentialAction":[{"@type":"SearchAction","target":{"@type":"EntryPoint","urlTemplate":"https:\/\/www.inno-lite.co.uk\/?s={search_term_string}"},"query-input":{"@type":"PropertyValueSpecification","valueRequired":true,"valueName":"search_term_string"}}],"inLanguage":"de"},{"@type":"Organization","@id":"https:\/\/www.inno-lite.co.uk\/#organization","name":"Inno Lite","url":"https:\/\/www.inno-lite.co.uk\/","logo":{"@type":"ImageObject","inLanguage":"de","@id":"https:\/\/www.inno-lite.co.uk\/#\/schema\/logo\/image\/","url":"https:\/\/www.inno-lite.co.uk\/wp-content\/uploads\/2024\/02\/Inno-Lite-Logo-Draft-Rev.webp","contentUrl":"https:\/\/www.inno-lite.co.uk\/wp-content\/uploads\/2024\/02\/Inno-Lite-Logo-Draft-Rev.webp","width":1400,"height":315,"caption":"Inno Lite"},"image":{"@id":"https:\/\/www.inno-lite.co.uk\/#\/schema\/logo\/image\/"}}]}},"_links":{"self":[{"href":"https:\/\/www.inno-lite.co.uk\/de\/wp-json\/wp\/v2\/product\/15631","targetHints":{"allow":["GET"]}}],"collection":[{"href":"https:\/\/www.inno-lite.co.uk\/de\/wp-json\/wp\/v2\/product"}],"about":[{"href":"https:\/\/www.inno-lite.co.uk\/de\/wp-json\/wp\/v2\/types\/product"}],"replies":[{"embeddable":true,"href":"https:\/\/www.inno-lite.co.uk\/de\/wp-json\/wp\/v2\/comments?post=15631"}],"version-history":[{"count":2,"href":"https:\/\/www.inno-lite.co.uk\/de\/wp-json\/wp\/v2\/product\/15631\/revisions"}],"predecessor-version":[{"id":16547,"href":"https:\/\/www.inno-lite.co.uk\/de\/wp-json\/wp\/v2\/product\/15631\/revisions\/16547"}],"wp:featuredmedia":[{"embeddable":true,"href":"https:\/\/www.inno-lite.co.uk\/de\/wp-json\/wp\/v2\/media\/15824"}],"wp:attachment":[{"href":"https:\/\/www.inno-lite.co.uk\/de\/wp-json\/wp\/v2\/media?parent=15631"}],"wp:term":[{"taxonomy":"product_brand","embeddable":true,"href":"https:\/\/www.inno-lite.co.uk\/de\/wp-json\/wp\/v2\/product_brand?post=15631"},{"taxonomy":"product_cat","embeddable":true,"href":"https:\/\/www.inno-lite.co.uk\/de\/wp-json\/wp\/v2\/product_cat?post=15631"},{"taxonomy":"product_tag","embeddable":true,"href":"https:\/\/www.inno-lite.co.uk\/de\/wp-json\/wp\/v2\/product_tag?post=15631"}],"curies":[{"name":"wp","href":"https:\/\/api.w.org\/{rel}","templated":true}]}}